{"id":1624,"date":"2024-06-29T01:09:51","date_gmt":"2024-06-29T01:09:51","guid":{"rendered":"https:\/\/touchscreenmfg.com\/?post_type=product&#038;p=1624"},"modified":"2024-06-29T02:07:12","modified_gmt":"2024-06-29T02:07:12","slug":"8-wire-resistive-touch-screens","status":"publish","type":"product","link":"https:\/\/touchscreenmfg.com\/es\/8-wire-resistive-touch-screens\/","title":{"rendered":"Pantallas t\u00e1ctiles resistivas de 8 hilos"},"content":{"rendered":"<h2 class=\"\" data-sourcepos=\"1:1-1:78\">Pantallas t\u00e1ctiles resistivas de 8 hilos: Precisi\u00f3n mejorada para monitores t\u00e1ctiles<\/h2>\n<p data-sourcepos=\"3:1-3:106\">Las pantallas t\u00e1ctiles resistivas de 8 hilos elevan la experiencia de interacci\u00f3n t\u00e1ctil de los monitores t\u00e1ctiles, ofreciendo mayor precisi\u00f3n, durabilidad y asequibilidad. Estas avanzadas pantallas t\u00e1ctiles emplean un dise\u00f1o exclusivo con hilos sensores adicionales, lo que proporciona varias ventajas con respecto a las pantallas t\u00e1ctiles resistivas tradicionales de 4 hilos.<\/p>\n<p data-sourcepos=\"5:1-5:51\"><strong>Caracter\u00edsticas principales de las pantallas t\u00e1ctiles resistivas de 8 hilos:<\/strong><\/p>\n<ul data-sourcepos=\"7:1-7:94\">\n<li data-sourcepos=\"7:1-7:94\">\n<p data-sourcepos=\"7:3-7:186\"><strong>Precisi\u00f3n superior:<\/strong> Los hilos sensores adicionales de las pantallas t\u00e1ctiles resistivas de 8 hilos permiten una detecci\u00f3n t\u00e1ctil m\u00e1s precisa, lo que se traduce en una experiencia t\u00e1ctil m\u00e1s precisa y sensible.<\/p>\n<\/li>\n<li data-sourcepos=\"9:1-9:103\">\n<p data-sourcepos=\"9:3-9:103\"><strong>Distorsi\u00f3n de bordes reducida:<\/strong> Los cables adicionales ayudan a compensar la distorsi\u00f3n de los bordes, un problema habitual en los monitores t\u00e1ctiles de mayor tama\u00f1o, garantizando una precisi\u00f3n t\u00e1ctil uniforme en toda la pantalla.<\/p>\n<\/li>\n<li data-sourcepos=\"11:1-12:0\">\n<p data-sourcepos=\"11:3-11:164\"><strong>Rendimiento estable:<\/strong> Las pantallas t\u00e1ctiles resistivas de 8 hilos ofrecen un rendimiento estable incluso en entornos dif\u00edciles, como aquellos con mucha luz ambiental o polvo.<\/p>\n<\/li>\n<li data-sourcepos=\"13:1-14:0\">\n<p data-sourcepos=\"13:3-13:168\"><strong>Soluci\u00f3n rentable:<\/strong> En comparaci\u00f3n con las pantallas t\u00e1ctiles capacitivas, las pantallas t\u00e1ctiles resistivas de 8 hilos ofrecen una soluci\u00f3n m\u00e1s rentable para los monitores t\u00e1ctiles de gran tama\u00f1o.<\/p>\n<\/li>\n<\/ul>\n<p data-sourcepos=\"15:1-15:51\"><strong>Aplicaciones de las pantallas t\u00e1ctiles resistivas de 8 hilos:<\/strong><\/p>\n<ul data-sourcepos=\"17:1-17:32\">\n<li data-sourcepos=\"17:1-17:32\">\n<p class=\"\" data-sourcepos=\"17:3-17:213\"><strong class=\"\">Paneles planos interactivos:<\/strong> Las pantallas t\u00e1ctiles resistivas de 8 hilos son ideales para paneles planos interactivos utilizados en salas de conferencias, aulas y espacios p\u00fablicos, lo que permite colaborar y compartir informaci\u00f3n sin problemas.<\/p>\n<\/li>\n<li data-sourcepos=\"19:1-20:0\">\n<p data-sourcepos=\"19:3-19:180\"><strong>Sistemas de control industrial:<\/strong> En entornos industriales, las pantallas t\u00e1ctiles resistivas de 8 hilos ofrecen una soluci\u00f3n fiable y duradera para controlar la maquinaria y supervisar los procesos.<\/p>\n<\/li>\n<li data-sourcepos=\"21:1-22:0\">\n<p data-sourcepos=\"21:3-21:217\"><strong>Quioscos de venta al por menor y hosteler\u00eda:<\/strong> Las pantallas t\u00e1ctiles resistivas de 8 hilos mejoran los quioscos de autoservicio en entornos minoristas y de hosteler\u00eda, permitiendo a los clientes acceder f\u00e1cilmente a la informaci\u00f3n, realizar pedidos y efectuar pagos.<\/p>\n<\/li>\n<li data-sourcepos=\"23:1-24:0\">\n<p data-sourcepos=\"23:3-23:208\"><strong>Exposiciones educativas:<\/strong> Las pantallas t\u00e1ctiles resistivas de 8 hilos facilitan las experiencias de aprendizaje interactivo en entornos educativos, haciendo que los alumnos participen en actividades t\u00e1ctiles y mejorando su comprensi\u00f3n.<\/p>\n<\/li>\n<\/ul>","protected":false},"excerpt":{"rendered":"<p>Las pantallas t\u00e1ctiles resistivas de 8 hilos ofrecen una convincente combinaci\u00f3n de precisi\u00f3n, durabilidad y asequibilidad, lo que las convierte en la opci\u00f3n preferida para una amplia gama de aplicaciones de monitores t\u00e1ctiles. Proporcionan una soluci\u00f3n fiable y rentable para pantallas interactivas, mejorando la participaci\u00f3n del usuario y la productividad en diversos entornos.<\/p>","protected":false},"featured_media":1550,"template":"","meta":[],"product_cat":[41],"product_tag":[],"_links":{"self":[{"href":"https:\/\/touchscreenmfg.com\/es\/wp-json\/wp\/v2\/product\/1624"}],"collection":[{"href":"https:\/\/touchscreenmfg.com\/es\/wp-json\/wp\/v2\/product"}],"about":[{"href":"https:\/\/touchscreenmfg.com\/es\/wp-json\/wp\/v2\/types\/product"}],"wp:featuredmedia":[{"embeddable":true,"href":"https:\/\/touchscreenmfg.com\/es\/wp-json\/wp\/v2\/media\/1550"}],"wp:attachment":[{"href":"https:\/\/touchscreenmfg.com\/es\/wp-json\/wp\/v2\/media?parent=1624"}],"wp:term":[{"taxonomy":"product_cat","embeddable":true,"href":"https:\/\/touchscreenmfg.com\/es\/wp-json\/wp\/v2\/product_cat?post=1624"},{"taxonomy":"product_tag","embeddable":true,"href":"https:\/\/touchscreenmfg.com\/es\/wp-json\/wp\/v2\/product_tag?post=1624"}],"curies":[{"name":"wp","href":"https:\/\/api.w.org\/{rel}","templated":true}]}}