{"id":1621,"date":"2024-06-29T01:06:11","date_gmt":"2024-06-29T01:06:11","guid":{"rendered":"https:\/\/touchscreenmfg.com\/manufacturer\/pdp-display-cover-glass\/"},"modified":"2024-06-29T02:20:27","modified_gmt":"2024-06-29T02:20:27","slug":"pdp-display-cover-glass","status":"publish","type":"product","link":"https:\/\/touchscreenmfg.com\/es\/pdp-display-cover-glass\/","title":{"rendered":"Tapa de cristal de la pantalla PDP"},"content":{"rendered":"<p data-sourcepos=\"3:1-3:86\"><strong>Proteja la pantalla de su PDP de ara\u00f1azos, reflejos y da\u00f1os<\/strong><\/p>\n<p data-sourcepos=\"5:1-5:157\">PDP Display Cover Glass es una capa protectora dise\u00f1ada espec\u00edficamente para la pantalla de los dispositivos de juego PDP. Podr\u00eda ofrecer las siguientes caracter\u00edsticas:<\/p>\n<ul data-sourcepos=\"7:1-7:36\">\n<li data-sourcepos=\"7:1-7:36\">\n<p class=\"\" data-sourcepos=\"7:3-7:285\"><strong class=\"\">Resistencia a ara\u00f1azos e impactos:<\/strong> Al igual que un protector de pantalla de cristal templado, un protector de pantalla PDP tiene como objetivo proteger la pantalla de ara\u00f1azos, rasgu\u00f1os e impactos accidentales. Esto es particularmente importante para los dispositivos de juego port\u00e1tiles que son m\u00e1s propensos a golpes y ca\u00eddas.<\/p>\n<\/li>\n<li data-sourcepos=\"9:1-10:0\">\n<p data-sourcepos=\"9:3-9:168\"><strong>Mayor claridad:<\/strong> Un cristal de cubierta de pantalla PDP de alta calidad debe mantener una claridad \u00f3ptica excelente, garantizando que los visuales de juego permanezcan n\u00edtidos y sin distorsiones.<\/p>\n<\/li>\n<li data-sourcepos=\"11:1-12:0\">\n<p data-sourcepos=\"11:3-11:242\"><strong>Resistencia al deslumbramiento:<\/strong> Si el dispositivo de juego PDP tiene una pantalla brillante, un cristal protector de pantalla PDP resistente a los reflejos podr\u00eda ayudar a minimizar los reflejos de las fuentes de luz ambiental, mejorando la visibilidad de la pantalla, especialmente en entornos muy iluminados.<\/p>\n<\/li>\n<li data-sourcepos=\"13:1-13:44\">\n<p data-sourcepos=\"13:3-13:44\"><strong>Compatibilidad t\u00e1ctil:<\/strong> Si el dispositivo de juego PDP tiene una pantalla t\u00e1ctil, el cristal de la cubierta debe estar dise\u00f1ado para ser compatible con el tacto, lo que permite una interacci\u00f3n perfecta con la pantalla t\u00e1ctil.<\/p>\n<\/li>\n<\/ul>","protected":false},"excerpt":{"rendered":"<p>PDP Display Cover Glass podr\u00eda ser un accesorio valioso para los jugadores que desean proteger la pantalla de su dispositivo y mantener una experiencia de juego \u00f3ptima.<\/p>","protected":false},"featured_media":1582,"template":"","meta":[],"product_cat":[15],"product_tag":[],"_links":{"self":[{"href":"https:\/\/touchscreenmfg.com\/es\/wp-json\/wp\/v2\/product\/1621"}],"collection":[{"href":"https:\/\/touchscreenmfg.com\/es\/wp-json\/wp\/v2\/product"}],"about":[{"href":"https:\/\/touchscreenmfg.com\/es\/wp-json\/wp\/v2\/types\/product"}],"wp:featuredmedia":[{"embeddable":true,"href":"https:\/\/touchscreenmfg.com\/es\/wp-json\/wp\/v2\/media\/1582"}],"wp:attachment":[{"href":"https:\/\/touchscreenmfg.com\/es\/wp-json\/wp\/v2\/media?parent=1621"}],"wp:term":[{"taxonomy":"product_cat","embeddable":true,"href":"https:\/\/touchscreenmfg.com\/es\/wp-json\/wp\/v2\/product_cat?post=1621"},{"taxonomy":"product_tag","embeddable":true,"href":"https:\/\/touchscreenmfg.com\/es\/wp-json\/wp\/v2\/product_tag?post=1621"}],"curies":[{"name":"wp","href":"https:\/\/api.w.org\/{rel}","templated":true}]}}