{"id":1620,"date":"2024-06-29T01:06:11","date_gmt":"2024-06-29T01:06:11","guid":{"rendered":"https:\/\/touchscreenmfg.com\/manufacturer\/anti-reflective-glass\/"},"modified":"2024-06-29T02:25:34","modified_gmt":"2024-06-29T02:25:34","slug":"anti-reflective-glass","status":"publish","type":"product","link":"https:\/\/touchscreenmfg.com\/es\/anti-reflective-glass\/","title":{"rendered":"Cristal antirreflejos"},"content":{"rendered":"<h2 class=\"\" data-sourcepos=\"1:1-1:93\">Cristal antirreflejos: Mejora de la claridad y reducci\u00f3n del deslumbramiento para una experiencia visual superior<\/h2>\n<p data-sourcepos=\"3:1-3:52\">El vidrio antirreflectante, tambi\u00e9n conocido como vidrio antideslumbrante o vidrio antirreflectante, es un tipo de vidrio tratado con un revestimiento especial para minimizar los reflejos y mejorar la transmisi\u00f3n de la luz. Este revestimiento interrumpe la reflexi\u00f3n de las ondas de luz, reduciendo la cantidad de reflejos y deslumbramientos no deseados que pueden impedir una visi\u00f3n clara.<\/p>\n<p data-sourcepos=\"5:1-5:42\"><strong>Caracter\u00edsticas principales del cristal antirreflejos:<\/strong><\/p>\n<ul data-sourcepos=\"7:1-7:23\">\n<li data-sourcepos=\"7:1-7:23\">\n<p data-sourcepos=\"7:3-7:165\"><strong>Mayor claridad:<\/strong> El cristal AR reduce significativamente los reflejos de la superficie, lo que permite una visi\u00f3n m\u00e1s clara y precisa de los objetos o im\u00e1genes que se encuentran detr\u00e1s del cristal.<\/p>\n<\/li>\n<li data-sourcepos=\"9:1-9:46\">\n<p data-sourcepos=\"9:3-9:46\"><strong>Reducci\u00f3n de la fatiga ocular:<\/strong> Al minimizar el deslumbramiento, el vidrio AR ayuda a reducir la fatiga ocular, haciendo m\u00e1s c\u00f3moda la visi\u00f3n de pantallas, expositores y otras superficies acristaladas durante periodos prolongados.<\/p>\n<\/li>\n<li data-sourcepos=\"11:1-12:0\">\n<p data-sourcepos=\"11:3-11:135\"><strong>Calidad de imagen mejorada:<\/strong> El cristal AR mejora la calidad general de la imagen al reducir los reflejos que pueden distorsionar u oscurecer la visi\u00f3n.<\/p>\n<\/li>\n<\/ul>\n<p data-sourcepos=\"13:1-13:42\"><strong>Aplicaciones del vidrio antirreflejante:<\/strong><\/p>\n<ul data-sourcepos=\"15:1-17:28\">\n<li data-sourcepos=\"15:1-16:0\">\n<p data-sourcepos=\"15:3-15:165\"><strong>Gafas:<\/strong> Los tratamientos antirreflejantes se utilizan habitualmente en gafas de vista y de sol para reducir el resplandor de la luz solar, los faros y otras fuentes, mejorando la visi\u00f3n y la comodidad.<\/p>\n<\/li>\n<li data-sourcepos=\"17:1-17:28\">\n<p data-sourcepos=\"17:3-17:28\"><strong>Dispositivos electr\u00f3nicos:<\/strong> El cristal AR se utiliza ampliamente en tel\u00e9fonos inteligentes, tabletas, ordenadores port\u00e1tiles y otros dispositivos electr\u00f3nicos para mejorar la claridad de la pantalla y reducir la fatiga visual.<\/p>\n<\/li>\n<li data-sourcepos=\"19:1-20:0\">\n<p data-sourcepos=\"19:3-19:163\"><strong>Exposiciones en museos y galer\u00edas:<\/strong> El vidrio AR se emplea en exposiciones de museos y galer\u00edas para proteger las obras de arte de los reflejos y ofrecer una visi\u00f3n m\u00e1s clara a los visitantes.<\/p>\n<\/li>\n<li data-sourcepos=\"21:1-22:0\">\n<p data-sourcepos=\"21:3-21:157\"><strong>Aplicaciones arquitect\u00f3nicas:<\/strong> El vidrio AR puede utilizarse en ventanas, claraboyas y otros elementos arquitect\u00f3nicos para reducir el deslumbramiento y mejorar la eficiencia energ\u00e9tica.<\/p>\n<\/li>\n<\/ul>\n<p data-sourcepos=\"23:1-23:316\"><strong>Cristal templado antirreflejos<\/strong> es un tipo de vidrio AR que tambi\u00e9n se refuerza mediante un proceso de templado, haci\u00e9ndolo m\u00e1s resistente a roturas y ara\u00f1azos. Esta combinaci\u00f3n de propiedades antirreflectantes y protectoras lo convierte en una opci\u00f3n ideal para aplicaciones en las que tanto la claridad como la durabilidad son esenciales.<\/p>\n<p data-sourcepos=\"25:1-25:141\"><strong>Cristal antirreflejos<\/strong> es otro t\u00e9rmino para el vidrio antirreflectante. A menudo se utiliza indistintamente con \"vidrio AR\" y \"vidrio antirreflectante\".<\/p>","protected":false},"excerpt":{"rendered":"<p>El vidrio antirreflectante es una valiosa tecnolog\u00eda que ofrece importantes ventajas para diversas aplicaciones. Aumenta la claridad, reduce el deslumbramiento y mejora la est\u00e9tica, por lo que es la opci\u00f3n preferida para situaciones en las que la visibilidad \u00f3ptima y la experiencia del usuario son esenciales.<\/p>","protected":false},"featured_media":1581,"template":"","meta":[],"product_cat":[15],"product_tag":[],"_links":{"self":[{"href":"https:\/\/touchscreenmfg.com\/es\/wp-json\/wp\/v2\/product\/1620"}],"collection":[{"href":"https:\/\/touchscreenmfg.com\/es\/wp-json\/wp\/v2\/product"}],"about":[{"href":"https:\/\/touchscreenmfg.com\/es\/wp-json\/wp\/v2\/types\/product"}],"wp:featuredmedia":[{"embeddable":true,"href":"https:\/\/touchscreenmfg.com\/es\/wp-json\/wp\/v2\/media\/1581"}],"wp:attachment":[{"href":"https:\/\/touchscreenmfg.com\/es\/wp-json\/wp\/v2\/media?parent=1620"}],"wp:term":[{"taxonomy":"product_cat","embeddable":true,"href":"https:\/\/touchscreenmfg.com\/es\/wp-json\/wp\/v2\/product_cat?post=1620"},{"taxonomy":"product_tag","embeddable":true,"href":"https:\/\/touchscreenmfg.com\/es\/wp-json\/wp\/v2\/product_tag?post=1620"}],"curies":[{"name":"wp","href":"https:\/\/api.w.org\/{rel}","templated":true}]}}