{"id":1619,"date":"2024-06-29T01:06:11","date_gmt":"2024-06-29T01:06:11","guid":{"rendered":"https:\/\/touchscreenmfg.com\/manufacturer\/aio-pc-cover-glass\/"},"modified":"2024-06-29T02:32:50","modified_gmt":"2024-06-29T02:32:50","slug":"aio-pc-cover-glass","status":"publish","type":"product","link":"https:\/\/touchscreenmfg.com\/es\/aio-pc-cover-glass\/","title":{"rendered":"Cubierta de cristal para PC AIO"},"content":{"rendered":"<h2 class=\"\" data-sourcepos=\"3:1-3:89\">Cubierta de cristal para PC AIO: Eleve la est\u00e9tica de su PC AIO con una protecci\u00f3n elegante y con estilo.<\/h2>\n<p data-sourcepos=\"5:1-5:54\">AIO PC Cover Glass, tambi\u00e9n conocido como 3D Cover Glass, es un panel de cristal de primera calidad dise\u00f1ado para mejorar el aspecto y proteger su PC All-in-One (AIO). Estas elegantes cubiertas de cristal ofrecen una combinaci\u00f3n \u00fanica de atractivo est\u00e9tico y ventajas funcionales, transformando su PC AIO en la pieza central de su espacio de trabajo o de su sistema de entretenimiento dom\u00e9stico.<\/p>\n<p data-sourcepos=\"7:1-7:39\"><strong>Caracter\u00edsticas principales :<\/strong><\/p>\n<ul data-sourcepos=\"9:1-9:9\">\n<li data-sourcepos=\"9:1-9:9\">\n<p data-sourcepos=\"9:3-9:199\"><strong>Dise\u00f1o elegante y moderno:<\/strong> AIO PC Cover Glass presenta un dise\u00f1o elegante y moderno que complementa la est\u00e9tica minimalista de los PC AIO, a\u00f1adiendo un toque de elegancia y sofisticaci\u00f3n a su configuraci\u00f3n.<\/p>\n<\/li>\n<li data-sourcepos=\"11:1-12:0\">\n<p data-sourcepos=\"11:3-11:189\"><strong>Mayor atractivo visual:<\/strong> El cristal transparente permite que los componentes internos de su PC AIO brillen a trav\u00e9s de \u00e9l, creando un efecto visual impresionante que muestra la tecnolog\u00eda que contiene.<\/p>\n<\/li>\n<li data-sourcepos=\"13:1-13:125\">\n<p data-sourcepos=\"13:3-13:125\"><strong>Dise\u00f1o de bordes en 3D:<\/strong> Muchos paneles AIO PC Cover Glass presentan un dise\u00f1o de bordes 3D que se curva con gracia alrededor de los bordes de su PC AIO, proporcionando un aspecto suave y refinado.<\/p>\n<\/li>\n<li data-sourcepos=\"15:1-16:0\">\n<p data-sourcepos=\"15:3-15:211\"><strong>Resistencia a ara\u00f1azos e impactos:<\/strong> Suele estar hecho de vidrio templado, que es muy resistente a ara\u00f1azos, impactos y huellas dactilares, lo que garantiza una protecci\u00f3n duradera para su PC AIO.<\/p>\n<\/li>\n<\/ul>\n<p data-sourcepos=\"17:1-17:39\"><strong>Aplicaciones:<\/strong><\/p>\n<ul data-sourcepos=\"19:1-24:0\">\n<li data-sourcepos=\"19:1-20:0\">\n<p data-sourcepos=\"19:3-19:171\"><strong>PCs AIO:<\/strong> La cubierta de cristal para PC AIO est\u00e1 dise\u00f1ada espec\u00edficamente para PC AIO, proporcionando un ajuste perfecto y mejorando el aspecto general de estos ordenadores de sobremesa compactos.<\/p>\n<\/li>\n<li data-sourcepos=\"21:1-22:0\">\n<p data-sourcepos=\"21:3-21:207\"><strong>Centros de entretenimiento para el hogar:<\/strong> Los PC AIO se utilizan a menudo como parte de los centros de entretenimiento dom\u00e9sticos, y pueden elevar el atractivo est\u00e9tico de estas configuraciones, convirti\u00e9ndolas en un punto focal de la habitaci\u00f3n.<\/p>\n<\/li>\n<li data-sourcepos=\"23:1-24:0\">\n<p data-sourcepos=\"23:3-23:174\"><strong>Espacios de trabajo:<\/strong> Los PC AIO tambi\u00e9n son cada vez m\u00e1s populares en los espacios de trabajo, y AIO PC Cover Glass puede a\u00f1adir un toque de profesionalidad y estilo a cualquier entorno de oficina.<\/p>\n<\/li>\n<\/ul>","protected":false},"excerpt":{"rendered":"<p>AIO PC Cover Glass es un valioso complemento para cualquier PC AIO, ya que ofrece una combinaci\u00f3n de mejora est\u00e9tica y protecci\u00f3n funcional. Con su elegante dise\u00f1o, detalles en 3D en los bordes y propiedades de resistencia a los ara\u00f1azos, AIO PC Cover Glass transforma su PC AIO en una pieza elegante y protegida.<\/p>","protected":false},"featured_media":1580,"template":"","meta":[],"product_cat":[15],"product_tag":[],"_links":{"self":[{"href":"https:\/\/touchscreenmfg.com\/es\/wp-json\/wp\/v2\/product\/1619"}],"collection":[{"href":"https:\/\/touchscreenmfg.com\/es\/wp-json\/wp\/v2\/product"}],"about":[{"href":"https:\/\/touchscreenmfg.com\/es\/wp-json\/wp\/v2\/types\/product"}],"wp:featuredmedia":[{"embeddable":true,"href":"https:\/\/touchscreenmfg.com\/es\/wp-json\/wp\/v2\/media\/1580"}],"wp:attachment":[{"href":"https:\/\/touchscreenmfg.com\/es\/wp-json\/wp\/v2\/media?parent=1619"}],"wp:term":[{"taxonomy":"product_cat","embeddable":true,"href":"https:\/\/touchscreenmfg.com\/es\/wp-json\/wp\/v2\/product_cat?post=1619"},{"taxonomy":"product_tag","embeddable":true,"href":"https:\/\/touchscreenmfg.com\/es\/wp-json\/wp\/v2\/product_tag?post=1619"}],"curies":[{"name":"wp","href":"https:\/\/api.w.org\/{rel}","templated":true}]}}