{"id":1617,"date":"2024-06-29T01:06:11","date_gmt":"2024-06-29T01:06:11","guid":{"rendered":"https:\/\/touchscreenmfg.com\/manufacturer\/gaming-glass\/"},"modified":"2024-06-29T02:51:17","modified_gmt":"2024-06-29T02:51:17","slug":"gaming-glass","status":"publish","type":"product","link":"https:\/\/touchscreenmfg.com\/es\/gaming-glass\/","title":{"rendered":"Vidrio para juegos"},"content":{"rendered":"<h2 class=\"\" data-sourcepos=\"1:1-1:81\">Gafas para juegos: Mejore su experiencia de juego con protecci\u00f3n ocular y comodidad<\/h2>\n<p data-sourcepos=\"3:1-3:118\">Las gafas para juegos, tambi\u00e9n conocidas como gafas para jugadores, son gafas especializadas dise\u00f1adas para mejorar la comodidad y reducir la fatiga ocular durante largas sesiones de juego. Estas gafas suelen tener varias caracter\u00edsticas clave que responden a las necesidades espec\u00edficas de los jugadores.<\/p>\n<p data-sourcepos=\"5:1-5:35\"><strong>Caracter\u00edsticas principales:<\/strong><\/p>\n<ul data-sourcepos=\"7:1-9:66\">\n<li data-sourcepos=\"7:1-8:0\">\n<p data-sourcepos=\"7:3-7:300\"><strong>Lentes que bloquean la luz azul:<\/strong> Suelen incorporar lentes bloqueadoras de la luz azul que filtran una parte de la luz azul emitida por las pantallas digitales. La luz azul puede alterar los patrones de sue\u00f1o y contribuir a la fatiga ocular, por lo que reducir la exposici\u00f3n puede mejorar el confort y el bienestar general.<\/p>\n<\/li>\n<li data-sourcepos=\"9:1-9:66\">\n<p data-sourcepos=\"9:3-9:66\"><strong>Revestimiento antideslumbrante:<\/strong> Suelen llevar un revestimiento antirreflejos que minimiza los reflejos de las fuentes de luz ambiental, lo que reduce la fatiga ocular y mejora la visibilidad de la pantalla, especialmente en entornos poco iluminados.<\/p>\n<\/li>\n<li data-sourcepos=\"11:1-12:0\">\n<p data-sourcepos=\"11:3-11:176\"><strong>Marcos c\u00f3modos:<\/strong> Suelen dise\u00f1arse con monturas ligeras y c\u00f3modas para minimizar el peso y la presi\u00f3n sobre la cara durante las largas sesiones de juego.<\/p>\n<\/li>\n<li data-sourcepos=\"13:1-14:0\">\n<p data-sourcepos=\"13:3-13:159\"><strong>Variedad de estilos:<\/strong> Se presentan en una amplia gama de estilos para adaptarse a diferentes preferencias, desde dise\u00f1os elegantes y modernos hasta monturas m\u00e1s tradicionales.<\/p>\n<\/li>\n<\/ul>\n<p data-sourcepos=\"15:1-15:35\"><strong>Aplicaciones:<\/strong><\/p>\n<ul data-sourcepos=\"17:1-19:78\">\n<li data-sourcepos=\"17:1-18:0\">\n<p data-sourcepos=\"17:3-17:119\"><strong>Juegos de PC:<\/strong> Los utilizan sobre todo los jugadores de PC que pasan largos periodos mirando la pantalla del ordenador.<\/p>\n<\/li>\n<li data-sourcepos=\"19:1-19:78\">\n<p data-sourcepos=\"19:3-19:78\"><strong>Juegos de consola:<\/strong> Los jugadores de consolas tambi\u00e9n pueden beneficiarse de las gafas de juego, sobre todo si juegan en salas oscuras o durante muchas horas.<\/p>\n<\/li>\n<li data-sourcepos=\"21:1-22:0\">\n<p data-sourcepos=\"21:3-21:166\"><strong>Juego competitivo:<\/strong> Los jugadores profesionales y de competici\u00f3n suelen utilizar gafas de juego para mantener una concentraci\u00f3n \u00f3ptima y reducir la fatiga ocular durante las intensas sesiones de juego.<\/p>\n<\/li>\n<\/ul>","protected":false},"excerpt":{"rendered":"<p>Los Gaming Glass son protectores de cristal templado dise\u00f1ados espec\u00edficamente para dispositivos de juego. Al igual que los protectores de cristal templado normales, su objetivo es salvaguardar la delicada pantalla de un dispositivo de juego de ara\u00f1azos e impactos.<\/p>","protected":false},"featured_media":1578,"template":"","meta":[],"product_cat":[15],"product_tag":[],"_links":{"self":[{"href":"https:\/\/touchscreenmfg.com\/es\/wp-json\/wp\/v2\/product\/1617"}],"collection":[{"href":"https:\/\/touchscreenmfg.com\/es\/wp-json\/wp\/v2\/product"}],"about":[{"href":"https:\/\/touchscreenmfg.com\/es\/wp-json\/wp\/v2\/types\/product"}],"wp:featuredmedia":[{"embeddable":true,"href":"https:\/\/touchscreenmfg.com\/es\/wp-json\/wp\/v2\/media\/1578"}],"wp:attachment":[{"href":"https:\/\/touchscreenmfg.com\/es\/wp-json\/wp\/v2\/media?parent=1617"}],"wp:term":[{"taxonomy":"product_cat","embeddable":true,"href":"https:\/\/touchscreenmfg.com\/es\/wp-json\/wp\/v2\/product_cat?post=1617"},{"taxonomy":"product_tag","embeddable":true,"href":"https:\/\/touchscreenmfg.com\/es\/wp-json\/wp\/v2\/product_tag?post=1617"}],"curies":[{"name":"wp","href":"https:\/\/api.w.org\/{rel}","templated":true}]}}