{"id":1616,"date":"2024-06-29T01:06:11","date_gmt":"2024-06-29T01:06:11","guid":{"rendered":"https:\/\/touchscreenmfg.com\/manufacturer\/3d-cover-glass\/"},"modified":"2024-06-29T03:02:20","modified_gmt":"2024-06-29T03:02:20","slug":"3d-cover-glass","status":"publish","type":"product","link":"https:\/\/touchscreenmfg.com\/es\/3d-cover-glass\/","title":{"rendered":"Tapa de cristal 3D"},"content":{"rendered":"<h2 class=\"\" data-sourcepos=\"1:1-1:67\">Cubierta de vidrio 3D: El futuro de las pantallas elegantes y duraderas<\/h2>\n<p data-sourcepos=\"3:1-3:68\">El 3D Cover Glass, tambi\u00e9n conocido como cristal de cubierta curvado, es un tipo de cristal revolucionario que est\u00e1 transformando el dise\u00f1o y la funcionalidad de los dispositivos electr\u00f3nicos. A diferencia del vidrio plano tradicional, presenta una forma curvada que se adapta perfectamente a los contornos de las modernas pantallas curvadas. Este innovador dise\u00f1o ofrece una serie de ventajas sobre el vidrio de cubierta plano, lo que lo convierte en la opci\u00f3n preferida tanto de fabricantes como de consumidores.<\/p>\n<p data-sourcepos=\"5:1-5:2\"><strong>Caracter\u00edsticas principales:<\/strong><\/p>\n<ul data-sourcepos=\"7:1-7:103\">\n<li data-sourcepos=\"7:1-7:103\">\n<p class=\"\" data-sourcepos=\"7:3-7:170\"><strong class=\"\">Dise\u00f1o estilizado y elegante:<\/strong> Mejora la est\u00e9tica de los dispositivos creando una superficie lisa y continua que se funde a la perfecci\u00f3n con la pantalla curva.<\/p>\n<\/li>\n<li data-sourcepos=\"9:1-10:0\">\n<p data-sourcepos=\"9:3-9:177\"><strong>Durabilidad mejorada:<\/strong> La forma curvada del 3D Cover Glass proporciona un mejor soporte estructural, por lo que es m\u00e1s resistente a los impactos y ara\u00f1azos en comparaci\u00f3n con el cristal de cubierta plana.<\/p>\n<\/li>\n<li data-sourcepos=\"11:1-12:0\">\n<p data-sourcepos=\"11:3-11:160\"><strong>Pantalla de borde a borde mejorada:<\/strong> Permite pantallas de borde a borde, maximizando el \u00e1rea de visi\u00f3n y creando una experiencia de usuario m\u00e1s envolvente.<\/p>\n<\/li>\n<li data-sourcepos=\"13:1-13:105\">\n<p data-sourcepos=\"13:3-13:105\"><strong>Compatibilidad con pantallas t\u00e1ctiles:<\/strong> Es totalmente compatible con la tecnolog\u00eda de pantalla t\u00e1ctil, lo que garantiza una interacci\u00f3n t\u00e1ctil perfecta.<\/p>\n<\/li>\n<\/ul>\n<p data-sourcepos=\"15:1-15:35\"><strong>Aplicaciones:<\/strong><\/p>\n<ul data-sourcepos=\"17:1-24:0\">\n<li data-sourcepos=\"17:1-18:0\">\n<p data-sourcepos=\"17:3-17:135\"><strong>Tel\u00e9fonos inteligentes:<\/strong> Se utiliza mucho en los tel\u00e9fonos inteligentes de gama alta, lo que contribuye a sus dise\u00f1os elegantes y construcci\u00f3n duradera.<\/p>\n<\/li>\n<li data-sourcepos=\"19:1-20:0\">\n<p data-sourcepos=\"19:3-19:118\"><strong>Tabletas:<\/strong> Las tabletas incorporan cada vez m\u00e1s el 3D Cover Glass por sus pantallas m\u00e1s grandes y su mejor experiencia de usuario.<\/p>\n<\/li>\n<li data-sourcepos=\"21:1-22:0\">\n<p data-sourcepos=\"21:3-21:113\"><strong>Port\u00e1tiles:<\/strong> Algunos port\u00e1tiles de gama alta incorporan 3D Cover Glass para sus pantallas t\u00e1ctiles y su elegante est\u00e9tica.<\/p>\n<\/li>\n<li data-sourcepos=\"23:1-24:0\">\n<p data-sourcepos=\"23:3-23:146\"><strong>Smartwatches:<\/strong>Se est\u00e1 abriendo camino en los relojes inteligentes, proporcionando una cubierta m\u00e1s duradera y visualmente atractiva para sus pantallas.<\/p>\n<\/li>\n<\/ul>","protected":false},"excerpt":{"rendered":"<p>El 3D Cover Glass ha cambiado las reglas del juego en el mundo de los dispositivos electr\u00f3nicos, ya que ofrece una combinaci\u00f3n de dise\u00f1o elegante, mayor durabilidad y mejores capacidades de visualizaci\u00f3n. A medida que avanza la tecnolog\u00eda, est\u00e1 a punto de imponerse a\u00fan m\u00e1s, dando forma al futuro de los tel\u00e9fonos inteligentes, tabletas, ordenadores port\u00e1tiles y otros dispositivos.<\/p>","protected":false},"featured_media":1577,"template":"","meta":[],"product_cat":[15],"product_tag":[],"_links":{"self":[{"href":"https:\/\/touchscreenmfg.com\/es\/wp-json\/wp\/v2\/product\/1616"}],"collection":[{"href":"https:\/\/touchscreenmfg.com\/es\/wp-json\/wp\/v2\/product"}],"about":[{"href":"https:\/\/touchscreenmfg.com\/es\/wp-json\/wp\/v2\/types\/product"}],"wp:featuredmedia":[{"embeddable":true,"href":"https:\/\/touchscreenmfg.com\/es\/wp-json\/wp\/v2\/media\/1577"}],"wp:attachment":[{"href":"https:\/\/touchscreenmfg.com\/es\/wp-json\/wp\/v2\/media?parent=1616"}],"wp:term":[{"taxonomy":"product_cat","embeddable":true,"href":"https:\/\/touchscreenmfg.com\/es\/wp-json\/wp\/v2\/product_cat?post=1616"},{"taxonomy":"product_tag","embeddable":true,"href":"https:\/\/touchscreenmfg.com\/es\/wp-json\/wp\/v2\/product_tag?post=1616"}],"curies":[{"name":"wp","href":"https:\/\/api.w.org\/{rel}","templated":true}]}}