{"id":1615,"date":"2024-06-29T01:06:11","date_gmt":"2024-06-29T01:06:11","guid":{"rendered":"https:\/\/touchscreenmfg.com\/manufacturer\/chemically-tempered-cover-glass\/"},"modified":"2024-06-29T03:26:40","modified_gmt":"2024-06-29T03:26:40","slug":"chemically-tempered-cover-glass","status":"publish","type":"product","link":"https:\/\/touchscreenmfg.com\/es\/chemically-tempered-cover-glass\/","title":{"rendered":"Cubierta de cristal templado qu\u00edmicamente"},"content":{"rendered":"<h2 class=\"\" data-sourcepos=\"1:1-1:91\">Cubierta de vidrio templado qu\u00edmicamente: Mejora de la durabilidad y la claridad de los dispositivos electr\u00f3nicos<\/h2>\n<p data-sourcepos=\"3:1-3:72\">El vidrio de cubierta templado qu\u00edmicamente, tambi\u00e9n conocido como vidrio de intercambio i\u00f3nico, es un tipo de vidrio que ha sido sometido a un tratamiento qu\u00edmico para aumentar su resistencia y durabilidad. Este proceso, que suele implicar el intercambio de iones de sodio en el vidrio por iones de potasio, crea una capa de tensi\u00f3n de compresi\u00f3n en la superficie, lo que hace que el vidrio sea m\u00e1s resistente a los ara\u00f1azos, los impactos y los choques t\u00e9rmicos.<\/p>\n<p data-sourcepos=\"5:1-5:49\"><strong>Caracter\u00edsticas principales:<\/strong><\/p>\n<ul data-sourcepos=\"7:1-9:1\">\n<li data-sourcepos=\"7:1-8:0\">\n<p data-sourcepos=\"7:3-7:166\"><strong>Fuerza mejorada:<\/strong> Suele ser entre seis y ocho veces m\u00e1s resistente que el vidrio ordinario, lo que lo hace menos propenso a roturas y ara\u00f1azos.<\/p>\n<\/li>\n<li data-sourcepos=\"9:1-9:1\">\n<p data-sourcepos=\"9:3-9:140\"><strong>Claridad \u00f3ptica:<\/strong> El proceso de intercambio i\u00f3nico no altera las propiedades \u00f3pticas del vidrio, preservando su transparencia y claridad.<\/p>\n<\/li>\n<li data-sourcepos=\"11:1-12:0\">\n<p data-sourcepos=\"11:3-11:145\"><strong>Versatilidad:<\/strong> Se puede cortar y moldear de diversas formas, por lo que es adecuado para una amplia gama de aplicaciones.<\/p>\n<\/li>\n<li data-sourcepos=\"13:1-14:0\">\n<p data-sourcepos=\"13:3-13:163\"><strong>Delgadez:<\/strong> Puede fabricarse en secciones m\u00e1s finas que el vidrio templado t\u00e9rmicamente, lo que permite obtener dispositivos m\u00e1s ligeros y elegantes.<\/p>\n<\/li>\n<\/ul>\n<p data-sourcepos=\"15:1-15:52\"><strong>Aplicaciones:<\/strong><\/p>\n<ul data-sourcepos=\"17:1-19:1\">\n<li data-sourcepos=\"17:1-18:0\">\n<p data-sourcepos=\"17:3-17:184\"><strong>Tel\u00e9fonos inteligentes y tabletas:<\/strong>Se utiliza ampliamente en tel\u00e9fonos inteligentes y tabletas para proteger las delicadas pantallas de ara\u00f1azos, impactos y ca\u00eddas accidentales.<\/p>\n<\/li>\n<li data-sourcepos=\"19:1-19:1\">\n<p data-sourcepos=\"19:3-19:159\"><strong>Port\u00e1tiles y dispositivos port\u00e1tiles:<\/strong> Los ordenadores port\u00e1tiles, las tabletas y otros dispositivos port\u00e1tiles suelen utilizar cristal templado qu\u00edmicamente para sus pantallas y pantallas t\u00e1ctiles.<\/p>\n<\/li>\n<li data-sourcepos=\"21:1-22:0\">\n<p data-sourcepos=\"21:3-21:151\"><strong>Pantallas para autom\u00f3viles:<\/strong> Se utiliza cada vez m\u00e1s en las pantallas de los autom\u00f3viles por su durabilidad y claridad \u00f3ptica.<\/p>\n<\/li>\n<li data-sourcepos=\"23:1-24:0\">\n<p data-sourcepos=\"23:3-23:160\"><strong>Relojes inteligentes y wearables:<\/strong> Los relojes inteligentes y otros dispositivos port\u00e1tiles se benefician de la resistencia a los ara\u00f1azos y la solidez del cristal templado qu\u00edmicamente.<\/p>\n<\/li>\n<\/ul>\n<p data-sourcepos=\"25:1-25:27\"><strong>Corte de vidrio templado:<\/strong><\/p>\n<p data-sourcepos=\"27:1-27:276\">El corte de vidrio templado qu\u00edmicamente requiere t\u00e9cnicas y equipos especializados debido a su mayor resistencia y a la posibilidad de que se rompa si no se manipula correctamente. Se recomiendan servicios profesionales de corte de vidrio para cortar con precisi\u00f3n y seguridad el vidrio templado qu\u00edmicamente.<\/p>","protected":false},"excerpt":{"rendered":"<p>El vidrio templado qu\u00edmicamente se ha convertido en la opci\u00f3n preferida para proteger y mejorar las pantallas de diversos dispositivos electr\u00f3nicos. Su combinaci\u00f3n de resistencia, claridad \u00f3ptica y versatilidad lo convierten en un componente esencial de la tecnolog\u00eda moderna.<\/p>","protected":false},"featured_media":1576,"template":"","meta":[],"product_cat":[15],"product_tag":[],"_links":{"self":[{"href":"https:\/\/touchscreenmfg.com\/es\/wp-json\/wp\/v2\/product\/1615"}],"collection":[{"href":"https:\/\/touchscreenmfg.com\/es\/wp-json\/wp\/v2\/product"}],"about":[{"href":"https:\/\/touchscreenmfg.com\/es\/wp-json\/wp\/v2\/types\/product"}],"wp:featuredmedia":[{"embeddable":true,"href":"https:\/\/touchscreenmfg.com\/es\/wp-json\/wp\/v2\/media\/1576"}],"wp:attachment":[{"href":"https:\/\/touchscreenmfg.com\/es\/wp-json\/wp\/v2\/media?parent=1615"}],"wp:term":[{"taxonomy":"product_cat","embeddable":true,"href":"https:\/\/touchscreenmfg.com\/es\/wp-json\/wp\/v2\/product_cat?post=1615"},{"taxonomy":"product_tag","embeddable":true,"href":"https:\/\/touchscreenmfg.com\/es\/wp-json\/wp\/v2\/product_tag?post=1615"}],"curies":[{"name":"wp","href":"https:\/\/api.w.org\/{rel}","templated":true}]}}