{"id":1613,"date":"2024-06-29T01:06:11","date_gmt":"2024-06-29T01:06:11","guid":{"rendered":"https:\/\/touchscreenmfg.com\/manufacturer\/3d-bent-glass\/"},"modified":"2024-06-29T03:36:43","modified_gmt":"2024-06-29T03:36:43","slug":"3d-bent-glass","status":"publish","type":"product","link":"https:\/\/touchscreenmfg.com\/es\/3d-bent-glass\/","title":{"rendered":"Vidrio curvado 3D"},"content":{"rendered":"<h2 class=\"\" data-sourcepos=\"1:1-1:66\">Vidrio curvado 3D: El futuro de las pantallas elegantes y duraderas<\/h2>\n<p data-sourcepos=\"3:1-3:67\">El 3D Bent Glass, tambi\u00e9n conocido como cristal curvado, es un tipo de cristal revolucionario que est\u00e1 transformando el dise\u00f1o y la funcionalidad de los dispositivos electr\u00f3nicos. A diferencia del vidrio plano tradicional, el 3D Bent Glass tiene una forma curva que se adapta perfectamente a los contornos de las modernas pantallas curvas. Este innovador dise\u00f1o ofrece una serie de ventajas sobre el vidrio plano, lo que lo convierte en la opci\u00f3n preferida tanto de fabricantes como de consumidores.<\/p>\n<p data-sourcepos=\"5:1-5:19\"><strong>Caracter\u00edsticas principales:<\/strong><\/p>\n<ul data-sourcepos=\"7:1-7:153\">\n<li data-sourcepos=\"7:1-7:153\">\n<p class=\"\" data-sourcepos=\"7:3-7:169\"><strong class=\"\">Dise\u00f1o estilizado y elegante:<\/strong> 3D Bent Glass mejora la est\u00e9tica de los dispositivos creando una superficie lisa y continua que se funde a la perfecci\u00f3n con la pantalla curva.<\/p>\n<\/li>\n<li data-sourcepos=\"9:1-10:0\">\n<p data-sourcepos=\"9:3-9:176\"><strong>Durabilidad mejorada:<\/strong> La forma curvada del 3D Bent Glass proporciona un mejor soporte estructural, haci\u00e9ndolo m\u00e1s resistente a los impactos y ara\u00f1azos en comparaci\u00f3n con el cristal de cubierta plana.<\/p>\n<\/li>\n<li data-sourcepos=\"11:1-12:0\">\n<p data-sourcepos=\"11:3-11:159\"><strong>Pantalla de borde a borde mejorada:<\/strong> 3D Bent Glass permite pantallas de borde a borde, maximizando el \u00e1rea de visi\u00f3n y creando una experiencia de usuario m\u00e1s envolvente.<\/p>\n<\/li>\n<li data-sourcepos=\"13:1-13:131\">\n<p data-sourcepos=\"13:3-13:131\"><strong>Compatibilidad con pantallas t\u00e1ctiles:<\/strong> 3D Bent Glass es totalmente compatible con la tecnolog\u00eda de pantalla t\u00e1ctil, lo que garantiza una interacci\u00f3n t\u00e1ctil perfecta.<\/p>\n<\/li>\n<\/ul>\n<p data-sourcepos=\"15:1-15:27\"><strong>Doblar vidrio templado:<\/strong><\/p>\n<p data-sourcepos=\"17:1-17:284\">El proceso de creaci\u00f3n del vidrio curvado 3D consiste en calentar el vidrio templado a alta temperatura y moldearlo despu\u00e9s con la forma deseada utilizando moldes y equipos especializados. Este proceso garantiza que el vidrio conserve su resistencia y durabilidad al tiempo que consigue la curvatura deseada.<\/p>\n<p data-sourcepos=\"19:1-19:34\"><strong>Aplicaciones:<\/strong><\/p>\n<ul data-sourcepos=\"21:1-28:0\">\n<li data-sourcepos=\"21:1-22:0\">\n<p data-sourcepos=\"21:3-21:134\"><strong>Tel\u00e9fonos inteligentes:<\/strong> Se utiliza mucho en los tel\u00e9fonos inteligentes de gama alta, lo que contribuye a sus dise\u00f1os elegantes y construcci\u00f3n duradera.<\/p>\n<\/li>\n<li data-sourcepos=\"23:1-24:0\">\n<p data-sourcepos=\"23:3-23:117\"><strong>Tabletas:<\/strong> Las tabletas incorporan cada vez m\u00e1s Bent Glass 3D por sus pantallas m\u00e1s grandes y su mejor experiencia de usuario.<\/p>\n<\/li>\n<li data-sourcepos=\"25:1-26:0\">\n<p data-sourcepos=\"25:3-25:112\"><strong>Port\u00e1tiles:<\/strong> Algunos port\u00e1tiles de gama alta incorporan 3D Bent Glass para sus pantallas t\u00e1ctiles y su elegante est\u00e9tica.<\/p>\n<\/li>\n<li data-sourcepos=\"27:1-28:0\">\n<p data-sourcepos=\"27:3-27:145\"><strong>Smartwatches:<\/strong> Se est\u00e1 abriendo camino en los relojes inteligentes, proporcionando una cubierta m\u00e1s duradera y visualmente atractiva para sus pantallas.<\/p>\n<\/li>\n<\/ul>","protected":false},"excerpt":{"rendered":"<p>El 3D Bent Glass cambia las reglas del juego en el mundo de los dispositivos electr\u00f3nicos, ya que ofrece una combinaci\u00f3n de dise\u00f1o elegante, mayor durabilidad y mejores capacidades de visualizaci\u00f3n. A medida que avanza la tecnolog\u00eda, el 3D Bent Glass est\u00e1 a punto de imponerse a\u00fan m\u00e1s, dando forma al futuro de los tel\u00e9fonos inteligentes, las tabletas, los ordenadores port\u00e1tiles y otros dispositivos.<\/p>","protected":false},"featured_media":1574,"template":"","meta":[],"product_cat":[15],"product_tag":[],"_links":{"self":[{"href":"https:\/\/touchscreenmfg.com\/es\/wp-json\/wp\/v2\/product\/1613"}],"collection":[{"href":"https:\/\/touchscreenmfg.com\/es\/wp-json\/wp\/v2\/product"}],"about":[{"href":"https:\/\/touchscreenmfg.com\/es\/wp-json\/wp\/v2\/types\/product"}],"wp:featuredmedia":[{"embeddable":true,"href":"https:\/\/touchscreenmfg.com\/es\/wp-json\/wp\/v2\/media\/1574"}],"wp:attachment":[{"href":"https:\/\/touchscreenmfg.com\/es\/wp-json\/wp\/v2\/media?parent=1613"}],"wp:term":[{"taxonomy":"product_cat","embeddable":true,"href":"https:\/\/touchscreenmfg.com\/es\/wp-json\/wp\/v2\/product_cat?post=1613"},{"taxonomy":"product_tag","embeddable":true,"href":"https:\/\/touchscreenmfg.com\/es\/wp-json\/wp\/v2\/product_tag?post=1613"}],"curies":[{"name":"wp","href":"https:\/\/api.w.org\/{rel}","templated":true}]}}