{"id":1608,"date":"2024-06-29T01:06:10","date_gmt":"2024-06-29T01:06:10","guid":{"rendered":"https:\/\/touchscreenmfg.com\/manufacturer\/touch-screen-lens\/"},"modified":"2024-06-29T03:53:36","modified_gmt":"2024-06-29T03:53:36","slug":"touch-screen-lens","status":"publish","type":"product","link":"https:\/\/touchscreenmfg.com\/es\/touch-screen-lens\/","title":{"rendered":"Lente de pantalla t\u00e1ctil"},"content":{"rendered":"<h2 class=\"\" data-sourcepos=\"3:1-3:76\">Lentes para pantallas t\u00e1ctiles: Proteger y mejorar la experiencia de la pantalla t\u00e1ctil<\/h2>\n<p data-sourcepos=\"5:1-5:166\">Las lentes para pantallas t\u00e1ctiles, tambi\u00e9n conocidas como cubiertas para pantallas t\u00e1ctiles o pel\u00edculas protectoras, son capas transparentes que se aplican sobre las pantallas t\u00e1ctiles para protegerlas de ara\u00f1azos, impactos y otros da\u00f1os. Estos escudos protectores desempe\u00f1an un papel crucial a la hora de preservar la integridad y funcionalidad de las pantallas t\u00e1ctiles, garantizando una experiencia de usuario fluida y receptiva.<\/p>\n<p data-sourcepos=\"7:1-7:40\"><strong>Caracter\u00edsticas principales:<\/strong><\/p>\n<ul data-sourcepos=\"9:1-9:121\">\n<li data-sourcepos=\"9:1-9:121\">\n<p class=\"\" data-sourcepos=\"9:3-9:191\"><strong class=\"\">Resistencia a los ara\u00f1azos:<\/strong> Las lentes de las pantallas t\u00e1ctiles est\u00e1n dise\u00f1adas para resistir los ara\u00f1azos del uso diario, como llaves, monedas y otros objetos, evitando que se da\u00f1e la delicada superficie de la pantalla.<\/p>\n<\/li>\n<li data-sourcepos=\"11:1-12:0\">\n<p data-sourcepos=\"11:3-11:156\"><strong>Protecci\u00f3n contra impactos:<\/strong> Estas pel\u00edculas protectoras pueden absorber y dispersar la fuerza de los impactos, reduciendo el riesgo de grietas y fracturas en la pantalla t\u00e1ctil.<\/p>\n<\/li>\n<li data-sourcepos=\"13:1-14:0\">\n<p data-sourcepos=\"13:3-13:242\"><strong>Antideslumbrante y antimanchas:<\/strong> Algunas lentes para pantallas t\u00e1ctiles incorporan revestimientos antirreflejos que minimizan los reflejos y mejoran la visibilidad en entornos luminosos. Tambi\u00e9n pueden tener propiedades antimanchas para reducir las huellas dactilares y las manchas.<\/p>\n<\/li>\n<li data-sourcepos=\"15:1-15:56\">\n<p data-sourcepos=\"15:3-15:56\"><strong>Compatibilidad con la sensibilidad t\u00e1ctil:<\/strong> Las lentes para pantallas t\u00e1ctiles suelen estar dise\u00f1adas para mantener la sensibilidad t\u00e1ctil de la pantalla, garantizando una interacci\u00f3n y una capacidad de respuesta perfectas.<\/p>\n<\/li>\n<\/ul>\n<p data-sourcepos=\"17:1-17:40\"><strong>Aplicaciones:<\/strong><\/p>\n<ul data-sourcepos=\"19:1-26:0\">\n<li data-sourcepos=\"19:1-20:0\">\n<p data-sourcepos=\"19:3-19:154\"><strong>Tel\u00e9fonos inteligentes y tabletas:<\/strong> Las lentes para pantallas t\u00e1ctiles se utilizan mucho en tel\u00e9fonos inteligentes y tabletas para proteger sus valiosas pantallas del desgaste diario.<\/p>\n<\/li>\n<li data-sourcepos=\"21:1-22:0\">\n<p data-sourcepos=\"21:3-21:135\"><strong>Port\u00e1tiles y ordenadores de sobremesa:<\/strong> Los port\u00e1tiles con pantalla t\u00e1ctil y los ordenadores de sobremesa todo en uno (AIO) suelen beneficiarse de la protecci\u00f3n de las lentes para pantallas t\u00e1ctiles.<\/p>\n<\/li>\n<li data-sourcepos=\"23:1-24:0\">\n<p data-sourcepos=\"23:3-23:203\"><strong>Quioscos y pantallas interactivas:<\/strong> Los quioscos y pantallas interactivas de acceso p\u00fablico son especialmente vulnerables a ara\u00f1azos e impactos, por lo que las lentes para pantallas t\u00e1ctiles son esenciales para su protecci\u00f3n.<\/p>\n<\/li>\n<li data-sourcepos=\"25:1-26:0\">\n<p data-sourcepos=\"25:3-25:185\"><strong>Sistemas de punto de venta (TPV):<\/strong> Los sistemas de TPV con pantalla t\u00e1ctil se basan en lentes t\u00e1ctiles para proteger sus pantallas de posibles da\u00f1os, garantizando un funcionamiento ininterrumpido en entornos minoristas.<\/p>\n<\/li>\n<\/ul>","protected":false},"excerpt":{"rendered":"<p>Las lentes para pantallas t\u00e1ctiles son una barrera protectora esencial para las pantallas t\u00e1ctiles, ya que prolongan su vida \u00fatil y preservan su funcionalidad. Su capacidad para evitar ara\u00f1azos, impactos y manchas garantiza una experiencia de usuario uniforme y agradable en una amplia gama de aplicaciones.<\/p>","protected":false},"featured_media":1568,"template":"","meta":[],"product_cat":[41],"product_tag":[],"_links":{"self":[{"href":"https:\/\/touchscreenmfg.com\/es\/wp-json\/wp\/v2\/product\/1608"}],"collection":[{"href":"https:\/\/touchscreenmfg.com\/es\/wp-json\/wp\/v2\/product"}],"about":[{"href":"https:\/\/touchscreenmfg.com\/es\/wp-json\/wp\/v2\/types\/product"}],"wp:featuredmedia":[{"embeddable":true,"href":"https:\/\/touchscreenmfg.com\/es\/wp-json\/wp\/v2\/media\/1568"}],"wp:attachment":[{"href":"https:\/\/touchscreenmfg.com\/es\/wp-json\/wp\/v2\/media?parent=1608"}],"wp:term":[{"taxonomy":"product_cat","embeddable":true,"href":"https:\/\/touchscreenmfg.com\/es\/wp-json\/wp\/v2\/product_cat?post=1608"},{"taxonomy":"product_tag","embeddable":true,"href":"https:\/\/touchscreenmfg.com\/es\/wp-json\/wp\/v2\/product_tag?post=1608"}],"curies":[{"name":"wp","href":"https:\/\/api.w.org\/{rel}","templated":true}]}}