{"id":2179,"date":"2024-09-20T08:13:40","date_gmt":"2024-09-20T08:13:40","guid":{"rendered":"https:\/\/touchscreenmfg.com\/?post_type=product&#038;p=2179"},"modified":"2024-09-20T08:13:56","modified_gmt":"2024-09-20T08:13:56","slug":"pc-touch-screen","status":"publish","type":"product","link":"https:\/\/touchscreenmfg.com\/de\/pc-touch-screen\/","title":{"rendered":"PC Touchscreen"},"content":{"rendered":"<h2>PC-Tastbildschirme: Eine langlebige und vielseitige Wahl<\/h2>\n<h3 data-sourcepos=\"5:1-5:39\">Die wichtigsten Vorteile:<\/h3>\n<ul>\n<li><span class=\"citation-0 recitation\">Hohe Sto\u00dffestigkeit:<\/span><span class=\"citation-0 recitation citation-end-0\"> PC ist ein \u00e4u\u00dferst sto\u00dffestes Material und eignet sich daher f\u00fcr Ger\u00e4te, die St\u00f6\u00dfen oder St\u00fcrzen ausgesetzt sind.<\/span><\/li>\n<li>Temperaturbest\u00e4ndigkeit: PC h\u00e4lt einem breiten Temperaturbereich stand und eignet sich daher f\u00fcr Au\u00dfen- und Industrieanwendungen.<\/li>\n<li><span class=\"citation-1 recitation\">Chemische Best\u00e4ndigkeit:<\/span><span class=\"citation-1 recitation citation-end-1\"> PC ist gegen viele Chemikalien und L\u00f6sungsmittel best\u00e4ndig und daher auch in rauen Umgebungen einsetzbar.<\/span><\/li>\n<li><span class=\"citation-2 recitation\">Optische Klarheit:<\/span><span class=\"citation-2 recitation citation-end-2\"> PC bietet eine gute optische Klarheit, die ein klares und reaktionsschnelles Touch-Erlebnis gew\u00e4hrleistet.<\/span><\/li>\n<\/ul>\n<h3 data-sourcepos=\"12:1-12:37\">Anwendungen:<\/h3>\n<ul>\n<li><span class=\"citation-3 recitation\">Industrielle Automatisierung:<\/span><span class=\"citation-3 recitation citation-end-3\"> PC-Touchscreens werden aufgrund ihrer Langlebigkeit und Widerstandsf\u00e4higkeit gegen raue Bedingungen h\u00e4ufig in industriellen Schalttafeln und Maschinen eingesetzt.<\/span><\/li>\n<li>Kioske im Freien: PC-Touchscreens sind f\u00fcr Kioske und Informationsterminals im Freien geeignet, da sie den Witterungseinfl\u00fcssen standhalten.<\/li>\n<li>Automobilindustrie: PC werden in Infotainment-Systemen und Navigationsbildschirmen in Fahrzeugen eingesetzt, wo Haltbarkeit und Temperaturbest\u00e4ndigkeit von entscheidender Bedeutung sind.<\/li>\n<li><span class=\"citation-4 recitation\">Medizinische Ger\u00e4te:<\/span><span class=\"citation-4 recitation citation-end-4\"> PC-Touchscreens finden sich in medizinischen Ger\u00e4ten wie Diagnoseger\u00e4ten und Patienten\u00fcberwachungssystemen.<\/span><\/li>\n<\/ul>\n<h3 data-sourcepos=\"19:1-19:44\">Vergleich von PMMA- und PC-Touchscreens:<\/h3>\n<div class=\"horizontal-scroll-wrapper\">\n<div class=\"table-block-component\">\n<div class=\"table-block\">\n<div class=\"table-content not-end-of-paragraph\">\n<table style=\"height: 170px;\" width=\"612\" data-sourcepos=\"21:1-27:25\">\n<tbody>\n<tr data-sourcepos=\"21:1-21:23\">\n<th data-sourcepos=\"21:1-21:9\">Merkmal<\/th>\n<th data-sourcepos=\"21:11-21:16\">PMMA<\/th>\n<th data-sourcepos=\"21:18-21:21\">PC<\/th>\n<\/tr>\n<tr data-sourcepos=\"23:1-23:40\">\n<td data-sourcepos=\"23:1-23:19\">Schlagz\u00e4higkeit<\/td>\n<td data-sourcepos=\"23:21-23:26\">Gut<\/td>\n<td data-sourcepos=\"23:28-23:38\">Ausgezeichnet<\/td>\n<\/tr>\n<tr data-sourcepos=\"24:1-24:45\">\n<td data-sourcepos=\"24:1-24:24\">Temperaturbest\u00e4ndigkeit<\/td>\n<td data-sourcepos=\"24:26-24:31\">Gut<\/td>\n<td data-sourcepos=\"24:33-24:43\">Ausgezeichnet<\/td>\n<\/tr>\n<tr data-sourcepos=\"25:1-25:42\">\n<td data-sourcepos=\"25:1-25:21\">Chemische Best\u00e4ndigkeit<\/td>\n<td data-sourcepos=\"25:23-25:28\">Gut<\/td>\n<td data-sourcepos=\"25:30-25:40\">Ausgezeichnet<\/td>\n<\/tr>\n<tr data-sourcepos=\"26:1-26:38\">\n<td data-sourcepos=\"26:1-26:17\">Optische Klarheit<\/td>\n<td data-sourcepos=\"26:19-26:29\">Ausgezeichnet<\/td>\n<td data-sourcepos=\"26:31-26:36\">Gut<\/td>\n<\/tr>\n<tr data-sourcepos=\"27:1-27:25\">\n<td data-sourcepos=\"27:1-27:6\">Kosten<\/td>\n<td data-sourcepos=\"27:8-27:14\">Unter<\/td>\n<td data-sourcepos=\"27:16-27:23\">H\u00f6her<\/td>\n<\/tr>\n<\/tbody>\n<\/table>\n<\/div>\n<\/div>\n<\/div>\n<\/div>","protected":false},"excerpt":{"rendered":"<p>PC-Touchscreens (Polycarbonat) sind eine weitere beliebte Option f\u00fcr elektronische Ger\u00e4te, da sie eine hervorragende Haltbarkeit und Sto\u00dffestigkeit bieten. Sie werden h\u00e4ufig in Anwendungen eingesetzt, bei denen es auf Langlebigkeit und Robustheit ankommt.<\/p>\n<p>Zusammenfassend l\u00e4sst sich sagen, dass sowohl PMMA- als auch PC-Touchscreens eine hervorragende Leistung und Haltbarkeit bieten. Die Wahl zwischen den beiden Materialien h\u00e4ngt von den spezifischen Anforderungen der jeweiligen Anwendung ab. PMMA ist im Allgemeinen kosteng\u00fcnstiger und bietet eine hervorragende optische Klarheit, w\u00e4hrend PC f\u00fcr seine au\u00dfergew\u00f6hnliche Sto\u00df- und Temperaturbest\u00e4ndigkeit bekannt ist.<\/p>","protected":false},"featured_media":2180,"template":"","meta":[],"product_cat":[43],"product_tag":[],"_links":{"self":[{"href":"https:\/\/touchscreenmfg.com\/de\/wp-json\/wp\/v2\/product\/2179"}],"collection":[{"href":"https:\/\/touchscreenmfg.com\/de\/wp-json\/wp\/v2\/product"}],"about":[{"href":"https:\/\/touchscreenmfg.com\/de\/wp-json\/wp\/v2\/types\/product"}],"wp:featuredmedia":[{"embeddable":true,"href":"https:\/\/touchscreenmfg.com\/de\/wp-json\/wp\/v2\/media\/2180"}],"wp:attachment":[{"href":"https:\/\/touchscreenmfg.com\/de\/wp-json\/wp\/v2\/media?parent=2179"}],"wp:term":[{"taxonomy":"product_cat","embeddable":true,"href":"https:\/\/touchscreenmfg.com\/de\/wp-json\/wp\/v2\/product_cat?post=2179"},{"taxonomy":"product_tag","embeddable":true,"href":"https:\/\/touchscreenmfg.com\/de\/wp-json\/wp\/v2\/product_tag?post=2179"}],"curies":[{"name":"wp","href":"https:\/\/api.w.org\/{rel}","templated":true}]}}