{"id":2177,"date":"2024-09-20T08:00:55","date_gmt":"2024-09-20T08:00:55","guid":{"rendered":"https:\/\/touchscreenmfg.com\/?post_type=product&#038;p=2177"},"modified":"2025-03-15T09:13:16","modified_gmt":"2025-03-15T09:13:16","slug":"pmma-touch-screen","status":"publish","type":"product","link":"https:\/\/touchscreenmfg.com\/de\/pmma-touch-screen\/","title":{"rendered":"PMMA-Touchscreen"},"content":{"rendered":"<h2>PMMA-Touch-Bildschirme: Eine klare und reaktionsschnelle Wahl<\/h2>\n<h3 data-sourcepos=\"5:1-5:38\">Die wichtigsten Vorteile:<\/h3>\n<ul data-sourcepos=\"7:1-8:61\">\n<li data-sourcepos=\"7:1-7:108\">Hohe Transparenz: <a href=\"https:\/\/nylon-granules.com\/acrylic-sheet\/\" target=\"_blank\" rel=\"noopener\">PMMA<\/a> sorgt f\u00fcr hervorragende Klarheit und Sichtbarkeit und gew\u00e4hrleistet eine klare und scharfe Anzeige.<\/li>\n<li data-sourcepos=\"8:1-8:61\">Geringes Gewicht: PMMA ist ein relativ leichtes Material, das sich f\u00fcr tragbare Ger\u00e4te eignet.<\/li>\n<li data-sourcepos=\"9:1-9:97\">Kratzfestigkeit: PMMA bietet eine gute Kratzfestigkeit und sch\u00fctzt den Bildschirm vor Besch\u00e4digungen.<\/li>\n<li data-sourcepos=\"10:1-10:29\">Chemische Best\u00e4ndigkeit: PMMA ist gegen eine Vielzahl von Chemikalien best\u00e4ndig und eignet sich daher f\u00fcr den Einsatz in rauen Umgebungen.<\/li>\n<li data-sourcepos=\"11:1-12:0\">Kosteng\u00fcnstig: PMMA ist im Allgemeinen kosteng\u00fcnstiger als andere Materialien wie Glas.<\/li>\n<\/ul>\n<h3 data-sourcepos=\"13:1-13:39\">Anwendungen:<\/h3>\n<ul data-sourcepos=\"15:1-17:89\">\n<li data-sourcepos=\"15:1-15:170\">Smartphones und Tablets: PMMA wird h\u00e4ufig f\u00fcr die Touchscreens von Smartphones und Tablets verwendet, da es eine Kombination aus Klarheit, Haltbarkeit und Kosteneffizienz bietet.<\/li>\n<li data-sourcepos=\"16:1-16:150\">Point-of-Sale (POS)-Systeme: PMMA-Touchscreens werden im Einzelhandel und im Gastgewerbe h\u00e4ufig f\u00fcr Kundeninteraktionen und Transaktionen eingesetzt.<\/li>\n<li data-sourcepos=\"17:1-17:89\">Industrielle Automatisierung: PMMA-Touchscreens werden in industriellen Schalttafeln und Maschinen f\u00fcr die Bedienereingabe verwendet.<\/li>\n<li data-sourcepos=\"18:1-19:0\">Medizinische Ger\u00e4te: PMMA-Touchscreens finden sich in medizinischen Ger\u00e4ten wie Diagnoseger\u00e4ten und Patienten\u00fcberwachungssystemen.<\/li>\n<\/ul>\n<h3 data-sourcepos=\"20:1-20:68\">PMMA bietet zwar viele Vorteile, hat aber auch einige Einschr\u00e4nkungen:<\/h3>\n<ul data-sourcepos=\"22:1-24:0\">\n<li data-sourcepos=\"22:1-22:86\">H\u00e4rte: PMMA ist nicht so hart wie Glas, was es anf\u00e4lliger f\u00fcr Kratzer macht.<\/li>\n<li data-sourcepos=\"23:1-24:0\">Temperaturempfindlichkeit: PMMA kann durch extreme Temperaturen beeintr\u00e4chtigt werden, was sich auf seine Leistung auswirken kann.<\/li>\n<\/ul>","protected":false},"excerpt":{"rendered":"<p data-sourcepos=\"3:1-3:93\">PMMA (Polymethylmethacrylat) ist aufgrund seiner hervorragenden optischen Eigenschaften und Haltbarkeit ein beliebtes Material f\u00fcr Touchscreens. PMMA-Touchscreens bieten eine klare, reaktionsschnelle und kosteng\u00fcnstige L\u00f6sung f\u00fcr verschiedene elektronische Ger\u00e4te.<\/p>\n<p data-sourcepos=\"3:1-3:93\">Insgesamt bieten PMMA-Touchscreens eine zuverl\u00e4ssige und kosteng\u00fcnstige L\u00f6sung f\u00fcr eine Vielzahl von Anwendungen. Ihre Kombination aus Klarheit, Haltbarkeit und Erschwinglichkeit macht sie zu einer beliebten Wahl in der Elektronikindustrie.<\/p>","protected":false},"featured_media":2178,"template":"","meta":[],"product_cat":[43],"product_tag":[],"_links":{"self":[{"href":"https:\/\/touchscreenmfg.com\/de\/wp-json\/wp\/v2\/product\/2177"}],"collection":[{"href":"https:\/\/touchscreenmfg.com\/de\/wp-json\/wp\/v2\/product"}],"about":[{"href":"https:\/\/touchscreenmfg.com\/de\/wp-json\/wp\/v2\/types\/product"}],"wp:featuredmedia":[{"embeddable":true,"href":"https:\/\/touchscreenmfg.com\/de\/wp-json\/wp\/v2\/media\/2178"}],"wp:attachment":[{"href":"https:\/\/touchscreenmfg.com\/de\/wp-json\/wp\/v2\/media?parent=2177"}],"wp:term":[{"taxonomy":"product_cat","embeddable":true,"href":"https:\/\/touchscreenmfg.com\/de\/wp-json\/wp\/v2\/product_cat?post=2177"},{"taxonomy":"product_tag","embeddable":true,"href":"https:\/\/touchscreenmfg.com\/de\/wp-json\/wp\/v2\/product_tag?post=2177"}],"curies":[{"name":"wp","href":"https:\/\/api.w.org\/{rel}","templated":true}]}}