{"id":1871,"date":"2024-08-07T02:46:18","date_gmt":"2024-08-07T02:46:18","guid":{"rendered":"https:\/\/touchscreenmfg.com\/?post_type=product&#038;p=1871"},"modified":"2024-08-07T02:58:47","modified_gmt":"2024-08-07T02:58:47","slug":"car-light-touch-switch","status":"publish","type":"product","link":"https:\/\/touchscreenmfg.com\/de\/car-light-touch-switch\/","title":{"rendered":"Auto-Licht-Tastschalter"},"content":{"rendered":"<h3><strong><b>Vorteile von Autolicht-Tastschaltern<\/b><\/strong><\/h3>\n<ul>\n<li><strong>Verbesserte \u00c4sthetik:<\/strong>\u00a0Das elegante und minimalistische Design tr\u00e4gt zu einem modernen Fahrzeuginnenraum bei.<\/li>\n<li><strong>Verbesserte Benutzerfreundlichkeit:<\/strong>\u00a0Intuitive Touch-Bedienoberfl\u00e4che reduziert die Ablenkung des Fahrers.<\/li>\n<li><strong>Langlebigkeit:<\/strong>\u00a0Widerstandsf\u00e4hig gegen Abnutzung und Verschlei\u00df, um eine lange Lebensdauer zu gew\u00e4hrleisten.<\/li>\n<li><strong>Anpassungen:<\/strong>\u00a0Kann mit verschiedenen Beleuchtungsfunktionen und -modi programmiert werden.<\/li>\n<li><strong>Hygiene:<\/strong>\u00a0Leichter zu reinigen im Vergleich zu physischen Tasten.<\/li>\n<\/ul>\n<h3><strong><b>Arten von Autolicht-Tastschaltern<\/b><\/strong><\/h3>\n<ul>\n<li><strong>Kapazitive Touch-Schalter:<\/strong>\u00a0Reagieren Sie auf die durch den menschlichen K\u00f6rper verursachten Kapazit\u00e4ts\u00e4nderungen.<\/li>\n<li><strong>Resistive Touch-Schalter:<\/strong>\u00a0Erkennen Sie \u00c4nderungen des elektrischen Widerstands, wenn Sie gedr\u00fcckt werden.<\/li>\n<li><strong>Projizierte kapazitive Touch-Schalter:<\/strong>\u00a0Sie bieten eine h\u00f6here Empfindlichkeit und Genauigkeit.<\/li>\n<\/ul>\n<h3><strong><b>Anwendungen in Fahrzeugen<\/b><\/strong><\/h3>\n<p>Ber\u00fchrungsschalter f\u00fcr Autolampen werden h\u00e4ufig f\u00fcr folgende Zwecke verwendet:<\/p>\n<ul>\n<li><strong>Scheinwerfersteuerung:<\/strong>\u00a0Einstellen der Helligkeit, der Lichtverteilung und der automatischen Ein- und Ausschaltfunktion.<\/li>\n<li><strong>Innenbeleuchtung:<\/strong>\u00a0Steuerung von Umgebungslicht, Leselicht und Stimmungslicht.<\/li>\n<li><strong>Bedienelemente am Armaturenbrett:<\/strong>\u00a0Bedienung von Klimaanlagen, Audiosystemen und anderen Fahrzeugfunktionen.<\/li>\n<\/ul>","protected":false},"excerpt":{"rendered":"<h3 data-sourcepos=\"5:1-5:37\">Die Funktionsweise von Lichtschaltern im Auto<\/h3>\n<p data-sourcepos=\"7:1-7:243\"><span class=\"citation-1 recitation citation-end-1\">Bei Lichtschaltern f\u00fcr Autos wird in der Regel eine kapazitive oder resistive Technologie zur Erkennung von Fingerkontakt verwendet.<\/span> Wenn ein Finger die Oberfl\u00e4che des Schalters ber\u00fchrt, kommt es zu einer Kapazit\u00e4ts- oder Widerstands\u00e4nderung, wodurch die gew\u00fcnschte Funktion ausgel\u00f6st wird.<\/p>","protected":false},"featured_media":1872,"template":"","meta":[],"product_cat":[42],"product_tag":[],"_links":{"self":[{"href":"https:\/\/touchscreenmfg.com\/de\/wp-json\/wp\/v2\/product\/1871"}],"collection":[{"href":"https:\/\/touchscreenmfg.com\/de\/wp-json\/wp\/v2\/product"}],"about":[{"href":"https:\/\/touchscreenmfg.com\/de\/wp-json\/wp\/v2\/types\/product"}],"wp:featuredmedia":[{"embeddable":true,"href":"https:\/\/touchscreenmfg.com\/de\/wp-json\/wp\/v2\/media\/1872"}],"wp:attachment":[{"href":"https:\/\/touchscreenmfg.com\/de\/wp-json\/wp\/v2\/media?parent=1871"}],"wp:term":[{"taxonomy":"product_cat","embeddable":true,"href":"https:\/\/touchscreenmfg.com\/de\/wp-json\/wp\/v2\/product_cat?post=1871"},{"taxonomy":"product_tag","embeddable":true,"href":"https:\/\/touchscreenmfg.com\/de\/wp-json\/wp\/v2\/product_tag?post=1871"}],"curies":[{"name":"wp","href":"https:\/\/api.w.org\/{rel}","templated":true}]}}