{"id":1862,"date":"2024-08-07T02:42:39","date_gmt":"2024-08-07T02:42:39","guid":{"rendered":"https:\/\/touchscreenmfg.com\/?post_type=product&#038;p=1862"},"modified":"2024-08-07T02:54:53","modified_gmt":"2024-08-07T02:54:53","slug":"car-center-console-touch-film","status":"publish","type":"product","link":"https:\/\/touchscreenmfg.com\/de\/car-center-console-touch-film\/","title":{"rendered":"Auto Mittelkonsole Touch Film"},"content":{"rendered":"<h3><strong>Touch Film Anwendungen<\/strong><\/h3>\n<p id=\"tw-target-text\" class=\"tw-data-text tw-text-large tw-ta\" dir=\"ltr\" data-placeholder=\"Translation\" aria-label=\"\u00dcbersetzter Text\" data-ved=\"2ahUKEwie_Z3B7OGHAxW_bfUHHYxgEGkQ3ewLegQIERAU\"><span class=\"Y2IQFc\" lang=\"en\">Die Selbstkapazit\u00e4t bestimmt, ob ein Finger die Elektrode ber\u00fchrt, indem sie \u00c4nderungen der elektrostatischen Kapazit\u00e4t erkennt. Die Kapazit\u00e4t wird nach einem bestimmten Zyklus abgetastet und erfasst. Anhand der \u00c4nderung des Messwerts kann beurteilt werden, ob ein Finger die Elektrode ber\u00fchrt. Die MCU taktet nach einem bestimmten Zyklus. Die Kapazit\u00e4t der Elektrode wird abgetastet und erfasst. Wenn der Finger von der Elektrode entfernt ist, bleibt der Kapazit\u00e4tswert auf einem stabilen Z\u00e4hlwert. Wenn sich ein Finger dem Kapazit\u00e4tswert n\u00e4hert oder ihn ber\u00fchrt, steigt der Kapazit\u00e4tswert und der Z\u00e4hlwert erh\u00f6ht sich. Wenn sich der Finger von der Elektrode entfernt, sinkt der Kapazit\u00e4tswert um den Z\u00e4hlwert. Der Z\u00e4hlwert, der sinkt und auf einem stabilen Wert bleibt, wenn sich der Finger von der Elektrode entfernt, wird als Basiswert bezeichnet. Diesem Basiswert wird ein Schwellenwert als kritischer Wert \u00fcberlagert. Wenn der Z\u00e4hlwert h\u00f6her als dieser kritische Wert ist, wird der Beurteilungsschalter eingeschaltet. Wenn der Z\u00e4hlwert unter diesem kritischen Wert liegt, wird der Schalter als AUS bewertet.<\/span><\/p>","protected":false},"excerpt":{"rendered":"<h3 id=\"tw-target-text\" class=\"tw-data-text tw-text-large tw-ta\" dir=\"ltr\" data-placeholder=\"Translation\" aria-label=\"\u00dcbersetzter Text\" data-ved=\"2ahUKEwie_Z3B7OGHAxW_bfUHHYxgEGkQ3ewLegQIERAU\"><strong><span class=\"Y2IQFc\" lang=\"en\">Prinzip der Anwendung von Touch-Filmen<\/span><\/strong><\/h3>\n<p>Die Bewegungsgeschwindigkeit der Ladung ist konstant. Je gr\u00f6\u00dfer die Kapazit\u00e4t ist, desto l\u00e4nger ist die Lade- und Entladezeit und desto gr\u00f6\u00dfer ist die Strommenge. Daher k\u00f6nnen wir die L\u00e4nge der Lade- und Entladezeit und die H\u00f6he des Lade- und Entladestroms nutzen, um die Gr\u00f6\u00dfe des Kondensators zu beurteilen. Solange es einen Zustand gibt, den wir erreichen und eine stabile Zustands\u00e4nderung erfassen k\u00f6nnen, k\u00f6nnen wir diese \u00c4nderung zur Implementierung eines Schaltsignals verwenden.<\/p>","protected":false},"featured_media":1863,"template":"","meta":[],"product_cat":[42],"product_tag":[],"_links":{"self":[{"href":"https:\/\/touchscreenmfg.com\/de\/wp-json\/wp\/v2\/product\/1862"}],"collection":[{"href":"https:\/\/touchscreenmfg.com\/de\/wp-json\/wp\/v2\/product"}],"about":[{"href":"https:\/\/touchscreenmfg.com\/de\/wp-json\/wp\/v2\/types\/product"}],"wp:featuredmedia":[{"embeddable":true,"href":"https:\/\/touchscreenmfg.com\/de\/wp-json\/wp\/v2\/media\/1863"}],"wp:attachment":[{"href":"https:\/\/touchscreenmfg.com\/de\/wp-json\/wp\/v2\/media?parent=1862"}],"wp:term":[{"taxonomy":"product_cat","embeddable":true,"href":"https:\/\/touchscreenmfg.com\/de\/wp-json\/wp\/v2\/product_cat?post=1862"},{"taxonomy":"product_tag","embeddable":true,"href":"https:\/\/touchscreenmfg.com\/de\/wp-json\/wp\/v2\/product_tag?post=1862"}],"curies":[{"name":"wp","href":"https:\/\/api.w.org\/{rel}","templated":true}]}}