{"id":1627,"date":"2024-06-29T01:18:12","date_gmt":"2024-06-29T01:18:12","guid":{"rendered":"https:\/\/touchscreenmfg.com\/?post_type=product&#038;p=1627"},"modified":"2024-06-29T01:50:18","modified_gmt":"2024-06-29T01:50:18","slug":"planar-resistive-touch-screen","status":"publish","type":"product","link":"https:\/\/touchscreenmfg.com\/de\/planar-resistive-touch-screen\/","title":{"rendered":"Planarer resistiver Touchscreen"},"content":{"rendered":"<p data-sourcepos=\"3:1-3:111\">Planar-Resistiv-Touchscreens bieten eine bew\u00e4hrte und kosteng\u00fcnstige L\u00f6sung f\u00fcr ber\u00fchrungsempfindliche Anwendungen. Diese langlebigen Touchscreens verwenden eine druckempfindliche Schicht, die auf physischen Kontakt reagiert und ein zuverl\u00e4ssiges und intuitives Touch-Erlebnis bietet.<\/p>\n<p data-sourcepos=\"5:1-5:51\"><strong>Wesentliche Merkmale:<\/strong><\/p>\n<ul data-sourcepos=\"7:1-9:11\">\n<li data-sourcepos=\"7:1-8:0\">\n<p data-sourcepos=\"7:3-7:185\"><strong>Pr\u00e4zise und reaktionsschnelle Erkennung von Ber\u00fchrungen:<\/strong> Planare resistive Touchscreens bieten eine pr\u00e4zise Ber\u00fchrungserkennung, die eine genaue und reaktionsschnelle Interaktion mit Touchscreen-Displays gew\u00e4hrleistet.<\/p>\n<\/li>\n<li data-sourcepos=\"9:1-9:11\">\n<p data-sourcepos=\"9:3-9:11\"><strong>Langlebige Konstruktion:<\/strong> Das robuste Design der resistiven Touchscreens h\u00e4lt starker Beanspruchung und rauen Umgebungen stand und ist daher ideal f\u00fcr kommerzielle und industrielle Anwendungen.<\/p>\n<\/li>\n<li data-sourcepos=\"11:1-11:27\">\n<p data-sourcepos=\"11:3-11:27\"><strong>Kosteneffiziente L\u00f6sung:<\/strong> Im Vergleich zu kapazitiven Touchscreens bieten druckbasierte Touchscreens eine kosteng\u00fcnstigere Option, insbesondere bei gr\u00f6\u00dferen Displays.<\/p>\n<\/li>\n<\/ul>\n<p data-sourcepos=\"13:1-13:51\"><strong>Anwendungen:<\/strong><\/p>\n<ul data-sourcepos=\"15:1-18:0\">\n<li data-sourcepos=\"15:1-16:0\">\n<p data-sourcepos=\"15:3-15:180\"><strong>Point-of-Sale (POS)-Systeme:<\/strong> Resistive Touchscreens werden aufgrund ihrer Zuverl\u00e4ssigkeit, ihres g\u00fcnstigen Preises und ihrer F\u00e4higkeit, h\u00e4ufigen Ber\u00fchrungen standzuhalten, h\u00e4ufig in POS-Systemen eingesetzt.<\/p>\n<\/li>\n<li data-sourcepos=\"17:1-18:0\">\n<p data-sourcepos=\"17:3-17:177\"><strong>Industrielle Schalttafeln:<\/strong> In industriellen Umgebungen bieten resistive Touchscreens eine robuste und langlebige L\u00f6sung f\u00fcr die Steuerung von Maschinen und die \u00dcberwachung von Prozessen.<\/p>\n<\/li>\n<li data-sourcepos=\"19:1-20:0\">\n<p data-sourcepos=\"19:3-19:161\"><strong>\u00d6ffentliche Informationskioske:<\/strong> Planare resistive Touchscreens erm\u00f6glichen interaktive \u00f6ffentliche Informationskioske, die eine einfache Navigation und den Zugang zu Informationen erm\u00f6glichen.<\/p>\n<\/li>\n<li data-sourcepos=\"21:1-22:0\">\n<p data-sourcepos=\"21:3-21:176\"><strong>P\u00e4dagogische Displays:<\/strong> In Bildungseinrichtungen erleichtern druckbasierte Touchscreens interaktive Lernerfahrungen und binden Sch\u00fcler in ber\u00fchrungsbasierte Aktivit\u00e4ten ein.<\/p>\n<\/li>\n<\/ul>","protected":false},"excerpt":{"rendered":"<p>Planare resistive Touchscreens sind aufgrund ihrer zuverl\u00e4ssigen Leistung, ihres g\u00fcnstigen Preises und ihrer Langlebigkeit weiterhin eine beliebte Wahl f\u00fcr eine Vielzahl von Anwendungen. Sie bieten eine bew\u00e4hrte und kosteneffiziente L\u00f6sung f\u00fcr ber\u00fchrungsempfindliche Bildschirme, was sie zu einer wertvollen Bereicherung f\u00fcr verschiedene Branchen und Umgebungen macht.<\/p>","protected":false},"featured_media":1569,"template":"","meta":[],"product_cat":[41],"product_tag":[],"_links":{"self":[{"href":"https:\/\/touchscreenmfg.com\/de\/wp-json\/wp\/v2\/product\/1627"}],"collection":[{"href":"https:\/\/touchscreenmfg.com\/de\/wp-json\/wp\/v2\/product"}],"about":[{"href":"https:\/\/touchscreenmfg.com\/de\/wp-json\/wp\/v2\/types\/product"}],"wp:featuredmedia":[{"embeddable":true,"href":"https:\/\/touchscreenmfg.com\/de\/wp-json\/wp\/v2\/media\/1569"}],"wp:attachment":[{"href":"https:\/\/touchscreenmfg.com\/de\/wp-json\/wp\/v2\/media?parent=1627"}],"wp:term":[{"taxonomy":"product_cat","embeddable":true,"href":"https:\/\/touchscreenmfg.com\/de\/wp-json\/wp\/v2\/product_cat?post=1627"},{"taxonomy":"product_tag","embeddable":true,"href":"https:\/\/touchscreenmfg.com\/de\/wp-json\/wp\/v2\/product_tag?post=1627"}],"curies":[{"name":"wp","href":"https:\/\/api.w.org\/{rel}","templated":true}]}}