{"id":1626,"date":"2024-06-29T01:13:20","date_gmt":"2024-06-29T01:13:20","guid":{"rendered":"https:\/\/touchscreenmfg.com\/?post_type=product&#038;p=1626"},"modified":"2024-06-29T02:10:54","modified_gmt":"2024-06-29T02:10:54","slug":"4-wire-resistive-touch-screens","status":"publish","type":"product","link":"https:\/\/touchscreenmfg.com\/de\/4-wire-resistive-touch-screens\/","title":{"rendered":"4-Draht-Resistiv-Touchscreens"},"content":{"rendered":"<h2 class=\"\" data-sourcepos=\"4:1-4:104\">4-Draht-Resistiv-Touchscreens: Zuverl\u00e4ssige und kosteneffiziente Touch-Interaktion f\u00fcr interaktive Beschilderungen<\/h2>\n<p data-sourcepos=\"6:1-6:51\">4-Draht-Resistiv-Touchscreens sind eine bew\u00e4hrte und erschwingliche L\u00f6sung f\u00fcr die Erstellung ansprechender und interaktiver Beschilderungsl\u00f6sungen. Diese langlebigen Touchscreens verwenden eine druckempfindliche Schicht, die auf physischen Kontakt reagiert und eine intuitive Interaktion mit interaktiven Displays erm\u00f6glicht.<\/p>\n<p data-sourcepos=\"8:1-8:51\"><strong>Hauptmerkmale von 4-Draht-Resistiv-Touchscreens:<\/strong><\/p>\n<ul data-sourcepos=\"10:1-10:95\">\n<li data-sourcepos=\"10:1-10:95\">\n<p class=\"\" data-sourcepos=\"10:3-10:183\"><strong class=\"\">Pr\u00e4zise und reaktionsschnelle Erkennung von Ber\u00fchrungen:<\/strong> 4-Draht-Resistiv-Touchscreens bieten eine pr\u00e4zise Ber\u00fchrungserkennung und gew\u00e4hrleisten eine pr\u00e4zise und reaktionsschnelle Interaktion mit interaktiven Beschilderungen.<\/p>\n<\/li>\n<li data-sourcepos=\"12:1-13:0\">\n<p data-sourcepos=\"12:3-12:175\"><strong>Langlebige Konstruktion:<\/strong> Das robuste Design der 4-Draht-Resistiv-Touchscreens h\u00e4lt starker Beanspruchung und rauen Umgebungen stand und ist daher ideal f\u00fcr \u00f6ffentliche Beschilderungsanwendungen.<\/p>\n<\/li>\n<li data-sourcepos=\"14:1-15:0\">\n<p data-sourcepos=\"14:3-14:170\"><strong>Kosteneffiziente L\u00f6sung:<\/strong> Im Vergleich zu kapazitiven Touchscreens bieten 4-Draht-Resistiv-Touchscreens eine kosteng\u00fcnstigere Option, insbesondere f\u00fcr gr\u00f6\u00dfere Displays.<\/p>\n<\/li>\n<\/ul>\n<p data-sourcepos=\"16:1-16:51\"><strong>Anwendungen von 4-Draht-Resistiv-Touchscreens:<\/strong><\/p>\n<ul data-sourcepos=\"18:1-20:26\">\n<li data-sourcepos=\"18:1-19:0\">\n<p data-sourcepos=\"18:3-18:195\"><strong>Interaktive digitale Beschilderung:<\/strong> 4-Draht-Resistiv-Touchscreens werden h\u00e4ufig in interaktiven digitalen Beschilderungen verwendet, die es den Betrachtern erm\u00f6glichen, mit Inhalten zu interagieren, eine Auswahl zu treffen und Informationen abzurufen.<\/p>\n<\/li>\n<li data-sourcepos=\"20:1-20:26\">\n<p data-sourcepos=\"20:3-20:26\"><strong>Displays f\u00fcr Einzelhandel und Gastgewerbe:<\/strong> Im Einzelhandel und im Gastgewerbe verbessern 4-Draht-Resistiv-Touchscreens die Selbstbedienungskioske und erm\u00f6glichen es den Kunden, Produkte einfach zu durchsuchen, Bestellungen aufzugeben und Zahlungen vorzunehmen.<\/p>\n<\/li>\n<li data-sourcepos=\"22:1-23:0\">\n<p data-sourcepos=\"22:3-22:194\"><strong>\u00d6ffentliche Informationskioske:<\/strong> 4-Draht-Resistiv-Touchscreens erm\u00f6glichen interaktive \u00f6ffentliche Informationskioske, die Besuchern einen einfachen Zugang zu Karten, Verzeichnissen und anderen Informationen bieten.<\/p>\n<\/li>\n<li data-sourcepos=\"24:1-25:0\">\n<p data-sourcepos=\"24:3-24:196\"><strong>Museums- und Ausstellungsdisplays:<\/strong> 4-Draht-Resistiv-Touchscreens verbessern Museums- und Ausstellungsdisplays und erm\u00f6glichen es den Besuchern, Exponate interaktiv zu erkunden und mehr \u00fcber die Artefakte zu erfahren.<\/p>\n<\/li>\n<\/ul>","protected":false},"excerpt":{"rendered":"<p>4-Draht-Resistiv-Touchscreens sind aufgrund ihrer zuverl\u00e4ssigen Leistung, ihres g\u00fcnstigen Preises und ihrer Langlebigkeit weiterhin eine beliebte Wahl f\u00fcr interaktive Beschilderungen. Sie bieten eine bew\u00e4hrte und kosteneffiziente L\u00f6sung f\u00fcr ber\u00fchrungsempfindliche Bildschirme, was sie zu einer wertvollen Bereicherung f\u00fcr verschiedene Beschilderungsanwendungen macht.<\/p>","protected":false},"featured_media":1546,"template":"","meta":[],"product_cat":[41],"product_tag":[],"_links":{"self":[{"href":"https:\/\/touchscreenmfg.com\/de\/wp-json\/wp\/v2\/product\/1626"}],"collection":[{"href":"https:\/\/touchscreenmfg.com\/de\/wp-json\/wp\/v2\/product"}],"about":[{"href":"https:\/\/touchscreenmfg.com\/de\/wp-json\/wp\/v2\/types\/product"}],"wp:featuredmedia":[{"embeddable":true,"href":"https:\/\/touchscreenmfg.com\/de\/wp-json\/wp\/v2\/media\/1546"}],"wp:attachment":[{"href":"https:\/\/touchscreenmfg.com\/de\/wp-json\/wp\/v2\/media?parent=1626"}],"wp:term":[{"taxonomy":"product_cat","embeddable":true,"href":"https:\/\/touchscreenmfg.com\/de\/wp-json\/wp\/v2\/product_cat?post=1626"},{"taxonomy":"product_tag","embeddable":true,"href":"https:\/\/touchscreenmfg.com\/de\/wp-json\/wp\/v2\/product_tag?post=1626"}],"curies":[{"name":"wp","href":"https:\/\/api.w.org\/{rel}","templated":true}]}}