{"id":1625,"date":"2024-06-29T01:12:48","date_gmt":"2024-06-29T01:12:48","guid":{"rendered":"https:\/\/touchscreenmfg.com\/?post_type=product&#038;p=1625"},"modified":"2024-06-29T02:14:44","modified_gmt":"2024-06-29T02:14:44","slug":"5-wire-resistive-touch-screens","status":"publish","type":"product","link":"https:\/\/touchscreenmfg.com\/de\/5-wire-resistive-touch-screens\/","title":{"rendered":"5-Draht-Resistiv-Touchscreens"},"content":{"rendered":"<h2 class=\"\" data-sourcepos=\"1:1-1:95\">5-Draht-Resistiv-Touchscreens: Erh\u00f6hte Haltbarkeit f\u00fcr interaktive Smart Boards und Bildschirme<\/h2>\n<p data-sourcepos=\"3:1-3:87\">5-Draht-Resistiv-Touchscreens verbessern die Touch-Interaktion f\u00fcr interaktive Smartboards und Bildschirme und bieten eine verbesserte Haltbarkeit, Pr\u00e4zision und Erschwinglichkeit. Diese fortschrittlichen Touchscreens verwenden ein einzigartiges Design mit einem zus\u00e4tzlichen Sensordraht, der mehrere Vorteile gegen\u00fcber herk\u00f6mmlichen 4-Draht-Resistiv-Touchscreens bietet.<\/p>\n<p data-sourcepos=\"5:1-5:51\"><strong>Hauptmerkmale von 5-Draht-Resistiv-Touchscreens:<\/strong><\/p>\n<ul data-sourcepos=\"7:1-7:60\">\n<li data-sourcepos=\"7:1-7:60\">\n<p data-sourcepos=\"7:3-7:199\"><strong>\u00dcberlegene Langlebigkeit:<\/strong> Der zus\u00e4tzliche Sensordraht in 5-Draht-Resistiv-Touchscreens erh\u00f6ht die Haltbarkeit und macht sie widerstandsf\u00e4hig gegen Kratzer und Verunreinigungen, ideal f\u00fcr stark frequentierte Umgebungen.<\/p>\n<\/li>\n<li data-sourcepos=\"9:1-9:45\">\n<p data-sourcepos=\"9:3-9:45\"><strong>Reduzierte Kantenverzerrung:<\/strong> Der zus\u00e4tzliche Draht hilft dabei, Verzerrungen an den R\u00e4ndern auszugleichen, ein h\u00e4ufiges Problem bei gr\u00f6\u00dferen interaktiven Bildschirmen, und gew\u00e4hrleistet eine gleichbleibende Ber\u00fchrungsgenauigkeit \u00fcber das gesamte Display.<\/p>\n<\/li>\n<li data-sourcepos=\"11:1-12:0\">\n<p data-sourcepos=\"11:3-11:164\"><strong>Stabile Leistung:<\/strong> 5-Draht-Resistiv-Touchscreens bieten eine stabile Leistung auch in schwierigen Umgebungen, z. B. bei starkem Umgebungslicht oder Staub.<\/p>\n<\/li>\n<li data-sourcepos=\"13:1-14:0\">\n<p data-sourcepos=\"13:3-13:167\"><strong>Kosteneffiziente L\u00f6sung:<\/strong> Im Vergleich zu kapazitiven Touchscreens bieten resistive 5-Draht-Touchscreens eine kosteng\u00fcnstigere L\u00f6sung f\u00fcr gro\u00dfe interaktive Bildschirme.<\/p>\n<\/li>\n<\/ul>\n<p data-sourcepos=\"15:1-15:51\"><strong>Anwendungen von 5-Draht-Resistiv-Touchscreens:<\/strong><\/p>\n<ul data-sourcepos=\"17:1-24:0\">\n<li data-sourcepos=\"17:1-18:0\">\n<p data-sourcepos=\"17:3-17:212\"><strong>Interaktive Smart Boards:<\/strong> 5-Draht-Resistiv-Touchscreens sind ideal f\u00fcr interaktive Smartboards in Klassenzimmern, Konferenzr\u00e4umen und Schulungszentren, die gemeinsames Lernen und Pr\u00e4sentationen erm\u00f6glichen.<\/p>\n<\/li>\n<li data-sourcepos=\"19:1-20:0\">\n<p data-sourcepos=\"19:3-19:225\"><strong>Digitale Beschilderung und Kioske:<\/strong> Im Einzelhandel, im Gastgewerbe und in \u00f6ffentlichen Bereichen verbessern 5-Draht-Resistiv-Touchscreens die digitale Beschilderung und Kioske und erm\u00f6glichen es den Benutzern, mit Inhalten zu interagieren, eine Auswahl zu treffen und auf Informationen zuzugreifen.<\/p>\n<\/li>\n<li data-sourcepos=\"21:1-22:0\">\n<p data-sourcepos=\"21:3-21:179\"><strong>Industrielle Steuerungssysteme:<\/strong> 5-Draht-Resistiv-Touchscreens sind eine zuverl\u00e4ssige und langlebige L\u00f6sung f\u00fcr die Steuerung von Maschinen und die \u00dcberwachung von Prozessen in industriellen Umgebungen.<\/p>\n<\/li>\n<li data-sourcepos=\"23:1-24:0\">\n<p data-sourcepos=\"23:3-23:193\"><strong>Medizinische Bildgebungssysteme:<\/strong> Aufgrund ihrer Langlebigkeit und Pr\u00e4zision eignen sich 5-Draht-Resistiv-Touchscreens f\u00fcr medizinische Bildgebungssysteme, mit denen \u00c4rzte pr\u00e4zise mit Bildern interagieren k\u00f6nnen.<\/p>\n<\/li>\n<\/ul>","protected":false},"excerpt":{"rendered":"<p>5-Draht-Resistiv-Touchscreens bieten eine \u00fcberzeugende Kombination aus Langlebigkeit, Pr\u00e4zision und Erschwinglichkeit, was sie zu einer bevorzugten Wahl f\u00fcr eine breite Palette von interaktiven Smartboard- und Bildschirmanwendungen macht. Sie bieten eine zuverl\u00e4ssige und kosteng\u00fcnstige L\u00f6sung f\u00fcr ber\u00fchrungsempfindliche Bildschirme, die das Engagement und die Produktivit\u00e4t der Benutzer in verschiedenen Umgebungen verbessern.<\/p>","protected":false},"featured_media":1548,"template":"","meta":[],"product_cat":[41],"product_tag":[],"_links":{"self":[{"href":"https:\/\/touchscreenmfg.com\/de\/wp-json\/wp\/v2\/product\/1625"}],"collection":[{"href":"https:\/\/touchscreenmfg.com\/de\/wp-json\/wp\/v2\/product"}],"about":[{"href":"https:\/\/touchscreenmfg.com\/de\/wp-json\/wp\/v2\/types\/product"}],"wp:featuredmedia":[{"embeddable":true,"href":"https:\/\/touchscreenmfg.com\/de\/wp-json\/wp\/v2\/media\/1548"}],"wp:attachment":[{"href":"https:\/\/touchscreenmfg.com\/de\/wp-json\/wp\/v2\/media?parent=1625"}],"wp:term":[{"taxonomy":"product_cat","embeddable":true,"href":"https:\/\/touchscreenmfg.com\/de\/wp-json\/wp\/v2\/product_cat?post=1625"},{"taxonomy":"product_tag","embeddable":true,"href":"https:\/\/touchscreenmfg.com\/de\/wp-json\/wp\/v2\/product_tag?post=1625"}],"curies":[{"name":"wp","href":"https:\/\/api.w.org\/{rel}","templated":true}]}}