{"id":1624,"date":"2024-06-29T01:09:51","date_gmt":"2024-06-29T01:09:51","guid":{"rendered":"https:\/\/touchscreenmfg.com\/?post_type=product&#038;p=1624"},"modified":"2024-06-29T02:07:12","modified_gmt":"2024-06-29T02:07:12","slug":"8-wire-resistive-touch-screens","status":"publish","type":"product","link":"https:\/\/touchscreenmfg.com\/de\/8-wire-resistive-touch-screens\/","title":{"rendered":"8-Draht-Resistiv-Touchscreens"},"content":{"rendered":"<h2 class=\"\" data-sourcepos=\"1:1-1:78\">8-Draht-Resistiv-Touchscreens: Verbesserte Pr\u00e4zision f\u00fcr Touchscreen-Monitore<\/h2>\n<p data-sourcepos=\"3:1-3:106\">Resistive Touchscreens mit 8 Dr\u00e4hten verbessern die Touch-Interaktion bei Touchscreen-Monitoren und bieten verbesserte Pr\u00e4zision, Haltbarkeit und Erschwinglichkeit. Diese fortschrittlichen Touchscreens verwenden ein einzigartiges Design mit zus\u00e4tzlichen Sensordr\u00e4hten, die mehrere Vorteile gegen\u00fcber herk\u00f6mmlichen 4-Draht-Resistiv-Touchscreens bieten.<\/p>\n<p data-sourcepos=\"5:1-5:51\"><strong>Hauptmerkmale von 8-Draht-Resistiv-Touchscreens:<\/strong><\/p>\n<ul data-sourcepos=\"7:1-7:94\">\n<li data-sourcepos=\"7:1-7:94\">\n<p data-sourcepos=\"7:3-7:186\"><strong>\u00dcberlegene Genauigkeit:<\/strong> Die zus\u00e4tzlichen Sensordr\u00e4hte in 8-Draht-Resistiv-Touchscreens erm\u00f6glichen eine pr\u00e4zisere Ber\u00fchrungserkennung, was zu einem genaueren und reaktionsschnelleren Touch-Erlebnis f\u00fchrt.<\/p>\n<\/li>\n<li data-sourcepos=\"9:1-9:103\">\n<p data-sourcepos=\"9:3-9:103\"><strong>Reduzierte Kantenverzerrung:<\/strong> Die zus\u00e4tzlichen Dr\u00e4hte helfen dabei, Verzerrungen an den R\u00e4ndern auszugleichen, ein h\u00e4ufiges Problem bei gr\u00f6\u00dferen Touchscreen-Monitoren, und gew\u00e4hrleisten eine gleichbleibende Ber\u00fchrungsgenauigkeit \u00fcber den gesamten Bildschirm.<\/p>\n<\/li>\n<li data-sourcepos=\"11:1-12:0\">\n<p data-sourcepos=\"11:3-11:164\"><strong>Stabile Leistung:<\/strong> 8-Draht-Resistiv-Touchscreens bieten eine stabile Leistung auch in schwierigen Umgebungen, z. B. bei starkem Umgebungslicht oder Staub.<\/p>\n<\/li>\n<li data-sourcepos=\"13:1-14:0\">\n<p data-sourcepos=\"13:3-13:168\"><strong>Kosteneffiziente L\u00f6sung:<\/strong> Im Vergleich zu kapazitiven Touchscreens bieten 8-Draht-Resistiv-Touchscreens eine kosteng\u00fcnstigere L\u00f6sung f\u00fcr gro\u00dfe Touchscreen-Monitore.<\/p>\n<\/li>\n<\/ul>\n<p data-sourcepos=\"15:1-15:51\"><strong>Anwendungen von 8-Draht-Resistiv-Touchscreens:<\/strong><\/p>\n<ul data-sourcepos=\"17:1-17:32\">\n<li data-sourcepos=\"17:1-17:32\">\n<p class=\"\" data-sourcepos=\"17:3-17:213\"><strong class=\"\">Interaktive Flachbildschirme:<\/strong> Resistive 8-Draht-Touchscreens sind ideal f\u00fcr interaktive Flachbildschirme, die in Konferenzr\u00e4umen, Klassenzimmern und \u00f6ffentlichen Bereichen eingesetzt werden und eine nahtlose Zusammenarbeit und den Austausch von Informationen erm\u00f6glichen.<\/p>\n<\/li>\n<li data-sourcepos=\"19:1-20:0\">\n<p data-sourcepos=\"19:3-19:180\"><strong>Industrielle Steuerungssysteme:<\/strong> In industriellen Umgebungen bieten 8-Draht-Resistiv-Touchscreens eine zuverl\u00e4ssige und dauerhafte L\u00f6sung f\u00fcr die Steuerung von Maschinen und die \u00dcberwachung von Prozessen.<\/p>\n<\/li>\n<li data-sourcepos=\"21:1-22:0\">\n<p data-sourcepos=\"21:3-21:217\"><strong>Kioske f\u00fcr Einzelhandel und Gastgewerbe:<\/strong> 8-Draht-Resistiv-Touchscreens verbessern die Selbstbedienungs-Kioske im Einzelhandel und im Gastgewerbe und erm\u00f6glichen es den Kunden, einfach auf Informationen zuzugreifen, Bestellungen aufzugeben und Zahlungen vorzunehmen.<\/p>\n<\/li>\n<li data-sourcepos=\"23:1-24:0\">\n<p data-sourcepos=\"23:3-23:208\"><strong>P\u00e4dagogische Displays:<\/strong> 8-Draht-Resistiv-Touchscreens erleichtern interaktive Lernerfahrungen in Bildungseinrichtungen, indem sie die Sch\u00fcler mit ber\u00fchrungsbasierten Aktivit\u00e4ten ansprechen und ihr Verst\u00e4ndnis verbessern.<\/p>\n<\/li>\n<\/ul>","protected":false},"excerpt":{"rendered":"<p>8-Draht-Resistiv-Touchscreens bieten eine \u00fcberzeugende Kombination aus Pr\u00e4zision, Langlebigkeit und Erschwinglichkeit, was sie zu einer bevorzugten Wahl f\u00fcr eine Vielzahl von Touchscreen-Monitoranwendungen macht. Sie stellen eine zuverl\u00e4ssige und kosteng\u00fcnstige L\u00f6sung f\u00fcr interaktive Displays dar, die das Engagement und die Produktivit\u00e4t der Benutzer in verschiedenen Umgebungen verbessern.<\/p>","protected":false},"featured_media":1550,"template":"","meta":[],"product_cat":[41],"product_tag":[],"_links":{"self":[{"href":"https:\/\/touchscreenmfg.com\/de\/wp-json\/wp\/v2\/product\/1624"}],"collection":[{"href":"https:\/\/touchscreenmfg.com\/de\/wp-json\/wp\/v2\/product"}],"about":[{"href":"https:\/\/touchscreenmfg.com\/de\/wp-json\/wp\/v2\/types\/product"}],"wp:featuredmedia":[{"embeddable":true,"href":"https:\/\/touchscreenmfg.com\/de\/wp-json\/wp\/v2\/media\/1550"}],"wp:attachment":[{"href":"https:\/\/touchscreenmfg.com\/de\/wp-json\/wp\/v2\/media?parent=1624"}],"wp:term":[{"taxonomy":"product_cat","embeddable":true,"href":"https:\/\/touchscreenmfg.com\/de\/wp-json\/wp\/v2\/product_cat?post=1624"},{"taxonomy":"product_tag","embeddable":true,"href":"https:\/\/touchscreenmfg.com\/de\/wp-json\/wp\/v2\/product_tag?post=1624"}],"curies":[{"name":"wp","href":"https:\/\/api.w.org\/{rel}","templated":true}]}}