{"id":1620,"date":"2024-06-29T01:06:11","date_gmt":"2024-06-29T01:06:11","guid":{"rendered":"https:\/\/touchscreenmfg.com\/manufacturer\/anti-reflective-glass\/"},"modified":"2024-06-29T02:25:34","modified_gmt":"2024-06-29T02:25:34","slug":"anti-reflective-glass","status":"publish","type":"product","link":"https:\/\/touchscreenmfg.com\/de\/anti-reflective-glass\/","title":{"rendered":"Antireflexionsglas"},"content":{"rendered":"<h2 class=\"\" data-sourcepos=\"1:1-1:93\">Antireflexionsglas: Verbessert die Klarheit und reduziert die Blendung f\u00fcr ein hervorragendes Seherlebnis<\/h2>\n<p data-sourcepos=\"3:1-3:52\">Antireflexglas, auch bekannt als Blendschutzglas oder entspiegeltes Glas, ist eine Art von Glas, das mit einer speziellen Beschichtung behandelt wurde, um Reflexionen zu minimieren und die Lichtdurchl\u00e4ssigkeit zu verbessern. Diese Beschichtung unterbricht die Reflexion von Lichtwellen und verringert so unerw\u00fcnschte Blendungen und Reflexionen, die eine klare Sicht behindern k\u00f6nnen.<\/p>\n<p data-sourcepos=\"5:1-5:42\"><strong>Hauptmerkmale von Antireflexglas:<\/strong><\/p>\n<ul data-sourcepos=\"7:1-7:23\">\n<li data-sourcepos=\"7:1-7:23\">\n<p data-sourcepos=\"7:3-7:165\"><strong>Erh\u00f6hte Klarheit:<\/strong> AR-Glas reduziert Oberfl\u00e4chenreflexionen erheblich und erm\u00f6glicht so eine klarere und genauere Sicht auf die Objekte oder Bilder hinter dem Glas.<\/p>\n<\/li>\n<li data-sourcepos=\"9:1-9:46\">\n<p data-sourcepos=\"9:3-9:46\"><strong>Geringere Belastung der Augen:<\/strong> Durch die Minimierung von Blendeffekten tr\u00e4gt AR-Glas dazu bei, die Belastung der Augen zu verringern, was das Betrachten von Bildschirmen, Displays und anderen Glasfl\u00e4chen \u00fcber einen l\u00e4ngeren Zeitraum hinweg angenehmer macht.<\/p>\n<\/li>\n<li data-sourcepos=\"11:1-12:0\">\n<p data-sourcepos=\"11:3-11:135\"><strong>Verbesserte Bildqualit\u00e4t:<\/strong> AR-Glas verbessert die allgemeine Bildqualit\u00e4t, indem es Reflexionen reduziert, die die Sicht verzerren oder verschleiern k\u00f6nnen.<\/p>\n<\/li>\n<\/ul>\n<p data-sourcepos=\"13:1-13:42\"><strong>Anwendungen von Antireflexionsglas:<\/strong><\/p>\n<ul data-sourcepos=\"15:1-17:28\">\n<li data-sourcepos=\"15:1-16:0\">\n<p data-sourcepos=\"15:3-15:165\"><strong>Brillen:<\/strong> AR-Beschichtungen werden h\u00e4ufig in Brillen und Sonnenbrillen verwendet, um die Blendung durch Sonnenlicht, Scheinwerfer und andere Quellen zu reduzieren und so die Sicht und den Komfort zu verbessern.<\/p>\n<\/li>\n<li data-sourcepos=\"17:1-17:28\">\n<p data-sourcepos=\"17:3-17:28\"><strong>Elektronische Ger\u00e4te:<\/strong> AR-Glas wird h\u00e4ufig in Smartphones, Tablets, Laptops und anderen elektronischen Ger\u00e4ten eingesetzt, um die Klarheit des Bildschirms zu verbessern und die Belastung der Augen zu verringern.<\/p>\n<\/li>\n<li data-sourcepos=\"19:1-20:0\">\n<p data-sourcepos=\"19:3-19:163\"><strong>Ausstellungen in Museen und Galerien:<\/strong> AR-Glas wird in Museen und Galerien eingesetzt, um Kunstwerke vor Spiegelungen zu sch\u00fctzen und den Besuchern eine bessere Sicht zu erm\u00f6glichen.<\/p>\n<\/li>\n<li data-sourcepos=\"21:1-22:0\">\n<p data-sourcepos=\"21:3-21:157\"><strong>Architektonische Anwendungen:<\/strong> AR-Glas kann in Fenstern, Oberlichtern und anderen architektonischen Elementen eingesetzt werden, um Blendeffekte zu reduzieren und die Energieeffizienz zu verbessern.<\/p>\n<\/li>\n<\/ul>\n<p data-sourcepos=\"23:1-23:316\"><strong>Antireflektierendes geh\u00e4rtetes Glas<\/strong> ist eine Art von AR-Glas, das durch einen Vorspannprozess geh\u00e4rtet wird, wodurch es bruch- und kratzfester wird. Diese Kombination aus Antireflexions- und Schutzeigenschaften macht es zur idealen Wahl f\u00fcr Anwendungen, bei denen sowohl Klarheit als auch Langlebigkeit wichtig sind.<\/p>\n<p data-sourcepos=\"25:1-25:141\"><strong>Antireflex-Glas<\/strong> ist eine andere Bezeichnung f\u00fcr Antireflexglas. Er wird oft austauschbar mit \"AR-Glas\" und \"nicht reflektierendem Glas\" verwendet.<\/p>","protected":false},"excerpt":{"rendered":"<p>Antireflexglas ist eine wertvolle Technologie, die f\u00fcr verschiedene Anwendungen erhebliche Vorteile bietet. Es erh\u00f6ht die Klarheit, verringert die Blendwirkung und verbessert die \u00c4sthetik, was es zu einer bevorzugten Wahl f\u00fcr Situationen macht, in denen optimale Sicht und Benutzerfreundlichkeit wichtig sind.<\/p>","protected":false},"featured_media":1581,"template":"","meta":[],"product_cat":[15],"product_tag":[],"_links":{"self":[{"href":"https:\/\/touchscreenmfg.com\/de\/wp-json\/wp\/v2\/product\/1620"}],"collection":[{"href":"https:\/\/touchscreenmfg.com\/de\/wp-json\/wp\/v2\/product"}],"about":[{"href":"https:\/\/touchscreenmfg.com\/de\/wp-json\/wp\/v2\/types\/product"}],"wp:featuredmedia":[{"embeddable":true,"href":"https:\/\/touchscreenmfg.com\/de\/wp-json\/wp\/v2\/media\/1581"}],"wp:attachment":[{"href":"https:\/\/touchscreenmfg.com\/de\/wp-json\/wp\/v2\/media?parent=1620"}],"wp:term":[{"taxonomy":"product_cat","embeddable":true,"href":"https:\/\/touchscreenmfg.com\/de\/wp-json\/wp\/v2\/product_cat?post=1620"},{"taxonomy":"product_tag","embeddable":true,"href":"https:\/\/touchscreenmfg.com\/de\/wp-json\/wp\/v2\/product_tag?post=1620"}],"curies":[{"name":"wp","href":"https:\/\/api.w.org\/{rel}","templated":true}]}}