{"id":1619,"date":"2024-06-29T01:06:11","date_gmt":"2024-06-29T01:06:11","guid":{"rendered":"https:\/\/touchscreenmfg.com\/manufacturer\/aio-pc-cover-glass\/"},"modified":"2024-06-29T02:32:50","modified_gmt":"2024-06-29T02:32:50","slug":"aio-pc-cover-glass","status":"publish","type":"product","link":"https:\/\/touchscreenmfg.com\/de\/aio-pc-cover-glass\/","title":{"rendered":"AIO PC-Abdeckung Glas"},"content":{"rendered":"<h2 class=\"\" data-sourcepos=\"3:1-3:89\">AIO PC-Abdeckung Glas: Verbessern Sie die \u00c4sthetik Ihres AIO-PCs mit elegantem und stilvollem Schutz<\/h2>\n<p data-sourcepos=\"5:1-5:54\">AIO PC Cover Glass, auch bekannt als 3D Cover Glass, ist eine hochwertige Glasplatte, die das Aussehen Ihres All-in-One (AIO) PCs verbessert und ihn sch\u00fctzt. Diese eleganten Glasabdeckungen bieten eine einzigartige Kombination aus \u00c4sthetik und funktionalen Vorteilen und verwandeln Ihren AIO PC in das Herzst\u00fcck Ihres Arbeitsplatzes oder Ihres Home Entertainment-Systems.<\/p>\n<p data-sourcepos=\"7:1-7:39\"><strong>Hauptmerkmale:<\/strong><\/p>\n<ul data-sourcepos=\"9:1-9:9\">\n<li data-sourcepos=\"9:1-9:9\">\n<p data-sourcepos=\"9:3-9:199\"><strong>Schlankes und modernes Design:<\/strong> AIO PC Cover Glass bietet ein schlankes und modernes Design, das die minimalistische \u00c4sthetik von AIO PCs erg\u00e4nzt und Ihrem Setup einen Hauch von Eleganz und Raffinesse verleiht.<\/p>\n<\/li>\n<li data-sourcepos=\"11:1-12:0\">\n<p data-sourcepos=\"11:3-11:189\"><strong>Verbesserte visuelle Anziehungskraft:<\/strong> Das transparente Glas l\u00e4sst die internen Komponenten Ihres AIO-PCs durchscheinen und sorgt so f\u00fcr einen visuell beeindruckenden Effekt, der die Technologie im Inneren zur Geltung bringt.<\/p>\n<\/li>\n<li data-sourcepos=\"13:1-13:125\">\n<p data-sourcepos=\"13:3-13:125\"><strong>3D-Kantengestaltung:<\/strong> Viele AIO PC-Abdeckungen verf\u00fcgen \u00fcber ein 3D-Randdesign, das sich elegant um die Kanten Ihres AIO PCs w\u00f6lbt und f\u00fcr ein glattes und elegantes Aussehen sorgt.<\/p>\n<\/li>\n<li data-sourcepos=\"15:1-16:0\">\n<p data-sourcepos=\"15:3-15:211\"><strong>Kratz- und Sto\u00dffestigkeit:<\/strong> Sie besteht in der Regel aus geh\u00e4rtetem Glas, das sehr widerstandsf\u00e4hig gegen Kratzer, St\u00f6\u00dfe und Fingerabdr\u00fccke ist und so einen dauerhaften Schutz f\u00fcr Ihren AIO PC gew\u00e4hrleistet.<\/p>\n<\/li>\n<\/ul>\n<p data-sourcepos=\"17:1-17:39\"><strong>Anwendungen:<\/strong><\/p>\n<ul data-sourcepos=\"19:1-24:0\">\n<li data-sourcepos=\"19:1-20:0\">\n<p data-sourcepos=\"19:3-19:171\"><strong>AIO-PCs:<\/strong> Das AIO PC Cover Glass wurde speziell f\u00fcr AIO PCs entwickelt. Es passt perfekt und wertet das Gesamtbild dieser kompakten Desktop-Computer auf.<\/p>\n<\/li>\n<li data-sourcepos=\"21:1-22:0\">\n<p data-sourcepos=\"21:3-21:207\"><strong>Home Entertainment Centers:<\/strong> AIO-PCs werden h\u00e4ufig als Teil von Home-Entertainment-Centern verwendet und k\u00f6nnen die \u00c4sthetik dieser Einrichtungen aufwerten, indem sie zum Mittelpunkt des Raumes werden.<\/p>\n<\/li>\n<li data-sourcepos=\"23:1-24:0\">\n<p data-sourcepos=\"23:3-23:174\"><strong>Arbeitsbereiche:<\/strong> AIO-PCs werden auch in Arbeitsbereichen immer beliebter, und AIO PC Cover Glass kann jeder B\u00fcroumgebung einen Hauch von Professionalit\u00e4t und Stil verleihen.<\/p>\n<\/li>\n<\/ul>","protected":false},"excerpt":{"rendered":"<p>Das AIO PC Cover Glass ist eine wertvolle Erg\u00e4nzung f\u00fcr jeden AIO PC und bietet eine Kombination aus \u00e4sthetischer Aufwertung und funktionellem Schutz. Mit seinem schlanken Design, den 3D-Randdetails und den kratzfesten Eigenschaften verwandelt das AIO PC Cover Glass Ihren AIO PC in ein stilvolles und gesch\u00fctztes Schmuckst\u00fcck.<\/p>","protected":false},"featured_media":1580,"template":"","meta":[],"product_cat":[15],"product_tag":[],"_links":{"self":[{"href":"https:\/\/touchscreenmfg.com\/de\/wp-json\/wp\/v2\/product\/1619"}],"collection":[{"href":"https:\/\/touchscreenmfg.com\/de\/wp-json\/wp\/v2\/product"}],"about":[{"href":"https:\/\/touchscreenmfg.com\/de\/wp-json\/wp\/v2\/types\/product"}],"wp:featuredmedia":[{"embeddable":true,"href":"https:\/\/touchscreenmfg.com\/de\/wp-json\/wp\/v2\/media\/1580"}],"wp:attachment":[{"href":"https:\/\/touchscreenmfg.com\/de\/wp-json\/wp\/v2\/media?parent=1619"}],"wp:term":[{"taxonomy":"product_cat","embeddable":true,"href":"https:\/\/touchscreenmfg.com\/de\/wp-json\/wp\/v2\/product_cat?post=1619"},{"taxonomy":"product_tag","embeddable":true,"href":"https:\/\/touchscreenmfg.com\/de\/wp-json\/wp\/v2\/product_tag?post=1619"}],"curies":[{"name":"wp","href":"https:\/\/api.w.org\/{rel}","templated":true}]}}