{"id":1618,"date":"2024-06-29T01:06:11","date_gmt":"2024-06-29T01:06:11","guid":{"rendered":"https:\/\/touchscreenmfg.com\/manufacturer\/cover-lens\/"},"modified":"2024-06-29T02:42:53","modified_gmt":"2024-06-29T02:42:53","slug":"cover-lens","status":"publish","type":"product","link":"https:\/\/touchscreenmfg.com\/de\/cover-lens\/","title":{"rendered":"Abdeckung Objektiv"},"content":{"rendered":"<h2 class=\"\" data-sourcepos=\"1:1-1:69\">Abdecklinse: Optische Linsen mit Pr\u00e4zision sch\u00fctzen und veredeln<\/h2>\n<p data-sourcepos=\"3:1-3:129\">Schutzlinsen sind optische Komponenten, die \u00fcber Prim\u00e4rlinsen angebracht werden, um diese vor Kratzern, Staub und anderen sch\u00e4dlichen Elementen zu sch\u00fctzen. Sie spielen eine entscheidende Rolle in verschiedenen Anwendungen und gew\u00e4hrleisten die Langlebigkeit und optimale Leistung optischer Systeme.<\/p>\n<p data-sourcepos=\"5:1-5:30\"><strong>Wesentliche Merkmale:<\/strong><\/p>\n<ul data-sourcepos=\"7:1-9:14\">\n<li data-sourcepos=\"7:1-8:0\">\n<p data-sourcepos=\"7:3-7:154\"><strong>Schutz:<\/strong> Deckgl\u00e4ser wirken wie eine Barriere und sch\u00fctzen die Prim\u00e4rgl\u00e4ser vor Kratzern, Abrieb und anderen durch \u00e4u\u00dfere Einfl\u00fcsse verursachten physischen Sch\u00e4den.<\/p>\n<\/li>\n<li data-sourcepos=\"9:1-9:14\">\n<p data-sourcepos=\"9:3-9:14\"><strong>Langlebigkeit:<\/strong> Sie bestehen in der Regel aus haltbaren Materialien wie Glas oder Kunststoff, damit sie dem regelm\u00e4\u00dfigen Gebrauch und rauen Umgebungen standhalten.<\/p>\n<\/li>\n<li data-sourcepos=\"11:1-11:41\">\n<p data-sourcepos=\"11:3-11:41\"><strong>Optische Klarheit:<\/strong> Hochwertige Deckgl\u00e4ser sorgen f\u00fcr eine hervorragende optische Klarheit, lassen das Licht ohne Verzerrung durch und bewahren die Bildqualit\u00e4t des Hauptglases.<\/p>\n<\/li>\n<li data-sourcepos=\"13:1-14:0\">\n<p data-sourcepos=\"13:3-13:133\"><strong>Vielseitigkeit:<\/strong> Sie sind in verschiedenen Formen, Gr\u00f6\u00dfen und Dicken erh\u00e4ltlich und eignen sich f\u00fcr eine Vielzahl von optischen Anwendungen.<\/p>\n<\/li>\n<\/ul>\n<p data-sourcepos=\"15:1-15:33\"><strong>Anwendungen:<\/strong><\/p>\n<ul data-sourcepos=\"17:1-21:47\">\n<li data-sourcepos=\"17:1-18:0\">\n<p data-sourcepos=\"17:3-17:177\"><strong>Kamera- und Camcorder-Objektive:<\/strong> Schutzgl\u00e4ser sind wichtig, um Kamera- und Camcorderobjektive vor Kratzern, Staub und Fingerabdr\u00fccken zu sch\u00fctzen und scharfe und klare Bilder zu gew\u00e4hrleisten.<\/p>\n<\/li>\n<li data-sourcepos=\"19:1-20:0\">\n<p data-sourcepos=\"19:3-19:169\"><strong>Ferngl\u00e4ser und Teleskope:<\/strong> Schutzgl\u00e4ser sch\u00fctzen die Objektiv- und Okularlinsen von Ferngl\u00e4sern und Teleskopen und verhindern Sch\u00e4den durch Staub, Feuchtigkeit und St\u00f6\u00dfe.<\/p>\n<\/li>\n<li data-sourcepos=\"21:1-21:47\">\n<p data-sourcepos=\"21:3-21:47\"><strong>Medizinische Ger\u00e4te:<\/strong> Sie werden in medizinischen Ger\u00e4ten wie Mikroskopen und Endoskopen eingesetzt, um die empfindlichen optischen Komponenten vor Verschmutzung und Besch\u00e4digung zu sch\u00fctzen.<\/p>\n<\/li>\n<li data-sourcepos=\"23:1-24:0\">\n<p data-sourcepos=\"23:3-23:161\"><strong>Industrielle Anwendungen:<\/strong> Sie werden in der Industrie zum Schutz von Sensoren, Lasern und anderen optischen Komponenten vor rauen Umgebungsbedingungen eingesetzt.<\/p>\n<\/li>\n<\/ul>\n<p data-sourcepos=\"25:1-25:269\">Das Polieren optischer Linsen ist ein entscheidender Prozess, der sicherstellt, dass Deckgl\u00e4ser ihre optische Klarheit behalten und das Licht ohne Verzerrung \u00fcbertragen. Durch das Polieren werden mikroskopisch kleine Unvollkommenheiten und Unregelm\u00e4\u00dfigkeiten auf der Glasoberfl\u00e4che entfernt, was zu einer glatten und klaren Oberfl\u00e4che f\u00fchrt.<\/p>","protected":false},"excerpt":{"rendered":"<p>Die Abdecklinse ist eine wertvolle Investition f\u00fcr jedes Ger\u00e4t mit einem Touchscreen oder einem empfindlichen Display. Sie bietet einen wichtigen Schutz und kann gleichzeitig das Benutzererlebnis verbessern.<\/p>","protected":false},"featured_media":1579,"template":"","meta":[],"product_cat":[15],"product_tag":[],"_links":{"self":[{"href":"https:\/\/touchscreenmfg.com\/de\/wp-json\/wp\/v2\/product\/1618"}],"collection":[{"href":"https:\/\/touchscreenmfg.com\/de\/wp-json\/wp\/v2\/product"}],"about":[{"href":"https:\/\/touchscreenmfg.com\/de\/wp-json\/wp\/v2\/types\/product"}],"wp:featuredmedia":[{"embeddable":true,"href":"https:\/\/touchscreenmfg.com\/de\/wp-json\/wp\/v2\/media\/1579"}],"wp:attachment":[{"href":"https:\/\/touchscreenmfg.com\/de\/wp-json\/wp\/v2\/media?parent=1618"}],"wp:term":[{"taxonomy":"product_cat","embeddable":true,"href":"https:\/\/touchscreenmfg.com\/de\/wp-json\/wp\/v2\/product_cat?post=1618"},{"taxonomy":"product_tag","embeddable":true,"href":"https:\/\/touchscreenmfg.com\/de\/wp-json\/wp\/v2\/product_tag?post=1618"}],"curies":[{"name":"wp","href":"https:\/\/api.w.org\/{rel}","templated":true}]}}