{"id":1617,"date":"2024-06-29T01:06:11","date_gmt":"2024-06-29T01:06:11","guid":{"rendered":"https:\/\/touchscreenmfg.com\/manufacturer\/gaming-glass\/"},"modified":"2024-06-29T02:51:17","modified_gmt":"2024-06-29T02:51:17","slug":"gaming-glass","status":"publish","type":"product","link":"https:\/\/touchscreenmfg.com\/de\/gaming-glass\/","title":{"rendered":"Spielglas"},"content":{"rendered":"<h2 class=\"\" data-sourcepos=\"1:1-1:81\">Gaming-Glas: Verbessern Sie Ihr Spielerlebnis mit Augenschutz und Komfort<\/h2>\n<p data-sourcepos=\"3:1-3:118\">Gaming-Gl\u00e4ser, auch bekannt als Gamer-Gl\u00e4ser, sind spezielle Brillen, die den Komfort verbessern und die Belastung der Augen bei ausgedehnten Gaming-Sessions verringern sollen. Diese Brillen weisen in der Regel mehrere wichtige Merkmale auf, die auf die besonderen Bed\u00fcrfnisse von Spielern zugeschnitten sind.<\/p>\n<p data-sourcepos=\"5:1-5:35\"><strong>Wesentliche Merkmale:<\/strong><\/p>\n<ul data-sourcepos=\"7:1-9:66\">\n<li data-sourcepos=\"7:1-8:0\">\n<p data-sourcepos=\"7:3-7:300\"><strong>Blaues Licht blockierende Linsen:<\/strong> Sie enthalten oft Gl\u00e4ser, die blaues Licht blockieren und einen Teil des blauen Lichts, das von digitalen Bildschirmen ausgestrahlt wird, herausfiltern. Blaues Licht kann den Schlafrhythmus st\u00f6ren und zu einer \u00dcberanstrengung der Augen f\u00fchren, so dass eine geringere Exposition den Komfort und das allgemeine Wohlbefinden verbessern kann.<\/p>\n<\/li>\n<li data-sourcepos=\"9:1-9:66\">\n<p data-sourcepos=\"9:3-9:66\"><strong>Anti-Glare-Beschichtung:<\/strong> Sie verf\u00fcgen in der Regel \u00fcber eine Anti-Glare-Beschichtung, die Reflexionen von Umgebungslichtquellen minimiert, die Erm\u00fcdung der Augen verringert und die Sichtbarkeit des Bildschirms verbessert, insbesondere in schwach beleuchteten Umgebungen.<\/p>\n<\/li>\n<li data-sourcepos=\"11:1-12:0\">\n<p data-sourcepos=\"11:3-11:176\"><strong>Bequeme Rahmen:<\/strong> Sie sind in der Regel mit leichten und komfortablen Rahmen ausgestattet, um das Gewicht und den Druck auf das Gesicht bei langen Spielsessions zu minimieren.<\/p>\n<\/li>\n<li data-sourcepos=\"13:1-14:0\">\n<p data-sourcepos=\"13:3-13:159\"><strong>Vielfalt der Stile:<\/strong> Es gibt sie in einer breiten Palette von Stilen, die unterschiedlichen Vorlieben entsprechen, von eleganten und modernen Designs bis hin zu traditionelleren Fassungen.<\/p>\n<\/li>\n<\/ul>\n<p data-sourcepos=\"15:1-15:35\"><strong>Anwendungen:<\/strong><\/p>\n<ul data-sourcepos=\"17:1-19:78\">\n<li data-sourcepos=\"17:1-18:0\">\n<p data-sourcepos=\"17:3-17:119\"><strong>PC-Spiele:<\/strong> Sie werden vor allem von PC-Spielern verwendet, die l\u00e4ngere Zeit auf den Bildschirm starren.<\/p>\n<\/li>\n<li data-sourcepos=\"19:1-19:78\">\n<p data-sourcepos=\"19:3-19:78\"><strong>Konsolenspiele:<\/strong> Auch Konsolenspieler k\u00f6nnen von einer Gaming-Brille profitieren, vor allem wenn sie in dunklen R\u00e4umen oder lange Zeit spielen.<\/p>\n<\/li>\n<li data-sourcepos=\"21:1-22:0\">\n<p data-sourcepos=\"21:3-21:166\"><strong>Wettbewerbliches Spielen:<\/strong> Professionelle und wettbewerbsorientierte Gamer verwenden h\u00e4ufig eine Gaming-Brille, um sich w\u00e4hrend intensiver Spielesessions optimal konzentrieren zu k\u00f6nnen und die Belastung der Augen zu verringern.<\/p>\n<\/li>\n<\/ul>","protected":false},"excerpt":{"rendered":"<p>Gaming Glass ist ein geh\u00e4rtetes Glas, das speziell f\u00fcr Gaming-Ger\u00e4te entwickelt wurde, um das empfindliche Display eines Gaming-Ger\u00e4ts vor Kratzern und St\u00f6\u00dfen zu sch\u00fctzen.<\/p>","protected":false},"featured_media":1578,"template":"","meta":[],"product_cat":[15],"product_tag":[],"_links":{"self":[{"href":"https:\/\/touchscreenmfg.com\/de\/wp-json\/wp\/v2\/product\/1617"}],"collection":[{"href":"https:\/\/touchscreenmfg.com\/de\/wp-json\/wp\/v2\/product"}],"about":[{"href":"https:\/\/touchscreenmfg.com\/de\/wp-json\/wp\/v2\/types\/product"}],"wp:featuredmedia":[{"embeddable":true,"href":"https:\/\/touchscreenmfg.com\/de\/wp-json\/wp\/v2\/media\/1578"}],"wp:attachment":[{"href":"https:\/\/touchscreenmfg.com\/de\/wp-json\/wp\/v2\/media?parent=1617"}],"wp:term":[{"taxonomy":"product_cat","embeddable":true,"href":"https:\/\/touchscreenmfg.com\/de\/wp-json\/wp\/v2\/product_cat?post=1617"},{"taxonomy":"product_tag","embeddable":true,"href":"https:\/\/touchscreenmfg.com\/de\/wp-json\/wp\/v2\/product_tag?post=1617"}],"curies":[{"name":"wp","href":"https:\/\/api.w.org\/{rel}","templated":true}]}}