{"id":1616,"date":"2024-06-29T01:06:11","date_gmt":"2024-06-29T01:06:11","guid":{"rendered":"https:\/\/touchscreenmfg.com\/manufacturer\/3d-cover-glass\/"},"modified":"2024-06-29T03:02:20","modified_gmt":"2024-06-29T03:02:20","slug":"3d-cover-glass","status":"publish","type":"product","link":"https:\/\/touchscreenmfg.com\/de\/3d-cover-glass\/","title":{"rendered":"3D-Abdeckglas"},"content":{"rendered":"<h2 class=\"\" data-sourcepos=\"1:1-1:67\">3D-Abdeckglas: Die Zukunft der eleganten und langlebigen Displays<\/h2>\n<p data-sourcepos=\"3:1-3:68\">3D-Deckglas, auch bekannt als gebogenes Deckglas, ist eine revolution\u00e4re Art von Glas, die das Design und die Funktionalit\u00e4t von elektronischen Ger\u00e4ten ver\u00e4ndert. Anders als herk\u00f6mmliches flaches Deckglas weist es eine gebogene Form auf, die sich nahtlos an die Konturen moderner gebogener Displays anpasst. Dieses innovative Design bietet eine Reihe von Vorteilen gegen\u00fcber flachem Deckglas und wird daher von Herstellern und Verbrauchern gleicherma\u00dfen bevorzugt.<\/p>\n<p data-sourcepos=\"5:1-5:2\"><strong>Wesentliche Merkmale:<\/strong><\/p>\n<ul data-sourcepos=\"7:1-7:103\">\n<li data-sourcepos=\"7:1-7:103\">\n<p class=\"\" data-sourcepos=\"7:3-7:170\"><strong class=\"\">Schlankes und elegantes Design:<\/strong> Sie verbessert die \u00c4sthetik der Ger\u00e4te, indem sie eine glatte, durchgehende Oberfl\u00e4che schafft, die sich nahtlos in das gebogene Display einf\u00fcgt.<\/p>\n<\/li>\n<li data-sourcepos=\"9:1-10:0\">\n<p data-sourcepos=\"9:3-9:177\"><strong>Verbesserte Langlebigkeit:<\/strong> Die gew\u00f6lbte Form des 3D-Abdeckglases bietet eine bessere strukturelle Unterst\u00fctzung und macht es im Vergleich zu flachem Abdeckglas widerstandsf\u00e4higer gegen St\u00f6\u00dfe und Kratzer.<\/p>\n<\/li>\n<li data-sourcepos=\"11:1-12:0\">\n<p data-sourcepos=\"11:3-11:160\"><strong>Verbesserte Edge-to-Edge-Anzeige:<\/strong> Sie erm\u00f6glicht randlose Displays, die den Sichtbereich maximieren und ein intensiveres Benutzererlebnis schaffen.<\/p>\n<\/li>\n<li data-sourcepos=\"13:1-13:105\">\n<p data-sourcepos=\"13:3-13:105\"><strong>Touchscreen-Kompatibilit\u00e4t:<\/strong> Es ist vollst\u00e4ndig kompatibel mit der Touchscreen-Technologie und gew\u00e4hrleistet eine nahtlose Touch-Interaktion.<\/p>\n<\/li>\n<\/ul>\n<p data-sourcepos=\"15:1-15:35\"><strong>Anwendungen:<\/strong><\/p>\n<ul data-sourcepos=\"17:1-24:0\">\n<li data-sourcepos=\"17:1-18:0\">\n<p data-sourcepos=\"17:3-17:135\"><strong>Smartphones:<\/strong> Es wird h\u00e4ufig in High-End-Smartphones verwendet und tr\u00e4gt zu deren schlankem Design und langlebiger Konstruktion bei.<\/p>\n<\/li>\n<li data-sourcepos=\"19:1-20:0\">\n<p data-sourcepos=\"19:3-19:118\"><strong>Tabletten:<\/strong> Tablets werden zunehmend mit 3D Cover Glass ausgestattet, um gr\u00f6\u00dfere Displays und ein besseres Benutzererlebnis zu erm\u00f6glichen.<\/p>\n<\/li>\n<li data-sourcepos=\"21:1-22:0\">\n<p data-sourcepos=\"21:3-21:113\"><strong>Laptops:<\/strong> Einige Premium-Laptops verf\u00fcgen \u00fcber 3D Cover Glass f\u00fcr ihre ber\u00fchrungsempfindlichen Displays und ihr elegantes Aussehen.<\/p>\n<\/li>\n<li data-sourcepos=\"23:1-24:0\">\n<p data-sourcepos=\"23:3-23:146\"><strong>Smartwatches:<\/strong>Es findet seinen Weg in Smartwatches und bietet eine haltbarere und optisch ansprechendere Abdeckung f\u00fcr deren Displays.<\/p>\n<\/li>\n<\/ul>","protected":false},"excerpt":{"rendered":"<p>3D-Cover-Glas ist ein Novum in der Welt der elektronischen Ger\u00e4te und bietet eine Kombination aus schlankem Design, erh\u00f6hter Haltbarkeit und verbesserten Anzeigefunktionen. Im Zuge des technologischen Fortschritts wird es sich immer mehr durchsetzen und die Zukunft von Smartphones, Tablets, Laptops und anderen Ger\u00e4ten pr\u00e4gen.<\/p>","protected":false},"featured_media":1577,"template":"","meta":[],"product_cat":[15],"product_tag":[],"_links":{"self":[{"href":"https:\/\/touchscreenmfg.com\/de\/wp-json\/wp\/v2\/product\/1616"}],"collection":[{"href":"https:\/\/touchscreenmfg.com\/de\/wp-json\/wp\/v2\/product"}],"about":[{"href":"https:\/\/touchscreenmfg.com\/de\/wp-json\/wp\/v2\/types\/product"}],"wp:featuredmedia":[{"embeddable":true,"href":"https:\/\/touchscreenmfg.com\/de\/wp-json\/wp\/v2\/media\/1577"}],"wp:attachment":[{"href":"https:\/\/touchscreenmfg.com\/de\/wp-json\/wp\/v2\/media?parent=1616"}],"wp:term":[{"taxonomy":"product_cat","embeddable":true,"href":"https:\/\/touchscreenmfg.com\/de\/wp-json\/wp\/v2\/product_cat?post=1616"},{"taxonomy":"product_tag","embeddable":true,"href":"https:\/\/touchscreenmfg.com\/de\/wp-json\/wp\/v2\/product_tag?post=1616"}],"curies":[{"name":"wp","href":"https:\/\/api.w.org\/{rel}","templated":true}]}}