{"id":1615,"date":"2024-06-29T01:06:11","date_gmt":"2024-06-29T01:06:11","guid":{"rendered":"https:\/\/touchscreenmfg.com\/manufacturer\/chemically-tempered-cover-glass\/"},"modified":"2024-06-29T03:26:40","modified_gmt":"2024-06-29T03:26:40","slug":"chemically-tempered-cover-glass","status":"publish","type":"product","link":"https:\/\/touchscreenmfg.com\/de\/chemically-tempered-cover-glass\/","title":{"rendered":"Chemisch geh\u00e4rtetes Deckglas"},"content":{"rendered":"<h2 class=\"\" data-sourcepos=\"1:1-1:91\">Chemisch geh\u00e4rtetes Deckglas: Verbesserte Haltbarkeit und Klarheit f\u00fcr elektronische Ger\u00e4te<\/h2>\n<p data-sourcepos=\"3:1-3:72\">Chemisch vorgespanntes Deckglas, auch bekannt als ionenausgetauschtes Glas, ist eine Art von Glas, das einer chemischen Behandlung unterzogen wurde, um seine Festigkeit und Haltbarkeit zu erh\u00f6hen. Bei diesem Verfahren, bei dem in der Regel Natrium- gegen Kaliumionen ausgetauscht werden, entsteht eine Druckspannungsschicht auf der Oberfl\u00e4che, die das Glas widerstandsf\u00e4higer gegen Kratzer, St\u00f6\u00dfe und Temperaturschocks macht.<\/p>\n<p data-sourcepos=\"5:1-5:49\"><strong>Wesentliche Merkmale:<\/strong><\/p>\n<ul data-sourcepos=\"7:1-9:1\">\n<li data-sourcepos=\"7:1-8:0\">\n<p data-sourcepos=\"7:3-7:166\"><strong>Verbesserte St\u00e4rke:<\/strong> Es ist in der Regel sechs- bis achtmal st\u00e4rker als gew\u00f6hnliches Glas und damit weniger anf\u00e4llig f\u00fcr Bruch und Kratzer.<\/p>\n<\/li>\n<li data-sourcepos=\"9:1-9:1\">\n<p data-sourcepos=\"9:3-9:140\"><strong>Optische Klarheit:<\/strong> Der Ionenaustauschprozess ver\u00e4ndert die optischen Eigenschaften des Glases nicht, so dass seine Transparenz und Klarheit erhalten bleiben.<\/p>\n<\/li>\n<li data-sourcepos=\"11:1-12:0\">\n<p data-sourcepos=\"11:3-11:145\"><strong>Vielseitigkeit:<\/strong> Es kann in verschiedene Formen geschnitten und geformt werden und eignet sich daher f\u00fcr eine breite Palette von Anwendungen.<\/p>\n<\/li>\n<li data-sourcepos=\"13:1-14:0\">\n<p data-sourcepos=\"13:3-13:163\"><strong>D\u00fcnnheit:<\/strong> Es kann im Vergleich zu thermisch geh\u00e4rtetem Glas in d\u00fcnneren Abschnitten hergestellt werden, wodurch leichtere und schlankere Ger\u00e4te m\u00f6glich werden.<\/p>\n<\/li>\n<\/ul>\n<p data-sourcepos=\"15:1-15:52\"><strong>Anwendungen:<\/strong><\/p>\n<ul data-sourcepos=\"17:1-19:1\">\n<li data-sourcepos=\"17:1-18:0\">\n<p data-sourcepos=\"17:3-17:184\"><strong>Smartphones und Tablets:<\/strong>Es wird h\u00e4ufig in Smartphones und Tablets verwendet, um die empfindlichen Displays vor Kratzern, St\u00f6\u00dfen und versehentlichem Herunterfallen zu sch\u00fctzen.<\/p>\n<\/li>\n<li data-sourcepos=\"19:1-19:1\">\n<p data-sourcepos=\"19:3-19:159\"><strong>Laptops und tragbare Ger\u00e4te:<\/strong> Laptops, Tablets und andere tragbare Ger\u00e4te verwenden h\u00e4ufig chemisch geh\u00e4rtetes Schutzglas f\u00fcr ihre Displays und Touchscreens.<\/p>\n<\/li>\n<li data-sourcepos=\"21:1-22:0\">\n<p data-sourcepos=\"21:3-21:151\"><strong>Automobilanzeigen:<\/strong> Aufgrund seiner Haltbarkeit und optischen Klarheit wird es zunehmend in Automobilanzeigen verwendet.<\/p>\n<\/li>\n<li data-sourcepos=\"23:1-24:0\">\n<p data-sourcepos=\"23:3-23:160\"><strong>Intelligente Uhren und Wearables:<\/strong> Intelligente Uhren und andere tragbare Ger\u00e4te profitieren von der Kratzfestigkeit und St\u00e4rke von chemisch geh\u00e4rtetem Deckglas.<\/p>\n<\/li>\n<\/ul>\n<p data-sourcepos=\"25:1-25:27\"><strong>Schneiden von geh\u00e4rtetem Glas:<\/strong><\/p>\n<p data-sourcepos=\"27:1-27:276\">Das Schneiden von chemisch geh\u00e4rtetem Deckglas erfordert aufgrund der h\u00f6heren Festigkeit und der Gefahr des Zerbrechens bei unsachgem\u00e4\u00dfer Handhabung spezielle Techniken und Ger\u00e4te. F\u00fcr einen pr\u00e4zisen und sicheren Zuschnitt von chemisch geh\u00e4rtetem Deckglas wird ein professioneller Glasschneideservice empfohlen.<\/p>","protected":false},"excerpt":{"rendered":"<p>Chemisch geh\u00e4rtetes Deckglas ist zu einer bevorzugten Wahl f\u00fcr den Schutz und die Aufwertung der Displays verschiedener elektronischer Ger\u00e4te geworden. Seine Kombination aus Festigkeit, optischer Klarheit und Vielseitigkeit macht es zu einem unverzichtbaren Bestandteil der modernen Technologie.<\/p>","protected":false},"featured_media":1576,"template":"","meta":[],"product_cat":[15],"product_tag":[],"_links":{"self":[{"href":"https:\/\/touchscreenmfg.com\/de\/wp-json\/wp\/v2\/product\/1615"}],"collection":[{"href":"https:\/\/touchscreenmfg.com\/de\/wp-json\/wp\/v2\/product"}],"about":[{"href":"https:\/\/touchscreenmfg.com\/de\/wp-json\/wp\/v2\/types\/product"}],"wp:featuredmedia":[{"embeddable":true,"href":"https:\/\/touchscreenmfg.com\/de\/wp-json\/wp\/v2\/media\/1576"}],"wp:attachment":[{"href":"https:\/\/touchscreenmfg.com\/de\/wp-json\/wp\/v2\/media?parent=1615"}],"wp:term":[{"taxonomy":"product_cat","embeddable":true,"href":"https:\/\/touchscreenmfg.com\/de\/wp-json\/wp\/v2\/product_cat?post=1615"},{"taxonomy":"product_tag","embeddable":true,"href":"https:\/\/touchscreenmfg.com\/de\/wp-json\/wp\/v2\/product_tag?post=1615"}],"curies":[{"name":"wp","href":"https:\/\/api.w.org\/{rel}","templated":true}]}}