{"id":1614,"date":"2024-06-29T01:06:11","date_gmt":"2024-06-29T01:06:11","guid":{"rendered":"https:\/\/touchscreenmfg.com\/manufacturer\/physically-tempered-cover-glass\/"},"modified":"2024-06-29T03:30:56","modified_gmt":"2024-06-29T03:30:56","slug":"physically-tempered-cover-glass","status":"publish","type":"product","link":"https:\/\/touchscreenmfg.com\/de\/physically-tempered-cover-glass\/","title":{"rendered":"Physikalisch geh\u00e4rtetes Deckglas"},"content":{"rendered":"<h2 class=\"\" data-sourcepos=\"1:1-1:100\">Physikalisch geh\u00e4rtetes Deckglas: Robuster Schutz und verbesserte Haltbarkeit f\u00fcr elektronische Ger\u00e4te<\/h2>\n<p data-sourcepos=\"3:1-3:96\">Physikalisch vorgespanntes Deckglas, auch thermisch vorgespanntes Glas genannt, ist eine Art von Glas, das einem W\u00e4rmebehandlungsprozess unterzogen wurde, um seine Festigkeit und Haltbarkeit zu erh\u00f6hen. Bei diesem Verfahren, das in der Regel ein schnelles Erhitzen und Abk\u00fchlen des Glases beinhaltet, entsteht eine Druckspannungsschicht auf der Oberfl\u00e4che, die das Glas widerstandsf\u00e4higer gegen Kratzer, St\u00f6\u00dfe und Temperaturschocks macht.<\/p>\n<p data-sourcepos=\"5:1-5:52\"><strong>Hauptmerkmale von physikalisch geh\u00e4rtetem Deckglas:<\/strong><\/p>\n<ul data-sourcepos=\"7:1-7:27\">\n<li data-sourcepos=\"7:1-7:27\">\n<p data-sourcepos=\"7:3-7:183\"><strong>Au\u00dfergew\u00f6hnliche St\u00e4rke:<\/strong> Physikalisch geh\u00e4rtetes Deckglas ist in der Regel vier- bis f\u00fcnfmal st\u00e4rker als normales Glas und bietet einen hervorragenden Schutz gegen Bruch und Kratzer.<\/p>\n<\/li>\n<li data-sourcepos=\"9:1-9:54\">\n<p data-sourcepos=\"9:3-9:54\"><strong>Optische Klarheit:<\/strong> Durch die W\u00e4rmebehandlung werden die optischen Eigenschaften des Glases nicht ver\u00e4ndert, seine Transparenz und Klarheit bleiben erhalten.<\/p>\n<\/li>\n<li data-sourcepos=\"11:1-12:0\">\n<p data-sourcepos=\"11:3-11:145\"><strong>Vielseitigkeit:<\/strong> Physikalisch geh\u00e4rtetes Deckglas kann in verschiedene Formen geschnitten und geformt werden und eignet sich daher f\u00fcr eine Vielzahl von Anwendungen.<\/p>\n<\/li>\n<li data-sourcepos=\"13:1-14:0\">\n<p data-sourcepos=\"13:3-13:171\"><strong>D\u00fcnnere Optionen:<\/strong> Physikalisch geh\u00e4rtetes Deckglas kann im Vergleich zu chemisch geh\u00e4rtetem Glas in d\u00fcnneren Abschnitten hergestellt werden, wodurch schlankere und leichtere Ger\u00e4te m\u00f6glich werden.<\/p>\n<\/li>\n<\/ul>\n<p data-sourcepos=\"15:1-15:52\"><strong>Anwendungen von physikalisch geh\u00e4rtetem Deckglas:<\/strong><\/p>\n<ul data-sourcepos=\"17:1-19:98\">\n<li data-sourcepos=\"17:1-18:0\">\n<p data-sourcepos=\"17:3-17:184\"><strong>Smartphones und Tablets:<\/strong> Physikalisch geh\u00e4rtetes Schutzglas wird h\u00e4ufig in Smartphones und Tablets verwendet, um die empfindlichen Displays vor Kratzern, St\u00f6\u00dfen und versehentlichem Herunterfallen zu sch\u00fctzen.<\/p>\n<\/li>\n<li data-sourcepos=\"19:1-19:98\">\n<p data-sourcepos=\"19:3-19:98\"><strong>Architektonische Anwendungen:<\/strong> Physikalisch geh\u00e4rtetes Deckglas wird aufgrund seiner Festigkeit und Sicherheitseigenschaften in verschiedenen architektonischen Anwendungen wie Fenstern, T\u00fcren und Trennw\u00e4nden eingesetzt.<\/p>\n<\/li>\n<li data-sourcepos=\"21:1-22:0\">\n<p data-sourcepos=\"21:3-21:151\"><strong>Automobilanzeigen:<\/strong> Physikalisch geh\u00e4rtetes Deckglas wird aufgrund seiner Langlebigkeit und optischen Klarheit immer h\u00e4ufiger in Fahrzeugdisplays eingesetzt.<\/p>\n<\/li>\n<li data-sourcepos=\"23:1-24:0\">\n<p data-sourcepos=\"23:3-23:154\"><strong>Ger\u00e4tetafeln:<\/strong> Bei Haushaltsger\u00e4ten wie K\u00fchlschr\u00e4nken und Back\u00f6fen wird h\u00e4ufig geh\u00e4rtetes Deckglas f\u00fcr die Bedienfelder und Anzeigen verwendet.<\/p>\n<\/li>\n<\/ul>\n<p data-sourcepos=\"25:1-25:28\"><strong>Verfahren zum H\u00e4rten von Glas:<\/strong><\/p>\n<p data-sourcepos=\"27:1-27:309\">Beim Vorspannen von physikalisch geh\u00e4rtetem Deckglas wird das Glas auf eine Temperatur von etwa 600-700 \u00b0C erhitzt und dann mit Kaltluftstrahlen schnell abgek\u00fchlt. Durch diesen schnellen Temperaturwechsel entsteht eine Druckspannungsschicht auf der Oberfl\u00e4che, die das Glas widerstandsf\u00e4higer gegen Spannungen und Bruch macht.<\/p>","protected":false},"excerpt":{"rendered":"<p>Physikalisch geh\u00e4rtetes Deckglas ist zu einem unverzichtbaren Bestandteil des Schutzes von elektronischen Ger\u00e4ten und architektonischen Anwendungen geworden. Seine au\u00dfergew\u00f6hnliche Festigkeit, optische Klarheit und Vielseitigkeit machen es zu einer unverzichtbaren Komponente in der modernen Technologie und im Bauwesen.<\/p>","protected":false},"featured_media":1575,"template":"","meta":[],"product_cat":[15],"product_tag":[],"_links":{"self":[{"href":"https:\/\/touchscreenmfg.com\/de\/wp-json\/wp\/v2\/product\/1614"}],"collection":[{"href":"https:\/\/touchscreenmfg.com\/de\/wp-json\/wp\/v2\/product"}],"about":[{"href":"https:\/\/touchscreenmfg.com\/de\/wp-json\/wp\/v2\/types\/product"}],"wp:featuredmedia":[{"embeddable":true,"href":"https:\/\/touchscreenmfg.com\/de\/wp-json\/wp\/v2\/media\/1575"}],"wp:attachment":[{"href":"https:\/\/touchscreenmfg.com\/de\/wp-json\/wp\/v2\/media?parent=1614"}],"wp:term":[{"taxonomy":"product_cat","embeddable":true,"href":"https:\/\/touchscreenmfg.com\/de\/wp-json\/wp\/v2\/product_cat?post=1614"},{"taxonomy":"product_tag","embeddable":true,"href":"https:\/\/touchscreenmfg.com\/de\/wp-json\/wp\/v2\/product_tag?post=1614"}],"curies":[{"name":"wp","href":"https:\/\/api.w.org\/{rel}","templated":true}]}}