{"id":1613,"date":"2024-06-29T01:06:11","date_gmt":"2024-06-29T01:06:11","guid":{"rendered":"https:\/\/touchscreenmfg.com\/manufacturer\/3d-bent-glass\/"},"modified":"2024-06-29T03:36:43","modified_gmt":"2024-06-29T03:36:43","slug":"3d-bent-glass","status":"publish","type":"product","link":"https:\/\/touchscreenmfg.com\/de\/3d-bent-glass\/","title":{"rendered":"3D gebogenes Glas"},"content":{"rendered":"<h2 class=\"\" data-sourcepos=\"1:1-1:66\">Gebogenes 3D-Glas: Die Zukunft der eleganten und langlebigen Displays<\/h2>\n<p data-sourcepos=\"3:1-3:67\">3D Bent Glass, auch bekannt als gebogenes Deckglas, ist eine revolution\u00e4re Art von Glas, die das Design und die Funktionalit\u00e4t von elektronischen Ger\u00e4ten ver\u00e4ndert. Anders als herk\u00f6mmliches flaches Deckglas hat 3D Bent Glass eine gebogene Form, die sich nahtlos an die Konturen moderner gebogener Displays anpasst. Dieses innovative Design bietet eine Reihe von Vorteilen gegen\u00fcber flachem Deckglas und wird daher von Herstellern und Verbrauchern gleicherma\u00dfen bevorzugt.<\/p>\n<p data-sourcepos=\"5:1-5:19\"><strong>Wesentliche Merkmale:<\/strong><\/p>\n<ul data-sourcepos=\"7:1-7:153\">\n<li data-sourcepos=\"7:1-7:153\">\n<p class=\"\" data-sourcepos=\"7:3-7:169\"><strong class=\"\">Schlankes und elegantes Design:<\/strong> 3D Bent Glass verbessert die \u00c4sthetik von Ger\u00e4ten, indem es eine glatte, durchgehende Oberfl\u00e4che schafft, die nahtlos mit dem gebogenen Display verschmilzt.<\/p>\n<\/li>\n<li data-sourcepos=\"9:1-10:0\">\n<p data-sourcepos=\"9:3-9:176\"><strong>Verbesserte Langlebigkeit:<\/strong> Die gebogene Form von 3D Bent Glass sorgt f\u00fcr eine bessere strukturelle Unterst\u00fctzung und macht es im Vergleich zu flachem Deckglas widerstandsf\u00e4higer gegen St\u00f6\u00dfe und Kratzer.<\/p>\n<\/li>\n<li data-sourcepos=\"11:1-12:0\">\n<p data-sourcepos=\"11:3-11:159\"><strong>Verbesserte Edge-to-Edge-Anzeige:<\/strong> 3D Bent Glass erm\u00f6glicht randlose Displays, die den Sichtbereich maximieren und ein noch intensiveres Nutzererlebnis schaffen.<\/p>\n<\/li>\n<li data-sourcepos=\"13:1-13:131\">\n<p data-sourcepos=\"13:3-13:131\"><strong>Touchscreen-Kompatibilit\u00e4t:<\/strong> 3D Bent Glass ist vollst\u00e4ndig kompatibel mit der Touchscreen-Technologie und gew\u00e4hrleistet eine nahtlose Touch-Interaktion.<\/p>\n<\/li>\n<\/ul>\n<p data-sourcepos=\"15:1-15:27\"><strong>Biegen von geh\u00e4rtetem Glas:<\/strong><\/p>\n<p data-sourcepos=\"17:1-17:284\">Bei der Herstellung von gebogenem 3D-Glas wird geh\u00e4rtetes Glas auf eine hohe Temperatur erhitzt und dann mit speziellen Formen und Ger\u00e4ten in die gew\u00fcnschte Form gebracht. Dieses Verfahren gew\u00e4hrleistet, dass das Glas seine Festigkeit und Haltbarkeit beh\u00e4lt und gleichzeitig die gew\u00fcnschte Kr\u00fcmmung erh\u00e4lt.<\/p>\n<p data-sourcepos=\"19:1-19:34\"><strong>Anwendungen:<\/strong><\/p>\n<ul data-sourcepos=\"21:1-28:0\">\n<li data-sourcepos=\"21:1-22:0\">\n<p data-sourcepos=\"21:3-21:134\"><strong>Smartphones:<\/strong> Es wird h\u00e4ufig in High-End-Smartphones verwendet und tr\u00e4gt zu deren schlankem Design und langlebiger Konstruktion bei.<\/p>\n<\/li>\n<li data-sourcepos=\"23:1-24:0\">\n<p data-sourcepos=\"23:3-23:117\"><strong>Tabletten:<\/strong> Tablets werden zunehmend mit 3D Bent Glass ausgestattet, um gr\u00f6\u00dfere Displays und ein besseres Benutzererlebnis zu erm\u00f6glichen.<\/p>\n<\/li>\n<li data-sourcepos=\"25:1-26:0\">\n<p data-sourcepos=\"25:3-25:112\"><strong>Laptops:<\/strong> Einige Premium-Laptops verf\u00fcgen \u00fcber 3D Bent Glass f\u00fcr ihre ber\u00fchrungsempfindlichen Displays und ihre elegante \u00c4sthetik.<\/p>\n<\/li>\n<li data-sourcepos=\"27:1-28:0\">\n<p data-sourcepos=\"27:3-27:145\"><strong>Smartwatches:<\/strong> Es findet seinen Weg in Smartwatches und bietet eine haltbarere und optisch ansprechendere Abdeckung f\u00fcr deren Displays.<\/p>\n<\/li>\n<\/ul>","protected":false},"excerpt":{"rendered":"<p>Gebogenes 3D-Glas ist ein Novum in der Welt der elektronischen Ger\u00e4te, denn es bietet eine Kombination aus elegantem Design, erh\u00f6hter Haltbarkeit und verbesserten Anzeigefunktionen. Im Zuge des technologischen Fortschritts wird sich gebogenes 3D-Glas noch st\u00e4rker durchsetzen und die Zukunft von Smartphones, Tablets, Laptops und anderen Ger\u00e4ten pr\u00e4gen.<\/p>","protected":false},"featured_media":1574,"template":"","meta":[],"product_cat":[15],"product_tag":[],"_links":{"self":[{"href":"https:\/\/touchscreenmfg.com\/de\/wp-json\/wp\/v2\/product\/1613"}],"collection":[{"href":"https:\/\/touchscreenmfg.com\/de\/wp-json\/wp\/v2\/product"}],"about":[{"href":"https:\/\/touchscreenmfg.com\/de\/wp-json\/wp\/v2\/types\/product"}],"wp:featuredmedia":[{"embeddable":true,"href":"https:\/\/touchscreenmfg.com\/de\/wp-json\/wp\/v2\/media\/1574"}],"wp:attachment":[{"href":"https:\/\/touchscreenmfg.com\/de\/wp-json\/wp\/v2\/media?parent=1613"}],"wp:term":[{"taxonomy":"product_cat","embeddable":true,"href":"https:\/\/touchscreenmfg.com\/de\/wp-json\/wp\/v2\/product_cat?post=1613"},{"taxonomy":"product_tag","embeddable":true,"href":"https:\/\/touchscreenmfg.com\/de\/wp-json\/wp\/v2\/product_tag?post=1613"}],"curies":[{"name":"wp","href":"https:\/\/api.w.org\/{rel}","templated":true}]}}