{"id":1608,"date":"2024-06-29T01:06:10","date_gmt":"2024-06-29T01:06:10","guid":{"rendered":"https:\/\/touchscreenmfg.com\/manufacturer\/touch-screen-lens\/"},"modified":"2024-06-29T03:53:36","modified_gmt":"2024-06-29T03:53:36","slug":"touch-screen-lens","status":"publish","type":"product","link":"https:\/\/touchscreenmfg.com\/de\/touch-screen-lens\/","title":{"rendered":"Touchscreen-Objektiv"},"content":{"rendered":"<h2 class=\"\" data-sourcepos=\"3:1-3:76\">Touchscreen-Linsen: Schutz und Verbesserung des Touchscreen-Erlebnisses<\/h2>\n<p data-sourcepos=\"5:1-5:166\">Touchscreen-Linsen, auch bekannt als Touchscreen-Abdeckungen oder Schutzfolien, sind transparente Schichten, die \u00fcber Touchscreen-Displays angebracht werden, um sie vor Kratzern, St\u00f6\u00dfen und anderen Sch\u00e4den zu sch\u00fctzen. Diese Schutzschilde spielen eine entscheidende Rolle bei der Erhaltung der Integrit\u00e4t und Funktionalit\u00e4t von Touchscreens und gew\u00e4hrleisten ein reibungsloses und reaktionsschnelles Benutzererlebnis.<\/p>\n<p data-sourcepos=\"7:1-7:40\"><strong>Wesentliche Merkmale:<\/strong><\/p>\n<ul data-sourcepos=\"9:1-9:121\">\n<li data-sourcepos=\"9:1-9:121\">\n<p class=\"\" data-sourcepos=\"9:3-9:191\"><strong class=\"\">Widerstandsf\u00e4higkeit gegen Kratzer:<\/strong> Touchscreen-Gl\u00e4ser sind so konstruiert, dass sie Kratzern aus dem t\u00e4glichen Gebrauch, wie z. B. Schl\u00fcsseln, M\u00fcnzen und anderen Gegenst\u00e4nden, standhalten und die empfindliche Display-Oberfl\u00e4che nicht besch\u00e4digen.<\/p>\n<\/li>\n<li data-sourcepos=\"11:1-12:0\">\n<p data-sourcepos=\"11:3-11:156\"><strong>Aufprallschutz:<\/strong> Diese Schutzfolien k\u00f6nnen die Kraft von St\u00f6\u00dfen absorbieren und zerstreuen, wodurch das Risiko von Rissen und Br\u00fcchen im Touchscreen verringert wird.<\/p>\n<\/li>\n<li data-sourcepos=\"13:1-14:0\">\n<p data-sourcepos=\"13:3-13:242\"><strong>Blendschutz und Fleckenreduzierung:<\/strong> Einige Touchscreen-Gl\u00e4ser verf\u00fcgen \u00fcber Antireflexionsbeschichtungen, die Reflexionen minimieren und die Sicht in hellen Umgebungen verbessern. Sie k\u00f6nnen auch Anti-Schmutz-Eigenschaften haben, um Fingerabdr\u00fccke und Flecken zu reduzieren.<\/p>\n<\/li>\n<li data-sourcepos=\"15:1-15:56\">\n<p data-sourcepos=\"15:3-15:56\"><strong>Kompatibilit\u00e4t mit der Ber\u00fchrungsempfindlichkeit:<\/strong> Touchscreen-Objektive sind in der Regel so konzipiert, dass die Ber\u00fchrungsempfindlichkeit des Displays erhalten bleibt und eine nahtlose Interaktion und Reaktionsf\u00e4higkeit gew\u00e4hrleistet ist.<\/p>\n<\/li>\n<\/ul>\n<p data-sourcepos=\"17:1-17:40\"><strong>Anwendungen:<\/strong><\/p>\n<ul data-sourcepos=\"19:1-26:0\">\n<li data-sourcepos=\"19:1-20:0\">\n<p data-sourcepos=\"19:3-19:154\"><strong>Smartphones und Tablets:<\/strong> Touchscreen-Gl\u00e4ser sind bei Smartphones und Tablets weit verbreitet, um deren wertvolle Displays vor der t\u00e4glichen Abnutzung zu sch\u00fctzen.<\/p>\n<\/li>\n<li data-sourcepos=\"21:1-22:0\">\n<p data-sourcepos=\"21:3-21:135\"><strong>Laptops und Desktops:<\/strong> Touchscreen-Laptops und All-in-One-Desktops (AIO) profitieren h\u00e4ufig vom Schutz durch Touchscreen-Gl\u00e4ser.<\/p>\n<\/li>\n<li data-sourcepos=\"23:1-24:0\">\n<p data-sourcepos=\"23:3-23:203\"><strong>Kioske und interaktive Displays:<\/strong> \u00d6ffentlich zug\u00e4ngliche Kioske und interaktive Displays sind besonders anf\u00e4llig f\u00fcr Kratzer und St\u00f6\u00dfe, so dass Touchscreen-Gl\u00e4ser f\u00fcr ihren Schutz unerl\u00e4sslich sind.<\/p>\n<\/li>\n<li data-sourcepos=\"25:1-26:0\">\n<p data-sourcepos=\"25:3-25:185\"><strong>Point-of-Sale (POS)-Systeme:<\/strong> Touchscreen-Kassensysteme sind auf Touchscreen-Linsen angewiesen, um ihre Displays vor Besch\u00e4digungen zu sch\u00fctzen und einen ununterbrochenen Betrieb in Einzelhandelsumgebungen zu gew\u00e4hrleisten.<\/p>\n<\/li>\n<\/ul>","protected":false},"excerpt":{"rendered":"<p>Touchscreen-Gl\u00e4ser dienen als wichtige Schutzbarriere f\u00fcr Touchscreen-Displays, verl\u00e4ngern deren Lebensdauer und bewahren ihre Funktionalit\u00e4t. Ihre F\u00e4higkeit, Kratzer, St\u00f6\u00dfe und Verschmutzungen zu verhindern, sorgt f\u00fcr ein konsistentes und angenehmes Benutzererlebnis bei einer Vielzahl von Anwendungen.<\/p>","protected":false},"featured_media":1568,"template":"","meta":[],"product_cat":[41],"product_tag":[],"_links":{"self":[{"href":"https:\/\/touchscreenmfg.com\/de\/wp-json\/wp\/v2\/product\/1608"}],"collection":[{"href":"https:\/\/touchscreenmfg.com\/de\/wp-json\/wp\/v2\/product"}],"about":[{"href":"https:\/\/touchscreenmfg.com\/de\/wp-json\/wp\/v2\/types\/product"}],"wp:featuredmedia":[{"embeddable":true,"href":"https:\/\/touchscreenmfg.com\/de\/wp-json\/wp\/v2\/media\/1568"}],"wp:attachment":[{"href":"https:\/\/touchscreenmfg.com\/de\/wp-json\/wp\/v2\/media?parent=1608"}],"wp:term":[{"taxonomy":"product_cat","embeddable":true,"href":"https:\/\/touchscreenmfg.com\/de\/wp-json\/wp\/v2\/product_cat?post=1608"},{"taxonomy":"product_tag","embeddable":true,"href":"https:\/\/touchscreenmfg.com\/de\/wp-json\/wp\/v2\/product_tag?post=1608"}],"curies":[{"name":"wp","href":"https:\/\/api.w.org\/{rel}","templated":true}]}}