{"id":2179,"date":"2024-09-20T08:13:40","date_gmt":"2024-09-20T08:13:40","guid":{"rendered":"https:\/\/touchscreenmfg.com\/?post_type=product&#038;p=2179"},"modified":"2024-09-20T08:13:56","modified_gmt":"2024-09-20T08:13:56","slug":"pc-touch-screen","status":"publish","type":"product","link":"https:\/\/touchscreenmfg.com\/da\/pc-touch-screen\/","title":{"rendered":"PC-ber\u00f8ringssk\u00e6rm"},"content":{"rendered":"<h2>PC-ber\u00f8ringssk\u00e6rme: Et holdbart og alsidigt valg<\/h2>\n<h3 data-sourcepos=\"5:1-5:39\">Vigtige fordele:<\/h3>\n<ul>\n<li><span class=\"citation-0 recitation\">H\u00f8j slagfasthed:<\/span><span class=\"citation-0 recitation citation-end-0\"> PC er et meget slagfast materiale, hvilket g\u00f8r det velegnet til enheder, der kan uds\u00e6ttes for fysiske st\u00f8d eller fald.<\/span><\/li>\n<li>Temperaturbestandighed: PC kan modst\u00e5 en lang r\u00e6kke temperaturer, hvilket g\u00f8r det velegnet til udend\u00f8rs eller industrielle anvendelser.<\/li>\n<li><span class=\"citation-1 recitation\">Kemisk modstandsdygtighed:<\/span><span class=\"citation-1 recitation citation-end-1\"> PC er modstandsdygtigt over for mange kemikalier og opl\u00f8sningsmidler, hvilket g\u00f8r det holdbart i barske milj\u00f8er.<\/span><\/li>\n<li><span class=\"citation-2 recitation\">Optisk klarhed:<\/span><span class=\"citation-2 recitation citation-end-2\"> PC'en giver god optisk klarhed, hvilket sikrer en klar og responsiv touch-oplevelse.<\/span><\/li>\n<\/ul>\n<h3 data-sourcepos=\"12:1-12:37\">Applikationer:<\/h3>\n<ul>\n<li><span class=\"citation-3 recitation\">Industriel automatisering:<\/span><span class=\"citation-3 recitation citation-end-3\"> PC-ber\u00f8ringssk\u00e6rme bruges i vid udstr\u00e6kning i industrielle kontrolpaneler og maskiner p\u00e5 grund af deres holdbarhed og modstandsdygtighed over for barske forhold.<\/span><\/li>\n<li>Udend\u00f8rs kiosker: PC-ber\u00f8ringssk\u00e6rme er velegnede til udend\u00f8rs kiosker og informationsterminaler, da de kan t\u00e5le at blive udsat for vind og vejr.<\/li>\n<li>Biler: PC bruges i infotainmentsystemer og navigationssk\u00e6rme i biler, hvor holdbarhed og temperaturbestandighed er afg\u00f8rende.<\/li>\n<li><span class=\"citation-4 recitation\">Medicinsk udstyr:<\/span><span class=\"citation-4 recitation citation-end-4\"> PC-ber\u00f8ringssk\u00e6rme findes i medicinsk udstyr som f.eks. diagnostisk udstyr og patientoverv\u00e5gningssystemer.<\/span><\/li>\n<\/ul>\n<h3 data-sourcepos=\"19:1-19:44\">Sammenligning af PMMA- og pc-ber\u00f8ringssk\u00e6rme:<\/h3>\n<div class=\"horizontal-scroll-wrapper\">\n<div class=\"table-block-component\">\n<div class=\"table-block\">\n<div class=\"table-content not-end-of-paragraph\">\n<table style=\"height: 170px;\" width=\"612\" data-sourcepos=\"21:1-27:25\">\n<tbody>\n<tr data-sourcepos=\"21:1-21:23\">\n<th data-sourcepos=\"21:1-21:9\">Funktion<\/th>\n<th data-sourcepos=\"21:11-21:16\">PMMA<\/th>\n<th data-sourcepos=\"21:18-21:21\">PC<\/th>\n<\/tr>\n<tr data-sourcepos=\"23:1-23:40\">\n<td data-sourcepos=\"23:1-23:19\">Modstandsdygtighed over for slag<\/td>\n<td data-sourcepos=\"23:21-23:26\">God<\/td>\n<td data-sourcepos=\"23:28-23:38\">Fremragende<\/td>\n<\/tr>\n<tr data-sourcepos=\"24:1-24:45\">\n<td data-sourcepos=\"24:1-24:24\">Temperaturbestandighed<\/td>\n<td data-sourcepos=\"24:26-24:31\">God<\/td>\n<td data-sourcepos=\"24:33-24:43\">Fremragende<\/td>\n<\/tr>\n<tr data-sourcepos=\"25:1-25:42\">\n<td data-sourcepos=\"25:1-25:21\">Kemisk modstandsdygtighed<\/td>\n<td data-sourcepos=\"25:23-25:28\">God<\/td>\n<td data-sourcepos=\"25:30-25:40\">Fremragende<\/td>\n<\/tr>\n<tr data-sourcepos=\"26:1-26:38\">\n<td data-sourcepos=\"26:1-26:17\">Optisk klarhed<\/td>\n<td data-sourcepos=\"26:19-26:29\">Fremragende<\/td>\n<td data-sourcepos=\"26:31-26:36\">God<\/td>\n<\/tr>\n<tr data-sourcepos=\"27:1-27:25\">\n<td data-sourcepos=\"27:1-27:6\">Omkostninger<\/td>\n<td data-sourcepos=\"27:8-27:14\">Lavere<\/td>\n<td data-sourcepos=\"27:16-27:23\">H\u00f8jere<\/td>\n<\/tr>\n<\/tbody>\n<\/table>\n<\/div>\n<\/div>\n<\/div>\n<\/div>","protected":false},"excerpt":{"rendered":"<p>Ber\u00f8ringssk\u00e6rme af pc (polykarbonat) er en anden popul\u00e6r l\u00f8sning til elektroniske enheder, da de er meget holdbare og modstandsdygtige over for st\u00f8d. De bruges ofte i applikationer, hvor holdbarhed og robusthed er afg\u00f8rende.<\/p>\n<p>Konklusionen er, at b\u00e5de PMMA- og PC-ber\u00f8ringssk\u00e6rme har en fremragende ydeevne og holdbarhed. Valget mellem de to materialer afh\u00e6nger af de specifikke krav til anvendelsen. PMMA er generelt mere omkostningseffektivt og giver fremragende optisk klarhed, mens PC er kendt for sin enest\u00e5ende slag- og temperaturbestandighed.<\/p>","protected":false},"featured_media":2180,"template":"","meta":[],"product_cat":[43],"product_tag":[],"_links":{"self":[{"href":"https:\/\/touchscreenmfg.com\/da\/wp-json\/wp\/v2\/product\/2179"}],"collection":[{"href":"https:\/\/touchscreenmfg.com\/da\/wp-json\/wp\/v2\/product"}],"about":[{"href":"https:\/\/touchscreenmfg.com\/da\/wp-json\/wp\/v2\/types\/product"}],"wp:featuredmedia":[{"embeddable":true,"href":"https:\/\/touchscreenmfg.com\/da\/wp-json\/wp\/v2\/media\/2180"}],"wp:attachment":[{"href":"https:\/\/touchscreenmfg.com\/da\/wp-json\/wp\/v2\/media?parent=2179"}],"wp:term":[{"taxonomy":"product_cat","embeddable":true,"href":"https:\/\/touchscreenmfg.com\/da\/wp-json\/wp\/v2\/product_cat?post=2179"},{"taxonomy":"product_tag","embeddable":true,"href":"https:\/\/touchscreenmfg.com\/da\/wp-json\/wp\/v2\/product_tag?post=2179"}],"curies":[{"name":"wp","href":"https:\/\/api.w.org\/{rel}","templated":true}]}}