{"id":2177,"date":"2024-09-20T08:00:55","date_gmt":"2024-09-20T08:00:55","guid":{"rendered":"https:\/\/touchscreenmfg.com\/?post_type=product&#038;p=2177"},"modified":"2025-03-15T09:13:16","modified_gmt":"2025-03-15T09:13:16","slug":"pmma-touch-screen","status":"publish","type":"product","link":"https:\/\/touchscreenmfg.com\/da\/pmma-touch-screen\/","title":{"rendered":"PMMA-ber\u00f8ringssk\u00e6rm"},"content":{"rendered":"<h2>Ber\u00f8ringssk\u00e6rme af PMMA: Et klart og responsivt valg<\/h2>\n<h3 data-sourcepos=\"5:1-5:38\">Vigtige fordele:<\/h3>\n<ul data-sourcepos=\"7:1-8:61\">\n<li data-sourcepos=\"7:1-7:108\">H\u00f8j gennemsigtighed: <a href=\"https:\/\/nylon-granules.com\/acrylic-sheet\/\" target=\"_blank\" rel=\"noopener\">PMMA<\/a> giver fremragende klarhed og synlighed, hvilket sikrer et klart og tydeligt display.<\/li>\n<li data-sourcepos=\"8:1-8:61\">Letv\u00e6gt: PMMA er et relativt let materiale, hvilket g\u00f8r det velegnet til b\u00e6rbare enheder.<\/li>\n<li data-sourcepos=\"9:1-9:97\">Modstandsdygtighed over for ridser: PMMA giver god modstandsdygtighed over for ridser og beskytter sk\u00e6rmen mod skader.<\/li>\n<li data-sourcepos=\"10:1-10:29\">Modstandsdygtighed over for kemikalier: PMMA er modstandsdygtigt over for en lang r\u00e6kke kemikalier, hvilket g\u00f8r det velegnet til brug i barske milj\u00f8er.<\/li>\n<li data-sourcepos=\"11:1-12:0\">Omkostningseffektivt: PMMA er generelt mere omkostningseffektivt sammenlignet med andre materialer som glas.<\/li>\n<\/ul>\n<h3 data-sourcepos=\"13:1-13:39\">Applikationer:<\/h3>\n<ul data-sourcepos=\"15:1-17:89\">\n<li data-sourcepos=\"15:1-15:170\">Smartphones og tablets: PMMA bruges ofte i touchscreens p\u00e5 smartphones og tablets p\u00e5 grund af kombinationen af klarhed, holdbarhed og omkostningseffektivitet.<\/li>\n<li data-sourcepos=\"16:1-16:150\">Systemer til salgssteder (POS): PMMA-ber\u00f8ringssk\u00e6rme bruges i vid udstr\u00e6kning i detail- og hotelbranchen til kundeinteraktioner og transaktioner.<\/li>\n<li data-sourcepos=\"17:1-17:89\">Industriel automatisering: PMMA-ber\u00f8ringssk\u00e6rme bruges i industrielle kontrolpaneler og maskiner til operat\u00f8rinput.<\/li>\n<li data-sourcepos=\"18:1-19:0\">Medicinsk udstyr: PMMA-ber\u00f8ringssk\u00e6rme findes i medicinsk udstyr som f.eks. diagnostisk udstyr og patientoverv\u00e5gningssystemer.<\/li>\n<\/ul>\n<h3 data-sourcepos=\"20:1-20:68\">Selv om PMMA har mange fordele, har det ogs\u00e5 nogle begr\u00e6nsninger:<\/h3>\n<ul data-sourcepos=\"22:1-24:0\">\n<li data-sourcepos=\"22:1-22:86\">H\u00e5rdhed: PMMA er ikke s\u00e5 h\u00e5rdt som glas, hvilket g\u00f8r det mere modtageligt for ridser.<\/li>\n<li data-sourcepos=\"23:1-24:0\">Temperaturf\u00f8lsomhed: PMMA kan p\u00e5virkes af ekstreme temperaturer, hvilket kan p\u00e5virke dens ydeevne.<\/li>\n<\/ul>","protected":false},"excerpt":{"rendered":"<p data-sourcepos=\"3:1-3:93\">PMMA, eller polymethylmethacrylat, er et popul\u00e6rt materiale til ber\u00f8ringssk\u00e6rme p\u00e5 grund af dets fremragende optiske egenskaber og holdbarhed. PMMA-ber\u00f8ringssk\u00e6rme er en klar, responsiv og omkostningseffektiv l\u00f8sning til forskellige elektroniske enheder.<\/p>\n<p data-sourcepos=\"3:1-3:93\">Alt i alt er PMMA-ber\u00f8ringssk\u00e6rme en p\u00e5lidelig og omkostningseffektiv l\u00f8sning til en lang r\u00e6kke anvendelser. Deres kombination af klarhed, holdbarhed og prisvenlighed g\u00f8r dem til et popul\u00e6rt valg i elektronikindustrien.<\/p>","protected":false},"featured_media":2178,"template":"","meta":[],"product_cat":[43],"product_tag":[],"_links":{"self":[{"href":"https:\/\/touchscreenmfg.com\/da\/wp-json\/wp\/v2\/product\/2177"}],"collection":[{"href":"https:\/\/touchscreenmfg.com\/da\/wp-json\/wp\/v2\/product"}],"about":[{"href":"https:\/\/touchscreenmfg.com\/da\/wp-json\/wp\/v2\/types\/product"}],"wp:featuredmedia":[{"embeddable":true,"href":"https:\/\/touchscreenmfg.com\/da\/wp-json\/wp\/v2\/media\/2178"}],"wp:attachment":[{"href":"https:\/\/touchscreenmfg.com\/da\/wp-json\/wp\/v2\/media?parent=2177"}],"wp:term":[{"taxonomy":"product_cat","embeddable":true,"href":"https:\/\/touchscreenmfg.com\/da\/wp-json\/wp\/v2\/product_cat?post=2177"},{"taxonomy":"product_tag","embeddable":true,"href":"https:\/\/touchscreenmfg.com\/da\/wp-json\/wp\/v2\/product_tag?post=2177"}],"curies":[{"name":"wp","href":"https:\/\/api.w.org\/{rel}","templated":true}]}}