{"id":1877,"date":"2024-08-07T02:50:04","date_gmt":"2024-08-07T02:50:04","guid":{"rendered":"https:\/\/touchscreenmfg.com\/?post_type=product&#038;p=1877"},"modified":"2024-08-07T03:01:34","modified_gmt":"2024-08-07T03:01:34","slug":"controller-touch-switch","status":"publish","type":"product","link":"https:\/\/touchscreenmfg.com\/da\/controller-touch-switch\/","title":{"rendered":"Controller Touch Switch"},"content":{"rendered":"<h3 class=\"\" data-sourcepos=\"11:1-11:45\">Anvendelser<\/h3>\n<p data-sourcepos=\"13:1-13:71\">Controller touch switches anvendes i mange forskellige brancher:<\/p>\n<ul data-sourcepos=\"15:1-20:0\">\n<li data-sourcepos=\"15:1-15:84\"><strong>Forbrugerelektronik:<\/strong> Smartphones, tablets, smartwatches og spillekonsoller.<\/li>\n<li data-sourcepos=\"16:1-16:88\"><strong>Biler:<\/strong> Infotainmentsystemer, klimakontrolpaneler og instrumentgrupper.<\/li>\n<li data-sourcepos=\"17:1-17:85\"><strong>Industriel automatisering:<\/strong> Maskinens kontrolpaneler, menneske-maskine-gr\u00e6nseflader (HMI'er).<\/li>\n<li data-sourcepos=\"18:1-18:72\"><strong>Hvidevarer til hjemmet:<\/strong> Intelligente ovne, k\u00f8leskabe og vaskemaskiner.<\/li>\n<li data-sourcepos=\"19:1-20:0\"><strong>Medicinsk udstyr:<\/strong> Diagnostiske maskiner, patientoverv\u00e5gningssystemer.<\/li>\n<\/ul>\n<h3 class=\"\" data-sourcepos=\"21:1-21:41\">Fordele<\/h3>\n<ul data-sourcepos=\"23:1-28:0\">\n<li data-sourcepos=\"23:1-23:81\"><strong>Intuitiv brugergr\u00e6nseflade:<\/strong> Giver en naturlig og brugervenlig interaktion.<\/li>\n<li data-sourcepos=\"24:1-24:71\"><strong>Elegant design:<\/strong> Bidrager til moderne og \u00e6stetisk produktdesign.<\/li>\n<li data-sourcepos=\"25:1-25:65\"><strong>Holdbarhed:<\/strong> Modstandsdygtig over for slitage, hvilket sikrer lang levetid.<\/li>\n<li data-sourcepos=\"26:1-26:83\"><strong>Tilpasning:<\/strong> Kan skr\u00e6ddersys til specifikke applikationer og brugerpr\u00e6ferencer.<\/li>\n<li data-sourcepos=\"27:1-28:0\"><strong>Hygiejne:<\/strong> Lettere at reng\u00f8re sammenlignet med fysiske knapper.<\/li>\n<\/ul>","protected":false},"excerpt":{"rendered":"<p>En controller touch-switch er en brugergr\u00e6nseflade, der reagerer p\u00e5 touch-input og giver mulighed for at styre forskellige enheder og systemer. Denne teknologi har revolutioneret den m\u00e5de, vi interagerer med elektronik p\u00e5, og giver en s\u00f8ml\u00f8s og intuitiv oplevelse.<\/p>","protected":false},"featured_media":1878,"template":"","meta":[],"product_cat":[42],"product_tag":[],"_links":{"self":[{"href":"https:\/\/touchscreenmfg.com\/da\/wp-json\/wp\/v2\/product\/1877"}],"collection":[{"href":"https:\/\/touchscreenmfg.com\/da\/wp-json\/wp\/v2\/product"}],"about":[{"href":"https:\/\/touchscreenmfg.com\/da\/wp-json\/wp\/v2\/types\/product"}],"wp:featuredmedia":[{"embeddable":true,"href":"https:\/\/touchscreenmfg.com\/da\/wp-json\/wp\/v2\/media\/1878"}],"wp:attachment":[{"href":"https:\/\/touchscreenmfg.com\/da\/wp-json\/wp\/v2\/media?parent=1877"}],"wp:term":[{"taxonomy":"product_cat","embeddable":true,"href":"https:\/\/touchscreenmfg.com\/da\/wp-json\/wp\/v2\/product_cat?post=1877"},{"taxonomy":"product_tag","embeddable":true,"href":"https:\/\/touchscreenmfg.com\/da\/wp-json\/wp\/v2\/product_tag?post=1877"}],"curies":[{"name":"wp","href":"https:\/\/api.w.org\/{rel}","templated":true}]}}