{"id":1871,"date":"2024-08-07T02:46:18","date_gmt":"2024-08-07T02:46:18","guid":{"rendered":"https:\/\/touchscreenmfg.com\/?post_type=product&#038;p=1871"},"modified":"2024-08-07T02:58:47","modified_gmt":"2024-08-07T02:58:47","slug":"car-light-touch-switch","status":"publish","type":"product","link":"https:\/\/touchscreenmfg.com\/da\/car-light-touch-switch\/","title":{"rendered":"Ber\u00f8ringsafbryder til billygter"},"content":{"rendered":"<h3><strong><b>Fordele ved ber\u00f8ringskontakter til billygter<\/b><\/strong><\/h3>\n<ul>\n<li><strong>Forbedret \u00e6stetik:<\/strong>\u00a0Det slanke og minimalistiske design bidrager til et moderne bilinteri\u00f8r.<\/li>\n<li><strong>Forbedret brugervenlighed:<\/strong>\u00a0Intuitiv touch-gr\u00e6nseflade reducerer distraktion af f\u00f8reren.<\/li>\n<li><strong>Holdbarhed:<\/strong>\u00a0Modstandsdygtig over for slitage, hvilket sikrer lang levetid.<\/li>\n<li><strong>Tilpasning:<\/strong>\u00a0Kan programmeres med forskellige lysfunktioner og tilstande.<\/li>\n<li><strong>Hygiejne:<\/strong>\u00a0Lettere at reng\u00f8re sammenlignet med fysiske knapper.<\/li>\n<\/ul>\n<h3><strong><b>Typer af ber\u00f8ringskontakter til billygter<\/b><\/strong><\/h3>\n<ul>\n<li><strong>Kapacitive ber\u00f8ringskontakter:<\/strong>\u00a0Reagerer p\u00e5 kapacitans\u00e6ndringer for\u00e5rsaget af menneskekroppen.<\/li>\n<li><strong>Resistive touch-kontakter:<\/strong>\u00a0Registrerer \u00e6ndringer i den elektriske modstand, n\u00e5r der trykkes p\u00e5 den.<\/li>\n<li><strong>Projicerede kapacitive ber\u00f8ringskontakter:<\/strong>\u00a0Giver h\u00f8jere f\u00f8lsomhed og n\u00f8jagtighed.<\/li>\n<\/ul>\n<h3><strong><b>Anvendelser i k\u00f8ret\u00f8jer<\/b><\/strong><\/h3>\n<p>Ber\u00f8ringsafbrydere til billygter bruges ofte til:<\/p>\n<ul>\n<li><strong>Betjening af forlygter:<\/strong>\u00a0Justering af lysstyrke, str\u00e5lem\u00f8nstre og automatisk t\u00e6nd\/sluk-funktioner.<\/li>\n<li><strong>Indvendig belysning:<\/strong>\u00a0Styring af omgivelsesbelysning, l\u00e6selamper og stemningsbelysning.<\/li>\n<li><strong>Kontroller p\u00e5 instrumentbr\u00e6ttet:<\/strong>\u00a0Betjening af klimaanl\u00e6g, lydsystemer og andre funktioner i bilen.<\/li>\n<\/ul>","protected":false},"excerpt":{"rendered":"<h3 data-sourcepos=\"5:1-5:37\">S\u00e5dan fungerer ber\u00f8ringskontakter til billygter<\/h3>\n<p data-sourcepos=\"7:1-7:243\"><span class=\"citation-1 recitation citation-end-1\">Touchkontakter til biler bruger typisk kapacitiv eller resistiv teknologi til at registrere fingerkontakt.<\/span> N\u00e5r en finger r\u00f8rer ved kontaktens overflade, skaber det en \u00e6ndring i kapacitans eller modstand, som udl\u00f8ser den \u00f8nskede funktion.<\/p>","protected":false},"featured_media":1872,"template":"","meta":[],"product_cat":[42],"product_tag":[],"_links":{"self":[{"href":"https:\/\/touchscreenmfg.com\/da\/wp-json\/wp\/v2\/product\/1871"}],"collection":[{"href":"https:\/\/touchscreenmfg.com\/da\/wp-json\/wp\/v2\/product"}],"about":[{"href":"https:\/\/touchscreenmfg.com\/da\/wp-json\/wp\/v2\/types\/product"}],"wp:featuredmedia":[{"embeddable":true,"href":"https:\/\/touchscreenmfg.com\/da\/wp-json\/wp\/v2\/media\/1872"}],"wp:attachment":[{"href":"https:\/\/touchscreenmfg.com\/da\/wp-json\/wp\/v2\/media?parent=1871"}],"wp:term":[{"taxonomy":"product_cat","embeddable":true,"href":"https:\/\/touchscreenmfg.com\/da\/wp-json\/wp\/v2\/product_cat?post=1871"},{"taxonomy":"product_tag","embeddable":true,"href":"https:\/\/touchscreenmfg.com\/da\/wp-json\/wp\/v2\/product_tag?post=1871"}],"curies":[{"name":"wp","href":"https:\/\/api.w.org\/{rel}","templated":true}]}}