{"id":1862,"date":"2024-08-07T02:42:39","date_gmt":"2024-08-07T02:42:39","guid":{"rendered":"https:\/\/touchscreenmfg.com\/?post_type=product&#038;p=1862"},"modified":"2024-08-07T02:54:53","modified_gmt":"2024-08-07T02:54:53","slug":"car-center-console-touch-film","status":"publish","type":"product","link":"https:\/\/touchscreenmfg.com\/da\/car-center-console-touch-film\/","title":{"rendered":"Touch-film til midterkonsol i bilen"},"content":{"rendered":"<h3><strong>Anvendelser af ber\u00f8ringsfilm<\/strong><\/h3>\n<p id=\"tw-target-text\" class=\"tw-data-text tw-text-large tw-ta\" dir=\"ltr\" data-placeholder=\"Translation\" aria-label=\"Oversat tekst\" data-ved=\"2ahUKEwie_Z3B7OGHAxW_bfUHHYxgEGkQ3ewLegQIERAU\"><span class=\"Y2IQFc\" lang=\"en\">Selvkapacitans afg\u00f8r, om en finger r\u00f8rer ved elektroden ved at registrere \u00e6ndringer i den elektrostatiske kapacitans. Kapacitansen scannes og registreres i henhold til en bestemt cyklus. Det kan vurderes, om en finger r\u00f8rer ved elektroden, baseret p\u00e5 \u00e6ndringen i den m\u00e5lte v\u00e6rdi. MCU'en cykler i henhold til en bestemt cyklus. Elektrodens kapacitans scannes og registreres. N\u00e5r fingeren er v\u00e6k fra elektroden, forbliver kapacitansv\u00e6rdien p\u00e5 en stabil t\u00e6llev\u00e6rdi. N\u00e5r en finger n\u00e6rmer sig eller r\u00f8rer ved kapacitansv\u00e6rdien, stiger kapacitansv\u00e6rdien, og t\u00e6llev\u00e6rdien stiger. N\u00e5r fingeren bev\u00e6ger sig v\u00e6k fra elektroden, falder kapacitansv\u00e6rdien med t\u00e6llev\u00e6rdien. Den t\u00e6llev\u00e6rdi, der falder og forbliver p\u00e5 en stabil v\u00e6rdi, n\u00e5r fingeren er v\u00e6k fra elektroden, kaldes basisv\u00e6rdien. Vi l\u00e6gger en t\u00e6rskelv\u00e6rdi oven p\u00e5 denne basisv\u00e6rdi som den kritiske v\u00e6rdi. N\u00e5r t\u00e6llev\u00e6rdien er h\u00f8jere end denne kritiske v\u00e6rdi, er d\u00f8mmekontakten ON. N\u00e5r t\u00e6llev\u00e6rdien er under denne kritiske v\u00e6rdi, vurderes det, at kontakten er OFF.<\/span><\/p>","protected":false},"excerpt":{"rendered":"<h3 id=\"tw-target-text\" class=\"tw-data-text tw-text-large tw-ta\" dir=\"ltr\" data-placeholder=\"Translation\" aria-label=\"Oversat tekst\" data-ved=\"2ahUKEwie_Z3B7OGHAxW_bfUHHYxgEGkQ3ewLegQIERAU\"><strong><span class=\"Y2IQFc\" lang=\"en\">Princip for implementering af ber\u00f8ringsfilm<\/span><\/strong><\/h3>\n<p>Ladningens bev\u00e6gelseshastighed er konstant, s\u00e5 jo st\u00f8rre kapacitansen er, jo l\u00e6ngere er opladnings- og afladningstiden, og jo st\u00f8rre er str\u00f8mm\u00e6ngden. Derfor kan vi bruge l\u00e6ngden af opladnings- og afladningstiden og m\u00e6ngden af opladnings- og afladningsstr\u00f8m til at bed\u00f8mme kondensatorens st\u00f8rrelse. S\u00e5 l\u00e6nge der er en tilstand, som vi kan opn\u00e5 og indsamle en stabil tilstands\u00e6ndring, kan vi bruge denne \u00e6ndring til at implementere et switch-signal.<\/p>","protected":false},"featured_media":1863,"template":"","meta":[],"product_cat":[42],"product_tag":[],"_links":{"self":[{"href":"https:\/\/touchscreenmfg.com\/da\/wp-json\/wp\/v2\/product\/1862"}],"collection":[{"href":"https:\/\/touchscreenmfg.com\/da\/wp-json\/wp\/v2\/product"}],"about":[{"href":"https:\/\/touchscreenmfg.com\/da\/wp-json\/wp\/v2\/types\/product"}],"wp:featuredmedia":[{"embeddable":true,"href":"https:\/\/touchscreenmfg.com\/da\/wp-json\/wp\/v2\/media\/1863"}],"wp:attachment":[{"href":"https:\/\/touchscreenmfg.com\/da\/wp-json\/wp\/v2\/media?parent=1862"}],"wp:term":[{"taxonomy":"product_cat","embeddable":true,"href":"https:\/\/touchscreenmfg.com\/da\/wp-json\/wp\/v2\/product_cat?post=1862"},{"taxonomy":"product_tag","embeddable":true,"href":"https:\/\/touchscreenmfg.com\/da\/wp-json\/wp\/v2\/product_tag?post=1862"}],"curies":[{"name":"wp","href":"https:\/\/api.w.org\/{rel}","templated":true}]}}