{"id":1627,"date":"2024-06-29T01:18:12","date_gmt":"2024-06-29T01:18:12","guid":{"rendered":"https:\/\/touchscreenmfg.com\/?post_type=product&#038;p=1627"},"modified":"2024-06-29T01:50:18","modified_gmt":"2024-06-29T01:50:18","slug":"planar-resistive-touch-screen","status":"publish","type":"product","link":"https:\/\/touchscreenmfg.com\/da\/planar-resistive-touch-screen\/","title":{"rendered":"Planar resistiv ber\u00f8ringssk\u00e6rm"},"content":{"rendered":"<p data-sourcepos=\"3:1-3:111\">Planar resistive touch-sk\u00e6rme er en gennempr\u00f8vet og omkostningseffektiv l\u00f8sning til touch-aktiverede applikationer. Disse holdbare ber\u00f8ringssk\u00e6rme bruger et trykf\u00f8lsomt lag, der reagerer p\u00e5 fysisk kontakt og giver en p\u00e5lidelig og intuitiv ber\u00f8ringsoplevelse.<\/p>\n<p data-sourcepos=\"5:1-5:51\"><strong>Vigtige funktioner:<\/strong><\/p>\n<ul data-sourcepos=\"7:1-9:11\">\n<li data-sourcepos=\"7:1-8:0\">\n<p data-sourcepos=\"7:3-7:185\"><strong>Pr\u00e6cis og responsiv ber\u00f8ringsgenkendelse:<\/strong> Planar resistive touch-sk\u00e6rme leverer pr\u00e6cis ber\u00f8ringsregistrering, hvilket sikrer n\u00f8jagtig og responsiv interaktion med touch-sk\u00e6rme.<\/p>\n<\/li>\n<li data-sourcepos=\"9:1-9:11\">\n<p data-sourcepos=\"9:3-9:11\"><strong>Holdbar konstruktion:<\/strong> Det robuste design af resistive ber\u00f8ringssk\u00e6rme modst\u00e5r h\u00e5rd brug og barske milj\u00f8er, hvilket g\u00f8r dem ideelle til kommercielle og industrielle anvendelser.<\/p>\n<\/li>\n<li data-sourcepos=\"11:1-11:27\">\n<p data-sourcepos=\"11:3-11:27\"><strong>Omkostningseffektiv l\u00f8sning:<\/strong> Sammenlignet med kapacitive ber\u00f8ringssk\u00e6rme er trykbaserede ber\u00f8ringssk\u00e6rme en mere overkommelig l\u00f8sning, is\u00e6r til st\u00f8rre sk\u00e6rmst\u00f8rrelser.<\/p>\n<\/li>\n<\/ul>\n<p data-sourcepos=\"13:1-13:51\"><strong>Applikationer:<\/strong><\/p>\n<ul data-sourcepos=\"15:1-18:0\">\n<li data-sourcepos=\"15:1-16:0\">\n<p data-sourcepos=\"15:3-15:180\"><strong>Point-of-Sale (POS)-systemer:<\/strong> Resistive touch-sk\u00e6rme er meget udbredte i POS-systemer p\u00e5 grund af deres p\u00e5lidelighed, overkommelige pris og evne til at modst\u00e5 hyppige ber\u00f8ringer.<\/p>\n<\/li>\n<li data-sourcepos=\"17:1-18:0\">\n<p data-sourcepos=\"17:3-17:177\"><strong>Industrielle kontrolpaneler:<\/strong> I industrielle sammenh\u00e6nge er resistive touchsk\u00e6rme en robust og holdbar l\u00f8sning til styring af maskiner og overv\u00e5gning af processer.<\/p>\n<\/li>\n<li data-sourcepos=\"19:1-20:0\">\n<p data-sourcepos=\"19:3-19:161\"><strong>Kiosker med offentlig information:<\/strong> Planar resistive touch-sk\u00e6rme muligg\u00f8r interaktive offentlige informationskiosker, der giver nem navigation og adgang til information.<\/p>\n<\/li>\n<li data-sourcepos=\"21:1-22:0\">\n<p data-sourcepos=\"21:3-21:176\"><strong>Uddannelsesm\u00e6ssige udstillinger:<\/strong> I undervisningssammenh\u00e6nge letter trykbaserede touchsk\u00e6rme interaktive l\u00e6ringsoplevelser og engagerer eleverne i touchbaserede aktiviteter.<\/p>\n<\/li>\n<\/ul>","protected":false},"excerpt":{"rendered":"<p>Planare resistive touchsk\u00e6rme er fortsat et popul\u00e6rt valg til en lang r\u00e6kke anvendelser p\u00e5 grund af deres p\u00e5lidelige ydeevne, overkommelige pris og holdbarhed. De tilbyder en gennempr\u00f8vet og omkostningseffektiv l\u00f8sning til ber\u00f8ringsaktiverede sk\u00e6rme, hvilket g\u00f8r dem til et v\u00e6rdifuldt aktiv for forskellige brancher og milj\u00f8er.<\/p>","protected":false},"featured_media":1569,"template":"","meta":[],"product_cat":[41],"product_tag":[],"_links":{"self":[{"href":"https:\/\/touchscreenmfg.com\/da\/wp-json\/wp\/v2\/product\/1627"}],"collection":[{"href":"https:\/\/touchscreenmfg.com\/da\/wp-json\/wp\/v2\/product"}],"about":[{"href":"https:\/\/touchscreenmfg.com\/da\/wp-json\/wp\/v2\/types\/product"}],"wp:featuredmedia":[{"embeddable":true,"href":"https:\/\/touchscreenmfg.com\/da\/wp-json\/wp\/v2\/media\/1569"}],"wp:attachment":[{"href":"https:\/\/touchscreenmfg.com\/da\/wp-json\/wp\/v2\/media?parent=1627"}],"wp:term":[{"taxonomy":"product_cat","embeddable":true,"href":"https:\/\/touchscreenmfg.com\/da\/wp-json\/wp\/v2\/product_cat?post=1627"},{"taxonomy":"product_tag","embeddable":true,"href":"https:\/\/touchscreenmfg.com\/da\/wp-json\/wp\/v2\/product_tag?post=1627"}],"curies":[{"name":"wp","href":"https:\/\/api.w.org\/{rel}","templated":true}]}}