{"id":1626,"date":"2024-06-29T01:13:20","date_gmt":"2024-06-29T01:13:20","guid":{"rendered":"https:\/\/touchscreenmfg.com\/?post_type=product&#038;p=1626"},"modified":"2024-06-29T02:10:54","modified_gmt":"2024-06-29T02:10:54","slug":"4-wire-resistive-touch-screens","status":"publish","type":"product","link":"https:\/\/touchscreenmfg.com\/da\/4-wire-resistive-touch-screens\/","title":{"rendered":"4-tr\u00e5ds resistive ber\u00f8ringssk\u00e6rme"},"content":{"rendered":"<h2 class=\"\" data-sourcepos=\"4:1-4:104\">4-tr\u00e5ds resistive ber\u00f8ringssk\u00e6rme: P\u00e5lidelig og omkostningseffektiv ber\u00f8ringsinteraktion til interaktiv skiltning<\/h2>\n<p data-sourcepos=\"6:1-6:51\">4-tr\u00e5ds resistive ber\u00f8ringssk\u00e6rme er en gennempr\u00f8vet og prisbillig l\u00f8sning til at skabe engagerende og interaktive skiltel\u00f8sninger. Disse holdbare ber\u00f8ringssk\u00e6rme bruger et trykf\u00f8lsomt lag, der reagerer p\u00e5 fysisk kontakt og muligg\u00f8r intuitiv interaktion med interaktive sk\u00e6rme.<\/p>\n<p data-sourcepos=\"8:1-8:51\"><strong>N\u00f8glefunktioner i 4 Wire Resistive Touch Screens:<\/strong><\/p>\n<ul data-sourcepos=\"10:1-10:95\">\n<li data-sourcepos=\"10:1-10:95\">\n<p class=\"\" data-sourcepos=\"10:3-10:183\"><strong class=\"\">Pr\u00e6cis og responsiv ber\u00f8ringsgenkendelse:<\/strong> 4-tr\u00e5ds resistive ber\u00f8ringssk\u00e6rme leverer pr\u00e6cis ber\u00f8ringsregistrering, hvilket sikrer n\u00f8jagtig og responsiv interaktion med interaktiv skiltning.<\/p>\n<\/li>\n<li data-sourcepos=\"12:1-13:0\">\n<p data-sourcepos=\"12:3-12:175\"><strong>Holdbar konstruktion:<\/strong> Det robuste design af 4-tr\u00e5ds resistive ber\u00f8ringssk\u00e6rme modst\u00e5r kraftig brug og barske milj\u00f8er, hvilket g\u00f8r dem ideelle til offentlig skiltning.<\/p>\n<\/li>\n<li data-sourcepos=\"14:1-15:0\">\n<p data-sourcepos=\"14:3-14:170\"><strong>Omkostningseffektiv l\u00f8sning:<\/strong> Sammenlignet med kapacitive ber\u00f8ringssk\u00e6rme er 4-tr\u00e5ds resistive ber\u00f8ringssk\u00e6rme en mere overkommelig l\u00f8sning, is\u00e6r til st\u00f8rre sk\u00e6rmst\u00f8rrelser.<\/p>\n<\/li>\n<\/ul>\n<p data-sourcepos=\"16:1-16:51\"><strong>Anvendelser af 4-tr\u00e5ds resistive ber\u00f8ringssk\u00e6rme:<\/strong><\/p>\n<ul data-sourcepos=\"18:1-20:26\">\n<li data-sourcepos=\"18:1-19:0\">\n<p data-sourcepos=\"18:3-18:195\"><strong>Interaktiv digital skiltning:<\/strong> 4-tr\u00e5ds resistive ber\u00f8ringssk\u00e6rme bruges i vid udstr\u00e6kning til interaktiv digital skiltning, s\u00e5 seerne kan engagere sig i indholdet, foretage valg og f\u00e5 adgang til information.<\/p>\n<\/li>\n<li data-sourcepos=\"20:1-20:26\">\n<p data-sourcepos=\"20:3-20:26\"><strong>Displays til detailhandel og hotelbranchen:<\/strong> I detail- og restaurationsbranchen forbedrer 4-tr\u00e5ds resistive ber\u00f8ringssk\u00e6rme selvbetjeningskiosker, s\u00e5 kunderne nemt kan gennemse produkter, afgive ordrer og foretage betalinger.<\/p>\n<\/li>\n<li data-sourcepos=\"22:1-23:0\">\n<p data-sourcepos=\"22:3-22:194\"><strong>Kiosker med offentlig information:<\/strong> 4-tr\u00e5ds resistive touchsk\u00e6rme muligg\u00f8r interaktive offentlige informationskiosker, der giver bes\u00f8gende nem adgang til kort, vejvisere og andre oplysninger.<\/p>\n<\/li>\n<li data-sourcepos=\"24:1-25:0\">\n<p data-sourcepos=\"24:3-24:196\"><strong>Museums- og udstillingsudstillinger:<\/strong> 4-tr\u00e5ds resistive ber\u00f8ringssk\u00e6rme forbedrer museums- og udstillingsdisplays, s\u00e5 de bes\u00f8gende kan udforske udstillingerne interaktivt og l\u00e6re mere om genstandene.<\/p>\n<\/li>\n<\/ul>","protected":false},"excerpt":{"rendered":"<p>4-tr\u00e5ds resistive touchsk\u00e6rme er fortsat et popul\u00e6rt valg til interaktiv skiltning p\u00e5 grund af deres p\u00e5lidelige ydeevne, overkommelige pris og holdbarhed. De er en gennempr\u00f8vet og omkostningseffektiv l\u00f8sning til ber\u00f8ringsf\u00f8lsomme sk\u00e6rme, hvilket g\u00f8r dem til et v\u00e6rdifuldt aktiv til forskellige former for skiltning.<\/p>","protected":false},"featured_media":1546,"template":"","meta":[],"product_cat":[41],"product_tag":[],"_links":{"self":[{"href":"https:\/\/touchscreenmfg.com\/da\/wp-json\/wp\/v2\/product\/1626"}],"collection":[{"href":"https:\/\/touchscreenmfg.com\/da\/wp-json\/wp\/v2\/product"}],"about":[{"href":"https:\/\/touchscreenmfg.com\/da\/wp-json\/wp\/v2\/types\/product"}],"wp:featuredmedia":[{"embeddable":true,"href":"https:\/\/touchscreenmfg.com\/da\/wp-json\/wp\/v2\/media\/1546"}],"wp:attachment":[{"href":"https:\/\/touchscreenmfg.com\/da\/wp-json\/wp\/v2\/media?parent=1626"}],"wp:term":[{"taxonomy":"product_cat","embeddable":true,"href":"https:\/\/touchscreenmfg.com\/da\/wp-json\/wp\/v2\/product_cat?post=1626"},{"taxonomy":"product_tag","embeddable":true,"href":"https:\/\/touchscreenmfg.com\/da\/wp-json\/wp\/v2\/product_tag?post=1626"}],"curies":[{"name":"wp","href":"https:\/\/api.w.org\/{rel}","templated":true}]}}