{"id":1625,"date":"2024-06-29T01:12:48","date_gmt":"2024-06-29T01:12:48","guid":{"rendered":"https:\/\/touchscreenmfg.com\/?post_type=product&#038;p=1625"},"modified":"2024-06-29T02:14:44","modified_gmt":"2024-06-29T02:14:44","slug":"5-wire-resistive-touch-screens","status":"publish","type":"product","link":"https:\/\/touchscreenmfg.com\/da\/5-wire-resistive-touch-screens\/","title":{"rendered":"5-tr\u00e5ds resistive ber\u00f8ringssk\u00e6rme"},"content":{"rendered":"<h2 class=\"\" data-sourcepos=\"1:1-1:95\">5-tr\u00e5ds resistive ber\u00f8ringssk\u00e6rme: Forbedret holdbarhed for interaktive smartboards og sk\u00e6rme<\/h2>\n<p data-sourcepos=\"3:1-3:87\">5-tr\u00e5ds resistive ber\u00f8ringssk\u00e6rme l\u00f8fter ber\u00f8ringsoplevelsen for interaktive smartboards og sk\u00e6rme og tilbyder forbedret holdbarhed, pr\u00e6cision og overkommelige priser. Disse avancerede ber\u00f8ringssk\u00e6rme har et unikt design med en ekstra sensortr\u00e5d, som giver flere fordele i forhold til traditionelle resistive ber\u00f8ringssk\u00e6rme med 4 tr\u00e5de.<\/p>\n<p data-sourcepos=\"5:1-5:51\"><strong>N\u00f8glefunktioner i 5 Wire Resistive Touch Screens:<\/strong><\/p>\n<ul data-sourcepos=\"7:1-7:60\">\n<li data-sourcepos=\"7:1-7:60\">\n<p data-sourcepos=\"7:3-7:199\"><strong>Overlegen holdbarhed:<\/strong> Den ekstra sensortr\u00e5d i 5-tr\u00e5ds resistive touchsk\u00e6rme forbedrer holdbarheden, hvilket g\u00f8r dem modstandsdygtige over for ridser og snavs, ideelt til milj\u00f8er med meget trafik.<\/p>\n<\/li>\n<li data-sourcepos=\"9:1-9:45\">\n<p data-sourcepos=\"9:3-9:45\"><strong>Reduceret kantforvr\u00e6ngning:<\/strong> Den ekstra ledning hj\u00e6lper med at kompensere for kantforvr\u00e6ngning, et almindeligt problem i st\u00f8rre interaktive sk\u00e6rme, og sikrer ensartet ber\u00f8ringsn\u00f8jagtighed over hele sk\u00e6rmen.<\/p>\n<\/li>\n<li data-sourcepos=\"11:1-12:0\">\n<p data-sourcepos=\"11:3-11:164\"><strong>Stabil ydeevne:<\/strong> 5-tr\u00e5ds resistive touchsk\u00e6rme giver stabil ydelse selv i udfordrende milj\u00f8er, f.eks. med meget lys eller st\u00f8v.<\/p>\n<\/li>\n<li data-sourcepos=\"13:1-14:0\">\n<p data-sourcepos=\"13:3-13:167\"><strong>Omkostningseffektiv l\u00f8sning:<\/strong> Sammenlignet med kapacitive ber\u00f8ringssk\u00e6rme er 5-tr\u00e5ds resistive ber\u00f8ringssk\u00e6rme en mere omkostningseffektiv l\u00f8sning til store interaktive sk\u00e6rme.<\/p>\n<\/li>\n<\/ul>\n<p data-sourcepos=\"15:1-15:51\"><strong>Anvendelser af 5-tr\u00e5ds resistive ber\u00f8ringssk\u00e6rme:<\/strong><\/p>\n<ul data-sourcepos=\"17:1-24:0\">\n<li data-sourcepos=\"17:1-18:0\">\n<p data-sourcepos=\"17:3-17:212\"><strong>Interaktive smartboards:<\/strong> 5-tr\u00e5ds resistive ber\u00f8ringssk\u00e6rme er ideelle til interaktive smartboards, der bruges i klassev\u00e6relser, konferencelokaler og uddannelsescentre, og som muligg\u00f8r samarbejdsbaseret l\u00e6ring og pr\u00e6sentationer.<\/p>\n<\/li>\n<li data-sourcepos=\"19:1-20:0\">\n<p data-sourcepos=\"19:3-19:225\"><strong>Digital skiltning og kiosker:<\/strong> I detailhandel, hotelbranchen og offentlige rum forbedrer 5-tr\u00e5ds resistive ber\u00f8ringssk\u00e6rme digital skiltning og kiosker, s\u00e5 brugerne kan interagere med indhold, foretage valg og f\u00e5 adgang til information.<\/p>\n<\/li>\n<li data-sourcepos=\"21:1-22:0\">\n<p data-sourcepos=\"21:3-21:179\"><strong>Industrielle kontrolsystemer:<\/strong> 5-tr\u00e5ds resistive touchsk\u00e6rme er en p\u00e5lidelig og holdbar l\u00f8sning til styring af maskiner og overv\u00e5gning af processer i industrien.<\/p>\n<\/li>\n<li data-sourcepos=\"23:1-24:0\">\n<p data-sourcepos=\"23:3-23:193\"><strong>Systemer til medicinsk billeddannelse:<\/strong> Holdbarheden og pr\u00e6cisionen af 5-tr\u00e5ds resistive touchsk\u00e6rme g\u00f8r dem velegnede til medicinske billedsystemer, s\u00e5 l\u00e6gerne kan interagere pr\u00e6cist med billederne.<\/p>\n<\/li>\n<\/ul>","protected":false},"excerpt":{"rendered":"<p>5-tr\u00e5ds resistive touch-sk\u00e6rme tilbyder en overbevisende kombination af holdbarhed, pr\u00e6cision og overkommelige priser, hvilket g\u00f8r dem til et foretrukket valg til en lang r\u00e6kke interaktive smartboard- og sk\u00e6rmapplikationer. De er en p\u00e5lidelig og omkostningseffektiv l\u00f8sning til ber\u00f8ringsf\u00f8lsomme sk\u00e6rme, som \u00f8ger brugernes engagement og produktivitet i forskellige milj\u00f8er.<\/p>","protected":false},"featured_media":1548,"template":"","meta":[],"product_cat":[41],"product_tag":[],"_links":{"self":[{"href":"https:\/\/touchscreenmfg.com\/da\/wp-json\/wp\/v2\/product\/1625"}],"collection":[{"href":"https:\/\/touchscreenmfg.com\/da\/wp-json\/wp\/v2\/product"}],"about":[{"href":"https:\/\/touchscreenmfg.com\/da\/wp-json\/wp\/v2\/types\/product"}],"wp:featuredmedia":[{"embeddable":true,"href":"https:\/\/touchscreenmfg.com\/da\/wp-json\/wp\/v2\/media\/1548"}],"wp:attachment":[{"href":"https:\/\/touchscreenmfg.com\/da\/wp-json\/wp\/v2\/media?parent=1625"}],"wp:term":[{"taxonomy":"product_cat","embeddable":true,"href":"https:\/\/touchscreenmfg.com\/da\/wp-json\/wp\/v2\/product_cat?post=1625"},{"taxonomy":"product_tag","embeddable":true,"href":"https:\/\/touchscreenmfg.com\/da\/wp-json\/wp\/v2\/product_tag?post=1625"}],"curies":[{"name":"wp","href":"https:\/\/api.w.org\/{rel}","templated":true}]}}