{"id":1624,"date":"2024-06-29T01:09:51","date_gmt":"2024-06-29T01:09:51","guid":{"rendered":"https:\/\/touchscreenmfg.com\/?post_type=product&#038;p=1624"},"modified":"2024-06-29T02:07:12","modified_gmt":"2024-06-29T02:07:12","slug":"8-wire-resistive-touch-screens","status":"publish","type":"product","link":"https:\/\/touchscreenmfg.com\/da\/8-wire-resistive-touch-screens\/","title":{"rendered":"8-tr\u00e5ds resistive ber\u00f8ringssk\u00e6rme"},"content":{"rendered":"<h2 class=\"\" data-sourcepos=\"1:1-1:78\">8-tr\u00e5ds resistive touchsk\u00e6rme: Forbedret pr\u00e6cision for ber\u00f8ringssk\u00e6rme<\/h2>\n<p data-sourcepos=\"3:1-3:106\">Resistive ber\u00f8ringssk\u00e6rme med 8 ledninger l\u00f8fter oplevelsen af ber\u00f8ringsinteraktion for ber\u00f8ringssk\u00e6rme og giver \u00f8get pr\u00e6cision, holdbarhed og overkommelige priser. Disse avancerede ber\u00f8ringssk\u00e6rme har et unikt design med ekstra sensortr\u00e5de, som giver flere fordele i forhold til traditionelle resistive ber\u00f8ringssk\u00e6rme med 4 tr\u00e5de.<\/p>\n<p data-sourcepos=\"5:1-5:51\"><strong>N\u00f8glefunktioner i 8 Wire Resistive Touch Screens:<\/strong><\/p>\n<ul data-sourcepos=\"7:1-7:94\">\n<li data-sourcepos=\"7:1-7:94\">\n<p data-sourcepos=\"7:3-7:186\"><strong>Overlegen n\u00f8jagtighed:<\/strong> De ekstra sensortr\u00e5de i resistive touchsk\u00e6rme med 8 tr\u00e5de giver en mere pr\u00e6cis registrering af ber\u00f8ring, hvilket resulterer i en mere pr\u00e6cis og responsiv ber\u00f8ringsoplevelse.<\/p>\n<\/li>\n<li data-sourcepos=\"9:1-9:103\">\n<p data-sourcepos=\"9:3-9:103\"><strong>Reduceret kantforvr\u00e6ngning:<\/strong> De ekstra ledninger hj\u00e6lper med at kompensere for kantforvr\u00e6ngning, et almindeligt problem i st\u00f8rre ber\u00f8ringssk\u00e6rme, og sikrer ensartet ber\u00f8ringsn\u00f8jagtighed over hele sk\u00e6rmen.<\/p>\n<\/li>\n<li data-sourcepos=\"11:1-12:0\">\n<p data-sourcepos=\"11:3-11:164\"><strong>Stabil ydeevne:<\/strong> 8-tr\u00e5ds resistive touch-sk\u00e6rme giver stabil ydeevne selv i udfordrende milj\u00f8er, f.eks. dem med meget lys eller st\u00f8v.<\/p>\n<\/li>\n<li data-sourcepos=\"13:1-14:0\">\n<p data-sourcepos=\"13:3-13:168\"><strong>Omkostningseffektiv l\u00f8sning:<\/strong> Sammenlignet med kapacitive ber\u00f8ringssk\u00e6rme er resistive ber\u00f8ringssk\u00e6rme med 8 ledninger en mere omkostningseffektiv l\u00f8sning til store ber\u00f8ringssk\u00e6rme.<\/p>\n<\/li>\n<\/ul>\n<p data-sourcepos=\"15:1-15:51\"><strong>Anvendelser af 8-tr\u00e5ds resistive ber\u00f8ringssk\u00e6rme:<\/strong><\/p>\n<ul data-sourcepos=\"17:1-17:32\">\n<li data-sourcepos=\"17:1-17:32\">\n<p class=\"\" data-sourcepos=\"17:3-17:213\"><strong class=\"\">Interaktive fladsk\u00e6rme:<\/strong> 8-tr\u00e5ds resistive ber\u00f8ringssk\u00e6rme er ideelle til interaktive fladsk\u00e6rme, der bruges i konferencelokaler, klassev\u00e6relser og offentlige rum, og som muligg\u00f8r problemfrit samarbejde og informationsdeling.<\/p>\n<\/li>\n<li data-sourcepos=\"19:1-20:0\">\n<p data-sourcepos=\"19:3-19:180\"><strong>Industrielle kontrolsystemer:<\/strong> I industrielle sammenh\u00e6nge er 8-tr\u00e5ds resistive touchsk\u00e6rme en p\u00e5lidelig og holdbar l\u00f8sning til styring af maskiner og overv\u00e5gning af processer.<\/p>\n<\/li>\n<li data-sourcepos=\"21:1-22:0\">\n<p data-sourcepos=\"21:3-21:217\"><strong>Kiosker til detailhandel og g\u00e6stfrihed:<\/strong> 8-tr\u00e5ds resistive ber\u00f8ringssk\u00e6rme forbedrer selvbetjeningskiosker i detail- og hotelmilj\u00f8er, s\u00e5 kunderne nemt kan f\u00e5 adgang til oplysninger, afgive ordrer og foretage betalinger.<\/p>\n<\/li>\n<li data-sourcepos=\"23:1-24:0\">\n<p data-sourcepos=\"23:3-23:208\"><strong>Uddannelsesm\u00e6ssige udstillinger:<\/strong> 8-tr\u00e5ds resistive ber\u00f8ringssk\u00e6rme letter interaktive l\u00e6ringsoplevelser i uddannelsesmilj\u00f8er, engagerer studerende med ber\u00f8ringsbaserede aktiviteter og forbedrer deres forst\u00e5else.<\/p>\n<\/li>\n<\/ul>","protected":false},"excerpt":{"rendered":"<p>8-tr\u00e5ds resistive touchsk\u00e6rme tilbyder en overbevisende kombination af pr\u00e6cision, holdbarhed og overkommelige priser, hvilket g\u00f8r dem til et foretrukket valg til en lang r\u00e6kke touchsk\u00e6rmsapplikationer. De er en p\u00e5lidelig og omkostningseffektiv l\u00f8sning til interaktive sk\u00e6rme, der \u00f8ger brugernes engagement og produktivitet i forskellige milj\u00f8er.<\/p>","protected":false},"featured_media":1550,"template":"","meta":[],"product_cat":[41],"product_tag":[],"_links":{"self":[{"href":"https:\/\/touchscreenmfg.com\/da\/wp-json\/wp\/v2\/product\/1624"}],"collection":[{"href":"https:\/\/touchscreenmfg.com\/da\/wp-json\/wp\/v2\/product"}],"about":[{"href":"https:\/\/touchscreenmfg.com\/da\/wp-json\/wp\/v2\/types\/product"}],"wp:featuredmedia":[{"embeddable":true,"href":"https:\/\/touchscreenmfg.com\/da\/wp-json\/wp\/v2\/media\/1550"}],"wp:attachment":[{"href":"https:\/\/touchscreenmfg.com\/da\/wp-json\/wp\/v2\/media?parent=1624"}],"wp:term":[{"taxonomy":"product_cat","embeddable":true,"href":"https:\/\/touchscreenmfg.com\/da\/wp-json\/wp\/v2\/product_cat?post=1624"},{"taxonomy":"product_tag","embeddable":true,"href":"https:\/\/touchscreenmfg.com\/da\/wp-json\/wp\/v2\/product_tag?post=1624"}],"curies":[{"name":"wp","href":"https:\/\/api.w.org\/{rel}","templated":true}]}}