{"id":1621,"date":"2024-06-29T01:06:11","date_gmt":"2024-06-29T01:06:11","guid":{"rendered":"https:\/\/touchscreenmfg.com\/manufacturer\/pdp-display-cover-glass\/"},"modified":"2024-06-29T02:20:27","modified_gmt":"2024-06-29T02:20:27","slug":"pdp-display-cover-glass","status":"publish","type":"product","link":"https:\/\/touchscreenmfg.com\/da\/pdp-display-cover-glass\/","title":{"rendered":"PDP Display Cover Glass"},"content":{"rendered":"<p data-sourcepos=\"3:1-3:86\"><strong>Beskyt din PDP-sk\u00e6rm mod ridser, genskin og skader<\/strong><\/p>\n<p data-sourcepos=\"5:1-5:157\">PDP Display Cover Glass er et beskyttende lag, der er specielt designet til sk\u00e6rmen p\u00e5 PDP-gamingenheder. Det kan potentielt tilbyde f\u00f8lgende funktioner:<\/p>\n<ul data-sourcepos=\"7:1-7:36\">\n<li data-sourcepos=\"7:1-7:36\">\n<p class=\"\" data-sourcepos=\"7:3-7:285\"><strong class=\"\">Modstandsdygtighed over for ridser og slag:<\/strong> Ligesom en sk\u00e6rmbeskytter af h\u00e6rdet glas har et PDP Display Cover Glass til form\u00e5l at beskytte sk\u00e6rmen mod ridser, skrammer og utilsigtede st\u00f8d. Det er is\u00e6r vigtigt for h\u00e5ndholdte gaming-enheder, som er mere udsatte for st\u00f8d og fald.<\/p>\n<\/li>\n<li data-sourcepos=\"9:1-10:0\">\n<p data-sourcepos=\"9:3-9:168\"><strong>Forbedret klarhed:<\/strong> Et PDP Display Cover Glass af h\u00f8j kvalitet b\u00f8r have en fremragende optisk klarhed, der sikrer, at spilbillederne forbliver skarpe og uforvr\u00e6ngede.<\/p>\n<\/li>\n<li data-sourcepos=\"11:1-12:0\">\n<p data-sourcepos=\"11:3-11:242\"><strong>Modstandsdygtighed over for bl\u00e6nding:<\/strong> Hvis PDP-gaming-enheden har en blank sk\u00e6rm, kan et bl\u00e6ndfrit PDP Display Cover Glass hj\u00e6lpe med at minimere refleksioner fra omgivende lyskilder og forbedre sk\u00e6rmens synlighed, is\u00e6r i st\u00e6rkt oplyste milj\u00f8er.<\/p>\n<\/li>\n<li data-sourcepos=\"13:1-13:44\">\n<p data-sourcepos=\"13:3-13:44\"><strong>Touch-kompatibilitet:<\/strong> Hvis PDP-gaming-enheden har en ber\u00f8ringsf\u00f8lsom sk\u00e6rm, skal d\u00e6kglasset v\u00e6re designet til at v\u00e6re ber\u00f8ringskompatibelt, s\u00e5 det giver mulighed for problemfri interaktion med den ber\u00f8ringsf\u00f8lsomme sk\u00e6rm.<\/p>\n<\/li>\n<\/ul>","protected":false},"excerpt":{"rendered":"<p>PDP Display Cover Glass kan v\u00e6re et v\u00e6rdifuldt tilbeh\u00f8r for gamere, der \u00f8nsker at beskytte deres enheds sk\u00e6rm og opretholde en optimal spiloplevelse.<\/p>","protected":false},"featured_media":1582,"template":"","meta":[],"product_cat":[15],"product_tag":[],"_links":{"self":[{"href":"https:\/\/touchscreenmfg.com\/da\/wp-json\/wp\/v2\/product\/1621"}],"collection":[{"href":"https:\/\/touchscreenmfg.com\/da\/wp-json\/wp\/v2\/product"}],"about":[{"href":"https:\/\/touchscreenmfg.com\/da\/wp-json\/wp\/v2\/types\/product"}],"wp:featuredmedia":[{"embeddable":true,"href":"https:\/\/touchscreenmfg.com\/da\/wp-json\/wp\/v2\/media\/1582"}],"wp:attachment":[{"href":"https:\/\/touchscreenmfg.com\/da\/wp-json\/wp\/v2\/media?parent=1621"}],"wp:term":[{"taxonomy":"product_cat","embeddable":true,"href":"https:\/\/touchscreenmfg.com\/da\/wp-json\/wp\/v2\/product_cat?post=1621"},{"taxonomy":"product_tag","embeddable":true,"href":"https:\/\/touchscreenmfg.com\/da\/wp-json\/wp\/v2\/product_tag?post=1621"}],"curies":[{"name":"wp","href":"https:\/\/api.w.org\/{rel}","templated":true}]}}