{"id":1619,"date":"2024-06-29T01:06:11","date_gmt":"2024-06-29T01:06:11","guid":{"rendered":"https:\/\/touchscreenmfg.com\/manufacturer\/aio-pc-cover-glass\/"},"modified":"2024-06-29T02:32:50","modified_gmt":"2024-06-29T02:32:50","slug":"aio-pc-cover-glass","status":"publish","type":"product","link":"https:\/\/touchscreenmfg.com\/da\/aio-pc-cover-glass\/","title":{"rendered":"AIO PC Cover Glas"},"content":{"rendered":"<h2 class=\"\" data-sourcepos=\"3:1-3:89\">AIO-pc-cover af glas: L\u00f8ft din AIO-pc's \u00e6stetik med slank og stilfuld beskyttelse<\/h2>\n<p data-sourcepos=\"5:1-5:54\">AIO PC Cover Glass, ogs\u00e5 kendt som 3D Cover Glass, er et f\u00f8rsteklasses glaspanel, der er designet til at forbedre udseendet og beskytte din AIO-pc (All-in-One). Disse stilfulde glascovers tilbyder en unik kombination af \u00e6stetisk appel og funktionelle fordele, der forvandler din AIO-pc til et midtpunkt i dit arbejdsomr\u00e5de eller hjemmeunderholdningssetup.<\/p>\n<p data-sourcepos=\"7:1-7:39\"><strong>N\u00f8glefunktioner :<\/strong><\/p>\n<ul data-sourcepos=\"9:1-9:9\">\n<li data-sourcepos=\"9:1-9:9\">\n<p data-sourcepos=\"9:3-9:199\"><strong>Elegant og moderne design:<\/strong> AIO PC Cover Glass har et slankt og moderne design, der supplerer den minimalistiske \u00e6stetik i AIO-pc'er og tilf\u00f8jer et strejf af elegance og raffinement til din ops\u00e6tning.<\/p>\n<\/li>\n<li data-sourcepos=\"11:1-12:0\">\n<p data-sourcepos=\"11:3-11:189\"><strong>Forbedret visuel appel:<\/strong> Det gennemsigtige glas lader de indvendige komponenter i din AIO-pc skinne igennem og skaber en visuelt imponerende effekt, der fremviser teknologien indeni.<\/p>\n<\/li>\n<li data-sourcepos=\"13:1-13:125\">\n<p data-sourcepos=\"13:3-13:125\"><strong>3D-kantdesign:<\/strong> Mange AIO PC Cover Glass-paneler har et 3D-kantdesign, der buer elegant rundt om kanterne p\u00e5 din AIO PC, hvilket giver et glat og raffineret look.<\/p>\n<\/li>\n<li data-sourcepos=\"15:1-16:0\">\n<p data-sourcepos=\"15:3-15:211\"><strong>Modstandsdygtighed over for ridser og slag:<\/strong> Det er typisk lavet af h\u00e6rdet glas, som er meget modstandsdygtigt over for ridser, slag og fingeraftryk, hvilket sikrer langvarig beskyttelse af din AIO-pc.<\/p>\n<\/li>\n<\/ul>\n<p data-sourcepos=\"17:1-17:39\"><strong>Applikationer:<\/strong><\/p>\n<ul data-sourcepos=\"19:1-24:0\">\n<li data-sourcepos=\"19:1-20:0\">\n<p data-sourcepos=\"19:3-19:171\"><strong>AIO-pc'er:<\/strong> AIO PC Cover Glass er specielt designet til AIO-pc'er, hvilket giver en perfekt pasform og forbedrer det overordnede udseende og fornemmelsen af disse kompakte station\u00e6re computere.<\/p>\n<\/li>\n<li data-sourcepos=\"21:1-22:0\">\n<p data-sourcepos=\"21:3-21:207\"><strong>Underholdningscentre til hjemmet:<\/strong> AIO-pc'er bruges ofte som en del af underholdningscentre i hjemmet, og det kan h\u00e6ve den \u00e6stetiske appel i disse ops\u00e6tninger og g\u00f8re dem til et fokuspunkt i rummet.<\/p>\n<\/li>\n<li data-sourcepos=\"23:1-24:0\">\n<p data-sourcepos=\"23:3-23:174\"><strong>Arbejdspladser:<\/strong> AIO-pc'er bliver ogs\u00e5 mere og mere popul\u00e6re p\u00e5 arbejdspladser, og AIO PC Cover Glass kan tilf\u00f8je et strejf af professionalisme og stil til ethvert kontormilj\u00f8.<\/p>\n<\/li>\n<\/ul>","protected":false},"excerpt":{"rendered":"<p>AIO PC Cover Glass er en v\u00e6rdifuld tilf\u00f8jelse til enhver AIO-pc og tilbyder en kombination af \u00e6stetisk forbedring og funktionel beskyttelse. Med sit slanke design, 3D-kantdetaljer og ridsefaste egenskaber forvandler AIO PC Cover Glass din AIO-pc til et stilfuldt og beskyttet statement.<\/p>","protected":false},"featured_media":1580,"template":"","meta":[],"product_cat":[15],"product_tag":[],"_links":{"self":[{"href":"https:\/\/touchscreenmfg.com\/da\/wp-json\/wp\/v2\/product\/1619"}],"collection":[{"href":"https:\/\/touchscreenmfg.com\/da\/wp-json\/wp\/v2\/product"}],"about":[{"href":"https:\/\/touchscreenmfg.com\/da\/wp-json\/wp\/v2\/types\/product"}],"wp:featuredmedia":[{"embeddable":true,"href":"https:\/\/touchscreenmfg.com\/da\/wp-json\/wp\/v2\/media\/1580"}],"wp:attachment":[{"href":"https:\/\/touchscreenmfg.com\/da\/wp-json\/wp\/v2\/media?parent=1619"}],"wp:term":[{"taxonomy":"product_cat","embeddable":true,"href":"https:\/\/touchscreenmfg.com\/da\/wp-json\/wp\/v2\/product_cat?post=1619"},{"taxonomy":"product_tag","embeddable":true,"href":"https:\/\/touchscreenmfg.com\/da\/wp-json\/wp\/v2\/product_tag?post=1619"}],"curies":[{"name":"wp","href":"https:\/\/api.w.org\/{rel}","templated":true}]}}