{"id":1618,"date":"2024-06-29T01:06:11","date_gmt":"2024-06-29T01:06:11","guid":{"rendered":"https:\/\/touchscreenmfg.com\/manufacturer\/cover-lens\/"},"modified":"2024-06-29T02:42:53","modified_gmt":"2024-06-29T02:42:53","slug":"cover-lens","status":"publish","type":"product","link":"https:\/\/touchscreenmfg.com\/da\/cover-lens\/","title":{"rendered":"D\u00e6kglas"},"content":{"rendered":"<h2 class=\"\" data-sourcepos=\"1:1-1:69\">D\u00e6kglas: Beskyttelse og forbedring af optiske linser med pr\u00e6cision<\/h2>\n<p data-sourcepos=\"3:1-3:129\">Beskyttelseslinser er optiske komponenter, der placeres over prim\u00e6re linser for at beskytte dem mod ridser, st\u00f8v og andre skadelige elementer. De spiller en afg\u00f8rende rolle i forskellige applikationer og sikrer optiske systemers levetid og optimale ydeevne.<\/p>\n<p data-sourcepos=\"5:1-5:30\"><strong>Vigtige funktioner:<\/strong><\/p>\n<ul data-sourcepos=\"7:1-9:14\">\n<li data-sourcepos=\"7:1-8:0\">\n<p data-sourcepos=\"7:3-7:154\"><strong>Beskyttelse:<\/strong> D\u00e6kglasset fungerer som en barriere, der beskytter de prim\u00e6re linser mod ridser, hudafskrabninger og andre fysiske skader for\u00e5rsaget af eksterne faktorer.<\/p>\n<\/li>\n<li data-sourcepos=\"9:1-9:14\">\n<p data-sourcepos=\"9:3-9:14\"><strong>Holdbarhed:<\/strong> De er typisk lavet af holdbare materialer som glas eller plast, hvilket sikrer, at de kan modst\u00e5 regelm\u00e6ssig brug og barske milj\u00f8er.<\/p>\n<\/li>\n<li data-sourcepos=\"11:1-11:41\">\n<p data-sourcepos=\"11:3-11:41\"><strong>Optisk klarhed:<\/strong> D\u00e6klinser af h\u00f8j kvalitet bevarer en fremragende optisk klarhed, s\u00e5 lyset kan passere igennem uden forvr\u00e6ngning, og den prim\u00e6re linses billedkvalitet bevares.<\/p>\n<\/li>\n<li data-sourcepos=\"13:1-14:0\">\n<p data-sourcepos=\"13:3-13:133\"><strong>Alsidighed:<\/strong> De f\u00e5s i forskellige former, st\u00f8rrelser og tykkelser, s\u00e5 de passer til en lang r\u00e6kke optiske anvendelser.<\/p>\n<\/li>\n<\/ul>\n<p data-sourcepos=\"15:1-15:33\"><strong>Applikationer:<\/strong><\/p>\n<ul data-sourcepos=\"17:1-21:47\">\n<li data-sourcepos=\"17:1-18:0\">\n<p data-sourcepos=\"17:3-17:177\"><strong>Objektiver til kameraer og videokameraer:<\/strong> Cover-linser er vigtige for at beskytte kamera- og videokameraobjektiver mod ridser, st\u00f8v og fingeraftryk og sikre skarpe og klare billeder.<\/p>\n<\/li>\n<li data-sourcepos=\"19:1-20:0\">\n<p data-sourcepos=\"19:3-19:169\"><strong>Kikkerter og teleskoper:<\/strong> D\u00e6klinser beskytter objektiv- og okularlinser i kikkerter og teleskoper og forhindrer skader fra st\u00f8v, fugt og st\u00f8d.<\/p>\n<\/li>\n<li data-sourcepos=\"21:1-21:47\">\n<p data-sourcepos=\"21:3-21:47\"><strong>Medicinsk udstyr:<\/strong> De bruges i medicinsk udstyr som mikroskoper og endoskoper for at beskytte de sarte optiske komponenter mod forurening og skader.<\/p>\n<\/li>\n<li data-sourcepos=\"23:1-24:0\">\n<p data-sourcepos=\"23:3-23:161\"><strong>Industrielle anvendelser:<\/strong> De bruges i industrien til at beskytte sensorer, lasere og andre optiske komponenter mod barske milj\u00f8er.<\/p>\n<\/li>\n<\/ul>\n<p data-sourcepos=\"25:1-25:269\">Polering af optiske linser er en vigtig proces, der sikrer, at d\u00e6kglassene bevarer deres optiske klarhed og transmitterer lys uden forvr\u00e6ngning. Polering fjerner mikroskopiske ufuldkommenheder og uregelm\u00e6ssigheder fra linsens overflade, hvilket resulterer i en glat og klar finish.<\/p>","protected":false},"excerpt":{"rendered":"<p>En coverlinse er en v\u00e6rdifuld investering til enhver enhed med en touchscreen eller et f\u00f8lsomt display. Det giver vigtig beskyttelse, samtidig med at det potentielt kan forbedre brugeroplevelsen.<\/p>","protected":false},"featured_media":1579,"template":"","meta":[],"product_cat":[15],"product_tag":[],"_links":{"self":[{"href":"https:\/\/touchscreenmfg.com\/da\/wp-json\/wp\/v2\/product\/1618"}],"collection":[{"href":"https:\/\/touchscreenmfg.com\/da\/wp-json\/wp\/v2\/product"}],"about":[{"href":"https:\/\/touchscreenmfg.com\/da\/wp-json\/wp\/v2\/types\/product"}],"wp:featuredmedia":[{"embeddable":true,"href":"https:\/\/touchscreenmfg.com\/da\/wp-json\/wp\/v2\/media\/1579"}],"wp:attachment":[{"href":"https:\/\/touchscreenmfg.com\/da\/wp-json\/wp\/v2\/media?parent=1618"}],"wp:term":[{"taxonomy":"product_cat","embeddable":true,"href":"https:\/\/touchscreenmfg.com\/da\/wp-json\/wp\/v2\/product_cat?post=1618"},{"taxonomy":"product_tag","embeddable":true,"href":"https:\/\/touchscreenmfg.com\/da\/wp-json\/wp\/v2\/product_tag?post=1618"}],"curies":[{"name":"wp","href":"https:\/\/api.w.org\/{rel}","templated":true}]}}