{"id":1617,"date":"2024-06-29T01:06:11","date_gmt":"2024-06-29T01:06:11","guid":{"rendered":"https:\/\/touchscreenmfg.com\/manufacturer\/gaming-glass\/"},"modified":"2024-06-29T02:51:17","modified_gmt":"2024-06-29T02:51:17","slug":"gaming-glass","status":"publish","type":"product","link":"https:\/\/touchscreenmfg.com\/da\/gaming-glass\/","title":{"rendered":"Gaming-glas"},"content":{"rendered":"<h2 class=\"\" data-sourcepos=\"1:1-1:81\">Gaming-glas: Forbedr din spiloplevelse med \u00f8jenbeskyttelse og komfort<\/h2>\n<p data-sourcepos=\"3:1-3:118\">Gamingglas, ogs\u00e5 kendt som gamerglas, er specialiserede briller, der er designet til at forbedre komforten og reducere belastningen af \u00f8jnene under l\u00e6ngerevarende gaming-sessioner. Disse briller har typisk flere n\u00f8glefunktioner, der im\u00f8dekommer gameres specifikke behov.<\/p>\n<p data-sourcepos=\"5:1-5:35\"><strong>Vigtige funktioner:<\/strong><\/p>\n<ul data-sourcepos=\"7:1-9:66\">\n<li data-sourcepos=\"7:1-8:0\">\n<p data-sourcepos=\"7:3-7:300\"><strong>Linser, der blokerer for bl\u00e5t lys:<\/strong> De har ofte linser, der blokerer for bl\u00e5t lys, og som filtrerer en del af det bl\u00e5 lys, der udsendes fra digitale sk\u00e6rme. Bl\u00e5t lys kan forstyrre s\u00f8vnm\u00f8nstre og bidrage til overanstrengelse af \u00f8jnene, s\u00e5 ved at reducere eksponeringen kan man forbedre komforten og det generelle velbefindende.<\/p>\n<\/li>\n<li data-sourcepos=\"9:1-9:66\">\n<p data-sourcepos=\"9:3-9:66\"><strong>Antirefleksbel\u00e6gning:<\/strong> De har ofte en antirefleksbel\u00e6gning, der minimerer refleksioner fra omgivende lyskilder, reducerer tr\u00e6thed i \u00f8jnene og forbedrer sk\u00e6rmens synlighed, is\u00e6r i svagt oplyste milj\u00f8er.<\/p>\n<\/li>\n<li data-sourcepos=\"11:1-12:0\">\n<p data-sourcepos=\"11:3-11:176\"><strong>Komfortable rammer:<\/strong> De er typisk designet med lette og komfortable rammer for at minimere v\u00e6gten og trykket p\u00e5 ansigtet under lange spilsessioner.<\/p>\n<\/li>\n<li data-sourcepos=\"13:1-14:0\">\n<p data-sourcepos=\"13:3-13:159\"><strong>Forskellige stilarter:<\/strong> De findes i en lang r\u00e6kke stilarter, der passer til forskellige pr\u00e6ferencer, fra slanke og moderne designs til mere traditionelle rammer.<\/p>\n<\/li>\n<\/ul>\n<p data-sourcepos=\"15:1-15:35\"><strong>Applikationer:<\/strong><\/p>\n<ul data-sourcepos=\"17:1-19:78\">\n<li data-sourcepos=\"17:1-18:0\">\n<p data-sourcepos=\"17:3-17:119\"><strong>PC-spil:<\/strong> De bruges prim\u00e6rt af pc-gamere, som bruger lange perioder p\u00e5 at stirre p\u00e5 computersk\u00e6rme.<\/p>\n<\/li>\n<li data-sourcepos=\"19:1-19:78\">\n<p data-sourcepos=\"19:3-19:78\"><strong>Konsolspil:<\/strong> Gamere, der spiller p\u00e5 konsoller, kan ogs\u00e5 have gavn af gamingbriller, is\u00e6r hvis de spiller i m\u00f8rke rum eller i mange timer.<\/p>\n<\/li>\n<li data-sourcepos=\"21:1-22:0\">\n<p data-sourcepos=\"21:3-21:166\"><strong>Konkurrencedygtig gaming:<\/strong> Professionelle gamere og konkurrencespillere bruger ofte gamingbriller for at holde fokus og mindske belastningen af \u00f8jnene under intense spilsessioner.<\/p>\n<\/li>\n<\/ul>","protected":false},"excerpt":{"rendered":"<p>Gaming Glass er beskyttelsesglas af h\u00e6rdet glas, der er designet specielt til gaming-enheder, og som ligesom almindelige beskyttelsesglas af h\u00e6rdet glas har til form\u00e5l at beskytte den sarte sk\u00e6rm p\u00e5 en gaming-enhed mod ridser og slag.<\/p>","protected":false},"featured_media":1578,"template":"","meta":[],"product_cat":[15],"product_tag":[],"_links":{"self":[{"href":"https:\/\/touchscreenmfg.com\/da\/wp-json\/wp\/v2\/product\/1617"}],"collection":[{"href":"https:\/\/touchscreenmfg.com\/da\/wp-json\/wp\/v2\/product"}],"about":[{"href":"https:\/\/touchscreenmfg.com\/da\/wp-json\/wp\/v2\/types\/product"}],"wp:featuredmedia":[{"embeddable":true,"href":"https:\/\/touchscreenmfg.com\/da\/wp-json\/wp\/v2\/media\/1578"}],"wp:attachment":[{"href":"https:\/\/touchscreenmfg.com\/da\/wp-json\/wp\/v2\/media?parent=1617"}],"wp:term":[{"taxonomy":"product_cat","embeddable":true,"href":"https:\/\/touchscreenmfg.com\/da\/wp-json\/wp\/v2\/product_cat?post=1617"},{"taxonomy":"product_tag","embeddable":true,"href":"https:\/\/touchscreenmfg.com\/da\/wp-json\/wp\/v2\/product_tag?post=1617"}],"curies":[{"name":"wp","href":"https:\/\/api.w.org\/{rel}","templated":true}]}}