{"id":1615,"date":"2024-06-29T01:06:11","date_gmt":"2024-06-29T01:06:11","guid":{"rendered":"https:\/\/touchscreenmfg.com\/manufacturer\/chemically-tempered-cover-glass\/"},"modified":"2024-06-29T03:26:40","modified_gmt":"2024-06-29T03:26:40","slug":"chemically-tempered-cover-glass","status":"publish","type":"product","link":"https:\/\/touchscreenmfg.com\/da\/chemically-tempered-cover-glass\/","title":{"rendered":"Kemisk h\u00e6rdet d\u00e6kglas"},"content":{"rendered":"<h2 class=\"\" data-sourcepos=\"1:1-1:91\">Kemisk h\u00e6rdet d\u00e6kglas: Forbedring af holdbarhed og klarhed for elektroniske enheder<\/h2>\n<p data-sourcepos=\"3:1-3:72\">Kemisk h\u00e6rdet d\u00e6kglas, ogs\u00e5 kendt som ionbyttet glas, er en type glas, der har gennemg\u00e5et en kemisk behandling for at forbedre dets styrke og holdbarhed. Denne proces, der typisk involverer udskiftning af natriumioner i glasset med kaliumioner, skaber et trykstresslag p\u00e5 overfladen, hvilket g\u00f8r glasset mere modstandsdygtigt over for ridser, slag og termisk chok.<\/p>\n<p data-sourcepos=\"5:1-5:49\"><strong>Vigtige funktioner:<\/strong><\/p>\n<ul data-sourcepos=\"7:1-9:1\">\n<li data-sourcepos=\"7:1-8:0\">\n<p data-sourcepos=\"7:3-7:166\"><strong>Forbedret styrke:<\/strong> Det er typisk seks til otte gange st\u00e6rkere end almindeligt glas, hvilket g\u00f8r det mindre tilb\u00f8jeligt til at g\u00e5 i stykker og blive ridset.<\/p>\n<\/li>\n<li data-sourcepos=\"9:1-9:1\">\n<p data-sourcepos=\"9:3-9:140\"><strong>Optisk klarhed:<\/strong> Ionbytningsprocessen \u00e6ndrer ikke glassets optiske egenskaber og bevarer dets gennemsigtighed og klarhed.<\/p>\n<\/li>\n<li data-sourcepos=\"11:1-12:0\">\n<p data-sourcepos=\"11:3-11:145\"><strong>Alsidighed:<\/strong> Det kan sk\u00e6res og formes i forskellige former, hvilket g\u00f8r det velegnet til en lang r\u00e6kke anvendelser.<\/p>\n<\/li>\n<li data-sourcepos=\"13:1-14:0\">\n<p data-sourcepos=\"13:3-13:163\"><strong>Tyndhed:<\/strong> Det kan produceres i tyndere sektioner sammenlignet med termisk h\u00e6rdet glas, hvilket giver mulighed for lettere og slankere enheder.<\/p>\n<\/li>\n<\/ul>\n<p data-sourcepos=\"15:1-15:52\"><strong>Applikationer:<\/strong><\/p>\n<ul data-sourcepos=\"17:1-19:1\">\n<li data-sourcepos=\"17:1-18:0\">\n<p data-sourcepos=\"17:3-17:184\"><strong>Smartphones og tablets:<\/strong>Det bruges i vid udstr\u00e6kning i smartphones og tablets til at beskytte de sarte sk\u00e6rme mod ridser, st\u00f8d og utilsigtede fald.<\/p>\n<\/li>\n<li data-sourcepos=\"19:1-19:1\">\n<p data-sourcepos=\"19:3-19:159\"><strong>B\u00e6rbare computere og enheder:<\/strong> B\u00e6rbare computere, tablets og andre b\u00e6rbare enheder bruger ofte kemisk h\u00e6rdet d\u00e6kglas til deres sk\u00e6rme og touchscreens.<\/p>\n<\/li>\n<li data-sourcepos=\"21:1-22:0\">\n<p data-sourcepos=\"21:3-21:151\"><strong>Sk\u00e6rme til biler:<\/strong> Det bliver i stigende grad brugt i bilsk\u00e6rme p\u00e5 grund af dets holdbarhed og optiske klarhed.<\/p>\n<\/li>\n<li data-sourcepos=\"23:1-24:0\">\n<p data-sourcepos=\"23:3-23:160\"><strong>Smarte ure og wearables:<\/strong> Smarte ure og andre b\u00e6rbare enheder nyder godt af ridsefastheden og styrken ved kemisk h\u00e6rdet d\u00e6kglas.<\/p>\n<\/li>\n<\/ul>\n<p data-sourcepos=\"25:1-25:27\"><strong>Sk\u00e6ring af h\u00e6rdet glas:<\/strong><\/p>\n<p data-sourcepos=\"27:1-27:276\">Sk\u00e6ring af kemisk h\u00e6rdet d\u00e6kglas kr\u00e6ver specialiserede teknikker og udstyr p\u00e5 grund af dets \u00f8gede styrke og potentiale for at splintre, hvis det h\u00e5ndteres forkert. Professionel glassk\u00e6ring anbefales til pr\u00e6cis og sikker sk\u00e6ring af kemisk h\u00e6rdet d\u00e6kglas.<\/p>","protected":false},"excerpt":{"rendered":"<p>Kemisk h\u00e6rdet d\u00e6kglas er blevet et foretrukket valg til at beskytte og forbedre sk\u00e6rmene p\u00e5 forskellige elektroniske enheder. Kombinationen af styrke, optisk klarhed og alsidighed g\u00f8r det til en vigtig komponent i moderne teknologi.<\/p>","protected":false},"featured_media":1576,"template":"","meta":[],"product_cat":[15],"product_tag":[],"_links":{"self":[{"href":"https:\/\/touchscreenmfg.com\/da\/wp-json\/wp\/v2\/product\/1615"}],"collection":[{"href":"https:\/\/touchscreenmfg.com\/da\/wp-json\/wp\/v2\/product"}],"about":[{"href":"https:\/\/touchscreenmfg.com\/da\/wp-json\/wp\/v2\/types\/product"}],"wp:featuredmedia":[{"embeddable":true,"href":"https:\/\/touchscreenmfg.com\/da\/wp-json\/wp\/v2\/media\/1576"}],"wp:attachment":[{"href":"https:\/\/touchscreenmfg.com\/da\/wp-json\/wp\/v2\/media?parent=1615"}],"wp:term":[{"taxonomy":"product_cat","embeddable":true,"href":"https:\/\/touchscreenmfg.com\/da\/wp-json\/wp\/v2\/product_cat?post=1615"},{"taxonomy":"product_tag","embeddable":true,"href":"https:\/\/touchscreenmfg.com\/da\/wp-json\/wp\/v2\/product_tag?post=1615"}],"curies":[{"name":"wp","href":"https:\/\/api.w.org\/{rel}","templated":true}]}}