{"id":1613,"date":"2024-06-29T01:06:11","date_gmt":"2024-06-29T01:06:11","guid":{"rendered":"https:\/\/touchscreenmfg.com\/manufacturer\/3d-bent-glass\/"},"modified":"2024-06-29T03:36:43","modified_gmt":"2024-06-29T03:36:43","slug":"3d-bent-glass","status":"publish","type":"product","link":"https:\/\/touchscreenmfg.com\/da\/3d-bent-glass\/","title":{"rendered":"3D-b\u00f8jet glas"},"content":{"rendered":"<h2 class=\"\" data-sourcepos=\"1:1-1:66\">3D-b\u00f8jet glas: Former fremtiden for slanke og holdbare sk\u00e6rme<\/h2>\n<p data-sourcepos=\"3:1-3:67\">3D Bent Glass, ogs\u00e5 kendt som buet d\u00e6kglas, er en revolutionerende glastype, der \u00e6ndrer design og funktionalitet af elektroniske enheder. I mods\u00e6tning til traditionelt fladt d\u00e6kglas har 3D Bent Glass en buet form, der passer perfekt til konturerne af moderne buede sk\u00e6rme. Dette innovative design giver en r\u00e6kke fordele i forhold til fladt d\u00e6kglas, hvilket g\u00f8r det til et foretrukket valg for b\u00e5de producenter og forbrugere.<\/p>\n<p data-sourcepos=\"5:1-5:19\"><strong>Vigtige funktioner:<\/strong><\/p>\n<ul data-sourcepos=\"7:1-7:153\">\n<li data-sourcepos=\"7:1-7:153\">\n<p class=\"\" data-sourcepos=\"7:3-7:169\"><strong class=\"\">Slankt og elegant design:<\/strong> 3D Bent Glass forbedrer enhedernes \u00e6stetik ved at skabe en glat, kontinuerlig overflade, der smelter sammen med den buede sk\u00e6rm.<\/p>\n<\/li>\n<li data-sourcepos=\"9:1-10:0\">\n<p data-sourcepos=\"9:3-9:176\"><strong>Forbedret holdbarhed:<\/strong> Den buede form af 3D Bent Glass giver bedre strukturel st\u00f8tte, hvilket g\u00f8r det mere modstandsdygtigt over for st\u00f8d og ridser sammenlignet med fladt d\u00e6kglas.<\/p>\n<\/li>\n<li data-sourcepos=\"11:1-12:0\">\n<p data-sourcepos=\"11:3-11:159\"><strong>Forbedret kant-til-kant-sk\u00e6rm:<\/strong> 3D Bent Glass giver mulighed for kant-til-kant-sk\u00e6rme, hvilket maksimerer visningsomr\u00e5det og skaber en mere medrivende brugeroplevelse.<\/p>\n<\/li>\n<li data-sourcepos=\"13:1-13:131\">\n<p data-sourcepos=\"13:3-13:131\"><strong>Kompatibilitet med ber\u00f8ringssk\u00e6rme:<\/strong> 3D Bent Glass er fuldt kompatibelt med touchscreen-teknologi, hvilket sikrer problemfri touch-interaktion.<\/p>\n<\/li>\n<\/ul>\n<p data-sourcepos=\"15:1-15:27\"><strong>B\u00f8jning af h\u00e6rdet glas:<\/strong><\/p>\n<p data-sourcepos=\"17:1-17:284\">Processen med at skabe 3D Bent Glass involverer opvarmning af h\u00e6rdet glas til en h\u00f8j temperatur og derefter st\u00f8bning af det til den \u00f8nskede form ved hj\u00e6lp af specialiserede forme og udstyr. Denne proces sikrer, at glasset bevarer sin styrke og holdbarhed, samtidig med at det opn\u00e5r den \u00f8nskede krumning.<\/p>\n<p data-sourcepos=\"19:1-19:34\"><strong>Applikationer:<\/strong><\/p>\n<ul data-sourcepos=\"21:1-28:0\">\n<li data-sourcepos=\"21:1-22:0\">\n<p data-sourcepos=\"21:3-21:134\"><strong>Smartphones:<\/strong> Det bruges i vid udstr\u00e6kning i avancerede smartphones og bidrager til deres slanke design og holdbare konstruktion.<\/p>\n<\/li>\n<li data-sourcepos=\"23:1-24:0\">\n<p data-sourcepos=\"23:3-23:117\"><strong>Tabletter:<\/strong> Tablets bruger i stigende grad 3D Bent Glass p\u00e5 grund af deres st\u00f8rre sk\u00e6rme og forbedrede brugeroplevelse.<\/p>\n<\/li>\n<li data-sourcepos=\"25:1-26:0\">\n<p data-sourcepos=\"25:3-25:112\"><strong>B\u00e6rbare computere:<\/strong> Nogle premium-laptops har 3D Bent Glass til deres ber\u00f8ringsf\u00f8lsomme sk\u00e6rme og slanke \u00e6stetik.<\/p>\n<\/li>\n<li data-sourcepos=\"27:1-28:0\">\n<p data-sourcepos=\"27:3-27:145\"><strong>Smartwatches:<\/strong> Det er ved at finde vej til smartwatches, hvor det giver et mere holdbart og visuelt tiltalende cover til deres sk\u00e6rme.<\/p>\n<\/li>\n<\/ul>","protected":false},"excerpt":{"rendered":"<p>3D Bent Glass er en game-changer i den elektroniske verden og tilbyder en kombination af slankt design, forbedret holdbarhed og forbedrede sk\u00e6rmfunktioner. Efterh\u00e5nden som teknologien udvikler sig, vil 3D Bent Glass blive endnu mere udbredt og forme fremtiden for smartphones, tablets, b\u00e6rbare computere og andre enheder.<\/p>","protected":false},"featured_media":1574,"template":"","meta":[],"product_cat":[15],"product_tag":[],"_links":{"self":[{"href":"https:\/\/touchscreenmfg.com\/da\/wp-json\/wp\/v2\/product\/1613"}],"collection":[{"href":"https:\/\/touchscreenmfg.com\/da\/wp-json\/wp\/v2\/product"}],"about":[{"href":"https:\/\/touchscreenmfg.com\/da\/wp-json\/wp\/v2\/types\/product"}],"wp:featuredmedia":[{"embeddable":true,"href":"https:\/\/touchscreenmfg.com\/da\/wp-json\/wp\/v2\/media\/1574"}],"wp:attachment":[{"href":"https:\/\/touchscreenmfg.com\/da\/wp-json\/wp\/v2\/media?parent=1613"}],"wp:term":[{"taxonomy":"product_cat","embeddable":true,"href":"https:\/\/touchscreenmfg.com\/da\/wp-json\/wp\/v2\/product_cat?post=1613"},{"taxonomy":"product_tag","embeddable":true,"href":"https:\/\/touchscreenmfg.com\/da\/wp-json\/wp\/v2\/product_tag?post=1613"}],"curies":[{"name":"wp","href":"https:\/\/api.w.org\/{rel}","templated":true}]}}