{"id":1612,"date":"2024-06-29T01:06:10","date_gmt":"2024-06-29T01:06:10","guid":{"rendered":"https:\/\/touchscreenmfg.com\/manufacturer\/capacitive-touch-screen\/"},"modified":"2024-06-29T03:40:01","modified_gmt":"2024-06-29T03:40:01","slug":"capacitive-touch-screen","status":"publish","type":"product","link":"https:\/\/touchscreenmfg.com\/da\/capacitive-touch-screen\/","title":{"rendered":"Kapacitiv ber\u00f8ringssk\u00e6rm"},"content":{"rendered":"<h2 class=\"\" data-sourcepos=\"1:1-1:102\">Kapacitive ber\u00f8ringssk\u00e6rme: Revolutionering af menneske-maskine-interaktion med intuitiv ber\u00f8ringsteknologi<\/h2>\n<p data-sourcepos=\"3:1-3:88\">Kapacitive ber\u00f8ringssk\u00e6rme, ogs\u00e5 kendt som kapacitive ber\u00f8ringspaneler eller interaktive sk\u00e6rme, har revolutioneret den m\u00e5de, vi interagerer med teknologi p\u00e5. Disse innovative ber\u00f8ringssk\u00e6rme anvender et gitter af elektroder, der er indlejret under sk\u00e6rmens overflade, til at registrere \u00e6ndringer i det elektriske felt for\u00e5rsaget af en menneskelig finger eller et andet ledende objekt. Denne teknologi g\u00f8r det muligt for brugerne at kontrollere og interagere med digitalt indhold ved hj\u00e6lp af intuitive ber\u00f8ringsbev\u00e6gelser som f.eks. tryk, swipes, knib og zoom.<\/p>\n<p data-sourcepos=\"5:1-5:45\"><strong>Vigtige funktioner:<\/strong><\/p>\n<ul data-sourcepos=\"7:1-7:125\">\n<li data-sourcepos=\"7:1-7:125\">\n<p class=\"\" data-sourcepos=\"7:3-7:241\"><strong class=\"\">Pr\u00e6cis og responsiv ber\u00f8ringsgenkendelse:<\/strong> Kapacitive ber\u00f8ringssk\u00e6rme bruger sofistikeret ber\u00f8ringsregistreringsteknologi til pr\u00e6cist at opfange og reagere p\u00e5 en lang r\u00e6kke ber\u00f8ringsbev\u00e6gelser, hvilket giver en naturlig og intuitiv brugeroplevelse.<\/p>\n<\/li>\n<li data-sourcepos=\"9:1-10:0\">\n<p data-sourcepos=\"9:3-9:210\"><strong>Multitouch-kapacitet:<\/strong> Mange kapacitive touch-sk\u00e6rme underst\u00f8tter multi-touch-funktionalitet, s\u00e5 brugerne kan interagere med flere punkter p\u00e5 sk\u00e6rmen samtidig, hvilket forbedrer den interaktive oplevelse.<\/p>\n<\/li>\n<li data-sourcepos=\"11:1-12:0\">\n<p data-sourcepos=\"11:3-11:206\"><strong>Holdbare og ridsefaste overflader:<\/strong> Kapacitive touch-sk\u00e6rme er typisk fremstillet af holdbare materialer som h\u00e6rdet glas eller plast, hvilket sikrer, at de kan modst\u00e5 regelm\u00e6ssig brug og modst\u00e5 ridser.<\/p>\n<\/li>\n<li data-sourcepos=\"13:1-13:35\">\n<p data-sourcepos=\"13:3-13:35\"><strong>Alsidige anvendelsesmuligheder:<\/strong> Kapacitive ber\u00f8ringssk\u00e6rme bruges i en lang r\u00e6kke applikationer, herunder smartphones, tablets, b\u00e6rbare computere, kiosker og industrielle kontrolsystemer.<\/p>\n<\/li>\n<\/ul>\n<p data-sourcepos=\"15:1-15:32\"><strong>Kapacitiv ber\u00f8ringsteknologi:<\/strong><\/p>\n<p data-sourcepos=\"17:1-17:327\">Kernen i kapacitive touch-sk\u00e6rme er princippet om kapacitiv sensing. N\u00e5r et ledende objekt, f.eks. en finger, r\u00f8rer ved sk\u00e6rmen, forstyrrer det det elektriske felt, der genereres af elektroderne. Denne forstyrrelse m\u00e5les af ber\u00f8ringssensorens kredsl\u00f8b, s\u00e5 systemet kan bestemme, hvor ber\u00f8ringen fandt sted.<\/p>\n<p data-sourcepos=\"19:1-19:45\"><strong>Applikationer:<\/strong><\/p>\n<ul data-sourcepos=\"21:1-28:0\">\n<li data-sourcepos=\"21:1-22:0\">\n<p data-sourcepos=\"21:3-21:168\"><strong>Forbrugerelektronik:<\/strong> Kapacitive ber\u00f8ringssk\u00e6rme er allestedsn\u00e6rv\u00e6rende i forbrugerelektronik og giver intuitiv kontrol over smartphones, tablets og b\u00e6rbare computere.<\/p>\n<\/li>\n<li data-sourcepos=\"23:1-24:0\">\n<p data-sourcepos=\"23:3-23:152\"><strong>Kommercielle udstillinger:<\/strong> Ber\u00f8ringssk\u00e6rme bruges i stigende grad i kommercielle sammenh\u00e6nge som detailkiosker, interaktiv skiltning og undervisningssk\u00e6rme.<\/p>\n<\/li>\n<li data-sourcepos=\"25:1-26:0\">\n<p data-sourcepos=\"25:3-25:158\"><strong>Industriel automatisering:<\/strong> Touchpaneler bruges i industrielle automatiseringssystemer til at styre maskiner, overv\u00e5ge processer og visualisere data.<\/p>\n<\/li>\n<li data-sourcepos=\"27:1-28:0\">\n<p data-sourcepos=\"27:3-27:178\"><strong>Automatisering af hjemmet:<\/strong> Kapacitive ber\u00f8ringssk\u00e6rme er integreret i intelligente hjemmesystemer, s\u00e5 brugerne kan styre belysning, apparater og sikkerhedsfunktioner med et enkelt tryk.<\/p>\n<\/li>\n<\/ul>","protected":false},"excerpt":{"rendered":"<p>Kapacitive ber\u00f8ringssk\u00e6rme har forandret interaktionen mellem menneske og maskine og giver en mere naturlig og intuitiv m\u00e5de at styre og interagere med digitale enheder p\u00e5. Deres alsidighed, n\u00f8jagtighed og holdbarhed g\u00f8r dem til uundv\u00e6rlige komponenter i en lang r\u00e6kke applikationer, fra forbrugerelektronik til industriel automatisering.<\/p>","protected":false},"featured_media":1573,"template":"","meta":[],"product_cat":[41],"product_tag":[],"_links":{"self":[{"href":"https:\/\/touchscreenmfg.com\/da\/wp-json\/wp\/v2\/product\/1612"}],"collection":[{"href":"https:\/\/touchscreenmfg.com\/da\/wp-json\/wp\/v2\/product"}],"about":[{"href":"https:\/\/touchscreenmfg.com\/da\/wp-json\/wp\/v2\/types\/product"}],"wp:featuredmedia":[{"embeddable":true,"href":"https:\/\/touchscreenmfg.com\/da\/wp-json\/wp\/v2\/media\/1573"}],"wp:attachment":[{"href":"https:\/\/touchscreenmfg.com\/da\/wp-json\/wp\/v2\/media?parent=1612"}],"wp:term":[{"taxonomy":"product_cat","embeddable":true,"href":"https:\/\/touchscreenmfg.com\/da\/wp-json\/wp\/v2\/product_cat?post=1612"},{"taxonomy":"product_tag","embeddable":true,"href":"https:\/\/touchscreenmfg.com\/da\/wp-json\/wp\/v2\/product_tag?post=1612"}],"curies":[{"name":"wp","href":"https:\/\/api.w.org\/{rel}","templated":true}]}}