{"id":1611,"date":"2024-06-29T01:06:10","date_gmt":"2024-06-29T01:06:10","guid":{"rendered":"https:\/\/touchscreenmfg.com\/manufacturer\/oled-touch-screen\/"},"modified":"2024-06-29T03:46:04","modified_gmt":"2024-06-29T03:46:04","slug":"oled-touch-screen","status":"publish","type":"product","link":"https:\/\/touchscreenmfg.com\/da\/oled-touch-screen\/","title":{"rendered":"OLED-ber\u00f8ringssk\u00e6rm"},"content":{"rendered":"<h2 class=\"\" data-sourcepos=\"3:1-3:103\">OLED-ber\u00f8ringssk\u00e6rme: Forbedring af brugeroplevelsen med levende sk\u00e6rme og responsiv ber\u00f8ringsinteraktion<\/h2>\n<p data-sourcepos=\"5:1-5:118\">OLED-ber\u00f8ringssk\u00e6rme, ogs\u00e5 kendt som OLED-ber\u00f8ringssk\u00e6rme, kombinerer den overlegne billedkvalitet i OLED-teknologien (Organic Light-Emitting Diode) med de interaktive muligheder i et ber\u00f8ringssk\u00e6rmpanel. Denne innovative teknologi giver en f\u00e6ngslende brugeroplevelse, der blander fantastiske billeder med intuitiv ber\u00f8ringskontrol.<\/p>\n<p data-sourcepos=\"7:1-7:39\"><strong>Vigtige funktioner:<\/strong><\/p>\n<ul data-sourcepos=\"9:1-9:134\">\n<li data-sourcepos=\"9:1-9:134\">\n<p class=\"\" data-sourcepos=\"9:3-9:190\"><strong class=\"\">Enest\u00e5ende sk\u00e6rmkvalitet:<\/strong> OLED-ber\u00f8ringssk\u00e6rme leverer enest\u00e5ende billedkvalitet med levende farver, h\u00f8je kontrastforhold og \u00e6gte sort, hvilket giver en visuelt opslugende oplevelse.<\/p>\n<\/li>\n<li data-sourcepos=\"11:1-12:0\">\n<p data-sourcepos=\"11:3-11:178\"><strong>Responsiv ber\u00f8ringsinteraktion:<\/strong> Overlayet p\u00e5 ber\u00f8ringssk\u00e6rmen g\u00f8r det muligt for brugerne at interagere med sk\u00e6rmen ved hj\u00e6lp af intuitive ber\u00f8ringsbev\u00e6gelser som f.eks. tryk, swipes og knib.<\/p>\n<\/li>\n<li data-sourcepos=\"13:1-14:0\">\n<p data-sourcepos=\"13:3-13:165\"><strong>Energieffektivitet:<\/strong> OLED-sk\u00e6rme er typisk mere energieffektive end LCD-touchsk\u00e6rme og bruger mindre str\u00f8m uden at g\u00e5 p\u00e5 kompromis med ydeevnen.<\/p>\n<\/li>\n<li data-sourcepos=\"15:1-16:0\">\n<p data-sourcepos=\"15:3-15:130\"><strong>Fleksibelt design:<\/strong> OLED-sk\u00e6rme giver st\u00f8rre fleksibilitet i designet, hvilket giver mulighed for tyndere, lettere og buede touchsk\u00e6rme.<\/p>\n<\/li>\n<\/ul>\n<p data-sourcepos=\"17:1-17:39\"><strong>Applikationer:<\/strong><\/p>\n<ul data-sourcepos=\"19:1-19:151\">\n<li data-sourcepos=\"19:1-19:151\">\n<p data-sourcepos=\"19:3-19:178\"><strong>Smartphones og tablets:<\/strong> OLED-sk\u00e6rme bruges i stigende grad i f\u00f8rsteklasses smartphones og tablets, hvilket giver en overlegen synsoplevelse og forbedret brugerinteraktion.<\/p>\n<\/li>\n<li data-sourcepos=\"21:1-22:0\">\n<p data-sourcepos=\"21:3-21:181\"><strong>Smartwatches og wearables:<\/strong> OLED-sk\u00e6rme er ved at blive udbredt i smartwatches og b\u00e6rbare enheder p\u00e5 grund af deres kompakte st\u00f8rrelse, lave str\u00f8mforbrug og h\u00f8je billedkvalitet.<\/p>\n<\/li>\n<li data-sourcepos=\"23:1-24:0\">\n<p data-sourcepos=\"23:3-23:147\"><strong>Fjernsyn og sk\u00e6rme:<\/strong> OLED-tv'er og -sk\u00e6rme bliver stadig mere popul\u00e6re, da de tilbyder enest\u00e5ende billedkvalitet og fordybende seeroplevelser.<\/p>\n<\/li>\n<li data-sourcepos=\"25:1-26:0\">\n<p data-sourcepos=\"25:3-25:153\"><strong>Sk\u00e6rme til biler:<\/strong> OLED-ber\u00f8ringssk\u00e6rme bliver integreret i bilers instrumentbr\u00e6tter og infotainmentsystemer, hvilket forbedrer k\u00f8reoplevelsen.<\/p>\n<\/li>\n<\/ul>","protected":false},"excerpt":{"rendered":"<p>OLED-ber\u00f8ringssk\u00e6rme har revolutioneret den m\u00e5de, vi interagerer med digitale enheder p\u00e5, ved at tilbyde en kombination af fantastiske billeder, responsiv ber\u00f8ringskontrol og energieffektivitet. Deres alsidighed og overlegne sk\u00e6rmkvalitet g\u00f8r dem til et foretrukket valg til en lang r\u00e6kke applikationer, fra smartphones og tablets til tv'er og bilsk\u00e6rme.<\/p>","protected":false},"featured_media":1572,"template":"","meta":[],"product_cat":[41],"product_tag":[],"_links":{"self":[{"href":"https:\/\/touchscreenmfg.com\/da\/wp-json\/wp\/v2\/product\/1611"}],"collection":[{"href":"https:\/\/touchscreenmfg.com\/da\/wp-json\/wp\/v2\/product"}],"about":[{"href":"https:\/\/touchscreenmfg.com\/da\/wp-json\/wp\/v2\/types\/product"}],"wp:featuredmedia":[{"embeddable":true,"href":"https:\/\/touchscreenmfg.com\/da\/wp-json\/wp\/v2\/media\/1572"}],"wp:attachment":[{"href":"https:\/\/touchscreenmfg.com\/da\/wp-json\/wp\/v2\/media?parent=1611"}],"wp:term":[{"taxonomy":"product_cat","embeddable":true,"href":"https:\/\/touchscreenmfg.com\/da\/wp-json\/wp\/v2\/product_cat?post=1611"},{"taxonomy":"product_tag","embeddable":true,"href":"https:\/\/touchscreenmfg.com\/da\/wp-json\/wp\/v2\/product_tag?post=1611"}],"curies":[{"name":"wp","href":"https:\/\/api.w.org\/{rel}","templated":true}]}}