{"id":1609,"date":"2024-06-29T01:06:10","date_gmt":"2024-06-29T01:06:10","guid":{"rendered":"https:\/\/touchscreenmfg.com\/manufacturer\/lcd-touch-screen\/"},"modified":"2024-06-29T03:20:02","modified_gmt":"2024-06-29T03:20:02","slug":"lcd-touch-screen","status":"publish","type":"product","link":"https:\/\/touchscreenmfg.com\/da\/lcd-touch-screen\/","title":{"rendered":"LCD-ber\u00f8ringssk\u00e6rm"},"content":{"rendered":"<h2 class=\"\" data-sourcepos=\"3:1-3:89\">LCD-ber\u00f8ringssk\u00e6rm: Forbedring af brugerinteraktion med visuel klarhed og taktil respons<\/h2>\n<p data-sourcepos=\"5:1-5:121\">LCD-ber\u00f8ringssk\u00e6rme, ogs\u00e5 kendt som ber\u00f8ringspanelsk\u00e6rme, er en type ber\u00f8ringssk\u00e6rm, der kombinerer den visuelle klarhed fra et display med flydende krystaller (LCD) med de interaktive muligheder fra et ber\u00f8ringssk\u00e6rmspanel. Disse alsidige sk\u00e6rme bruges i vid udstr\u00e6kning i forskellige elektroniske enheder og tilbyder en brugervenlig og engagerende gr\u00e6nseflade.<\/p>\n<p data-sourcepos=\"7:1-7:38\"><strong>Vigtige funktioner:<\/strong><\/p>\n<ul data-sourcepos=\"9:1-9:76\">\n<li data-sourcepos=\"9:1-9:76\">\n<p class=\"\" data-sourcepos=\"9:3-9:190\"><strong class=\"\">Klar og levende sk\u00e6rm:<\/strong> LCD-ber\u00f8ringssk\u00e6rme bruger LCD-teknologi til at levere billeder i h\u00f8j opl\u00f8sning med rige farver og skarpe detaljer, hvilket sikrer en visuelt tiltalende brugeroplevelse.<\/p>\n<\/li>\n<li data-sourcepos=\"11:1-12:0\">\n<p data-sourcepos=\"11:3-11:177\"><strong>Responsiv ber\u00f8ringsinteraktion:<\/strong> Overlayet p\u00e5 ber\u00f8ringssk\u00e6rmen g\u00f8r det muligt for brugerne at interagere med sk\u00e6rmen ved hj\u00e6lp af intuitive ber\u00f8ringsbev\u00e6gelser som f.eks. tryk, swipes og knib.<\/p>\n<\/li>\n<li data-sourcepos=\"13:1-14:0\">\n<p data-sourcepos=\"13:3-13:185\"><strong>Holdbar og alsidig:<\/strong> De er typisk lavet af holdbare materialer som glas eller plast, hvilket g\u00f8r dem modstandsdygtige over for ridser og egnede til forskellige anvendelser.<\/p>\n<\/li>\n<li data-sourcepos=\"15:1-15:72\">\n<p data-sourcepos=\"15:3-15:72\"><strong>Energieffektiv:<\/strong> De er generelt energieffektive sammenlignet med andre sk\u00e6rmteknologier og bruger mindre str\u00f8m uden at g\u00e5 p\u00e5 kompromis med ydeevnen.<\/p>\n<\/li>\n<\/ul>\n<p data-sourcepos=\"17:1-17:38\"><strong>Applikationer:<\/strong><\/p>\n<ul data-sourcepos=\"19:1-26:0\">\n<li data-sourcepos=\"19:1-20:0\">\n<p data-sourcepos=\"19:3-19:159\"><strong>Smartphones og tablets:<\/strong> De er den prim\u00e6re sk\u00e6rmteknologi til smartphones og tablets og giver en kompakt og interaktiv gr\u00e6nseflade.<\/p>\n<\/li>\n<li data-sourcepos=\"21:1-22:0\">\n<p data-sourcepos=\"21:3-21:171\"><strong>B\u00e6rbare og station\u00e6re computere:<\/strong> B\u00e6rbare computere med ber\u00f8ringssk\u00e6rm og alt-i-en AIO-desktops bliver stadig mere popul\u00e6re og bruger LCD-ber\u00f8ringssk\u00e6rme til forbedret brugerinteraktion.<\/p>\n<\/li>\n<li data-sourcepos=\"23:1-24:0\">\n<p data-sourcepos=\"23:3-23:171\"><strong>Kiosker og interaktive sk\u00e6rme:<\/strong> LCD-ber\u00f8ringssk\u00e6rme bruges i vid udstr\u00e6kning i kiosker, informationsterminaler og interaktiv skiltning til selvbetjening og informationsadgang.<\/p>\n<\/li>\n<li data-sourcepos=\"25:1-26:0\">\n<p data-sourcepos=\"25:3-25:166\"><strong>Point-of-Sale (POS)-systemer:<\/strong> LCD-ber\u00f8ringssk\u00e6rme er vigtige komponenter i POS-systemer, der muligg\u00f8r effektiv betaling og ordreh\u00e5ndtering i detailhandlen.<\/p>\n<\/li>\n<\/ul>","protected":false},"excerpt":{"rendered":"<p>LCD-ber\u00f8ringssk\u00e6rme er blevet uundv\u00e6rlige komponenter i det moderne digitale landskab og tilbyder en s\u00f8ml\u00f8s blanding af visuel klarhed, responsiv ber\u00f8ringsinteraktion og holdbarhed. Deres alsidighed g\u00f8r dem velegnede til en bred vifte af anvendelser, fra personlige enheder til kommercielle omgivelser, hvilket forbedrer brugeroplevelsen og fremmer innovation.<\/p>","protected":false},"featured_media":1570,"template":"","meta":[],"product_cat":[41],"product_tag":[],"_links":{"self":[{"href":"https:\/\/touchscreenmfg.com\/da\/wp-json\/wp\/v2\/product\/1609"}],"collection":[{"href":"https:\/\/touchscreenmfg.com\/da\/wp-json\/wp\/v2\/product"}],"about":[{"href":"https:\/\/touchscreenmfg.com\/da\/wp-json\/wp\/v2\/types\/product"}],"wp:featuredmedia":[{"embeddable":true,"href":"https:\/\/touchscreenmfg.com\/da\/wp-json\/wp\/v2\/media\/1570"}],"wp:attachment":[{"href":"https:\/\/touchscreenmfg.com\/da\/wp-json\/wp\/v2\/media?parent=1609"}],"wp:term":[{"taxonomy":"product_cat","embeddable":true,"href":"https:\/\/touchscreenmfg.com\/da\/wp-json\/wp\/v2\/product_cat?post=1609"},{"taxonomy":"product_tag","embeddable":true,"href":"https:\/\/touchscreenmfg.com\/da\/wp-json\/wp\/v2\/product_tag?post=1609"}],"curies":[{"name":"wp","href":"https:\/\/api.w.org\/{rel}","templated":true}]}}