{"id":1608,"date":"2024-06-29T01:06:10","date_gmt":"2024-06-29T01:06:10","guid":{"rendered":"https:\/\/touchscreenmfg.com\/manufacturer\/touch-screen-lens\/"},"modified":"2024-06-29T03:53:36","modified_gmt":"2024-06-29T03:53:36","slug":"touch-screen-lens","status":"publish","type":"product","link":"https:\/\/touchscreenmfg.com\/da\/touch-screen-lens\/","title":{"rendered":"Linse til ber\u00f8ringssk\u00e6rm"},"content":{"rendered":"<h2 class=\"\" data-sourcepos=\"3:1-3:76\">Linser til ber\u00f8ringssk\u00e6rme: Beskyttelse og forbedring af oplevelsen p\u00e5 touchsk\u00e6rmen<\/h2>\n<p data-sourcepos=\"5:1-5:166\">Ber\u00f8ringssk\u00e6rmslinser, ogs\u00e5 kendt som ber\u00f8ringssk\u00e6rmscovers eller beskyttelsesfilm, er gennemsigtige lag, der l\u00e6gges over ber\u00f8ringssk\u00e6rme for at beskytte dem mod ridser, st\u00f8d og andre skader. Disse beskyttende skjolde spiller en afg\u00f8rende rolle for at bevare integriteten og funktionaliteten af ber\u00f8ringssk\u00e6rme og sikre en j\u00e6vn og responsiv brugeroplevelse.<\/p>\n<p data-sourcepos=\"7:1-7:40\"><strong>Vigtige funktioner:<\/strong><\/p>\n<ul data-sourcepos=\"9:1-9:121\">\n<li data-sourcepos=\"9:1-9:121\">\n<p class=\"\" data-sourcepos=\"9:3-9:191\"><strong class=\"\">Modstandsdygtighed over for ridser:<\/strong> Touchscreen-linser er designet til at modst\u00e5 ridser fra daglig brug, f.eks. n\u00f8gler, m\u00f8nter og andre genstande, og forhindrer skader p\u00e5 den sarte sk\u00e6rmoverflade.<\/p>\n<\/li>\n<li data-sourcepos=\"11:1-12:0\">\n<p data-sourcepos=\"11:3-11:156\"><strong>Beskyttelse mod st\u00f8d:<\/strong> Disse beskyttelsesfilm kan absorbere og sprede kraften fra st\u00f8d, hvilket reducerer risikoen for revner og brud i touchsk\u00e6rmen.<\/p>\n<\/li>\n<li data-sourcepos=\"13:1-14:0\">\n<p data-sourcepos=\"13:3-13:242\"><strong>Anti-refleks og reduktion af pletter:<\/strong> Nogle linser til ber\u00f8ringssk\u00e6rme har antirefleksbel\u00e6gninger, der minimerer refleksioner og forbedrer synligheden i lyse omgivelser. De kan ogs\u00e5 have anti-smuds egenskaber for at reducere fingeraftryk og pletter.<\/p>\n<\/li>\n<li data-sourcepos=\"15:1-15:56\">\n<p data-sourcepos=\"15:3-15:56\"><strong>Kompatibilitet med ber\u00f8ringsf\u00f8lsomhed:<\/strong> Linser til ber\u00f8ringssk\u00e6rme er typisk designet til at bevare sk\u00e6rmens ber\u00f8ringsf\u00f8lsomhed og sikre problemfri interaktion og reaktionsevne.<\/p>\n<\/li>\n<\/ul>\n<p data-sourcepos=\"17:1-17:40\"><strong>Applikationer:<\/strong><\/p>\n<ul data-sourcepos=\"19:1-26:0\">\n<li data-sourcepos=\"19:1-20:0\">\n<p data-sourcepos=\"19:3-19:154\"><strong>Smartphones og tablets:<\/strong> Touchscreen-linser bruges i vid udstr\u00e6kning p\u00e5 smartphones og tablets for at beskytte deres v\u00e6rdifulde sk\u00e6rme mod daglig slitage.<\/p>\n<\/li>\n<li data-sourcepos=\"21:1-22:0\">\n<p data-sourcepos=\"21:3-21:135\"><strong>B\u00e6rbare og station\u00e6re computere:<\/strong> B\u00e6rbare computere med ber\u00f8ringssk\u00e6rm og alt-i-en (AIO) station\u00e6re computere nyder ofte godt af beskyttelsen fra linser til ber\u00f8ringssk\u00e6rme.<\/p>\n<\/li>\n<li data-sourcepos=\"23:1-24:0\">\n<p data-sourcepos=\"23:3-23:203\"><strong>Kiosker og interaktive sk\u00e6rme:<\/strong> Offentligt tilg\u00e6ngelige kiosker og interaktive sk\u00e6rme er s\u00e6rligt s\u00e5rbare over for ridser og slag, og derfor er linser til ber\u00f8ringssk\u00e6rme afg\u00f8rende for deres beskyttelse.<\/p>\n<\/li>\n<li data-sourcepos=\"25:1-26:0\">\n<p data-sourcepos=\"25:3-25:185\"><strong>Point-of-Sale (POS)-systemer:<\/strong> POS-systemer med ber\u00f8ringssk\u00e6rm er afh\u00e6ngige af ber\u00f8ringssk\u00e6rmslinser for at beskytte deres sk\u00e6rme mod skader og sikre uafbrudt drift i detailmilj\u00f8er.<\/p>\n<\/li>\n<\/ul>","protected":false},"excerpt":{"rendered":"<p>Linser til ber\u00f8ringssk\u00e6rme fungerer som en vigtig beskyttende barriere for ber\u00f8ringssk\u00e6rme, forl\u00e6nger deres levetid og bevarer deres funktionalitet. Deres evne til at forhindre ridser, st\u00f8d og pletter sikrer en ensartet og behagelig brugeroplevelse p\u00e5 tv\u00e6rs af en lang r\u00e6kke applikationer.<\/p>","protected":false},"featured_media":1568,"template":"","meta":[],"product_cat":[41],"product_tag":[],"_links":{"self":[{"href":"https:\/\/touchscreenmfg.com\/da\/wp-json\/wp\/v2\/product\/1608"}],"collection":[{"href":"https:\/\/touchscreenmfg.com\/da\/wp-json\/wp\/v2\/product"}],"about":[{"href":"https:\/\/touchscreenmfg.com\/da\/wp-json\/wp\/v2\/types\/product"}],"wp:featuredmedia":[{"embeddable":true,"href":"https:\/\/touchscreenmfg.com\/da\/wp-json\/wp\/v2\/media\/1568"}],"wp:attachment":[{"href":"https:\/\/touchscreenmfg.com\/da\/wp-json\/wp\/v2\/media?parent=1608"}],"wp:term":[{"taxonomy":"product_cat","embeddable":true,"href":"https:\/\/touchscreenmfg.com\/da\/wp-json\/wp\/v2\/product_cat?post=1608"},{"taxonomy":"product_tag","embeddable":true,"href":"https:\/\/touchscreenmfg.com\/da\/wp-json\/wp\/v2\/product_tag?post=1608"}],"curies":[{"name":"wp","href":"https:\/\/api.w.org\/{rel}","templated":true}]}}