{"id":1607,"date":"2024-06-29T01:06:10","date_gmt":"2024-06-29T01:06:10","guid":{"rendered":"https:\/\/touchscreenmfg.com\/manufacturer\/matrix-digital-touch-screen\/"},"modified":"2024-06-29T03:13:06","modified_gmt":"2024-06-29T03:13:06","slug":"matrix-digital-touch-screen","status":"publish","type":"product","link":"https:\/\/touchscreenmfg.com\/da\/matrix-digital-touch-screen\/","title":{"rendered":"Matrix digital ber\u00f8ringssk\u00e6rm"},"content":{"rendered":"<h2 class=\"\" data-sourcepos=\"3:1-3:105\">Matrix digital ber\u00f8ringssk\u00e6rm: Revolutionerer menneske-maskine-interaktion med intuitiv ber\u00f8ringsteknologi<\/h2>\n<p data-sourcepos=\"5:1-5:361\">Digitale matrix-ber\u00f8ringssk\u00e6rme, ogs\u00e5 kendt som matrix-ber\u00f8ringspaneler eller interaktive sk\u00e6rme, er avancerede ber\u00f8ringsf\u00f8lsomme sk\u00e6rme, der giver brugerne mulighed for at interagere med digitalt indhold og enheder ved hj\u00e6lp af intuitive ber\u00f8ringsbev\u00e6gelser. Disse innovative ber\u00f8ringssk\u00e6rme forandrer den m\u00e5de, vi interagerer med teknologi p\u00e5, og giver en mere naturlig og brugervenlig oplevelse.<\/p>\n<p data-sourcepos=\"7:1-7:49\"><strong>Vigtige funktioner:<\/strong><\/p>\n<ul data-sourcepos=\"9:1-9:125\">\n<li data-sourcepos=\"9:1-9:125\">\n<p data-sourcepos=\"9:3-9:237\"><strong>Pr\u00e6cis og responsiv ber\u00f8ringsgenkendelse:<\/strong> Matrix' digitale ber\u00f8ringssk\u00e6rme anvender sofistikeret ber\u00f8ringsdetekteringsteknologi til pr\u00e6cist at opfange og reagere p\u00e5 en lang r\u00e6kke ber\u00f8ringsbev\u00e6gelser, herunder tryk, swipes, knib og zoom.<\/p>\n<\/li>\n<li data-sourcepos=\"11:1-12:0\">\n<p data-sourcepos=\"11:3-11:214\"><strong>Multitouch-kapacitet:<\/strong> Mange Matrix Digital Screens underst\u00f8tter multi-touch-funktionalitet, s\u00e5 brugerne kan interagere med flere punkter p\u00e5 sk\u00e6rmen samtidig, hvilket forbedrer den interaktive oplevelse.<\/p>\n<\/li>\n<li data-sourcepos=\"13:1-14:0\">\n<p data-sourcepos=\"13:3-13:210\"><strong>Holdbare og ridsefaste overflader:<\/strong> Matrix Digital Screens er typisk fremstillet af holdbare materialer som h\u00e6rdet glas eller plast, hvilket sikrer, at de kan modst\u00e5 regelm\u00e6ssig brug og modst\u00e5 ridser.<\/p>\n<\/li>\n<li data-sourcepos=\"15:1-16:0\">\n<p data-sourcepos=\"15:3-15:181\"><strong>Alsidige anvendelsesmuligheder:<\/strong> Matrix digitale ber\u00f8ringssk\u00e6rme bruges i en lang r\u00e6kke applikationer, herunder smartphones, tablets, b\u00e6rbare computere, kiosker og industrielle kontrolsystemer.<\/p>\n<\/li>\n<\/ul>\n<p data-sourcepos=\"17:1-17:49\"><strong>Applikationer:<\/strong><\/p>\n<ul data-sourcepos=\"19:1-26:0\">\n<li data-sourcepos=\"19:1-20:0\">\n<p data-sourcepos=\"19:3-19:172\"><strong>Forbrugerelektronik:<\/strong> Matrix digitale ber\u00f8ringssk\u00e6rme er allestedsn\u00e6rv\u00e6rende i forbrugerelektronik og giver intuitiv kontrol over smartphones, tablets og b\u00e6rbare computere.<\/p>\n<\/li>\n<li data-sourcepos=\"21:1-22:0\">\n<p data-sourcepos=\"21:3-21:152\"><strong>Kommercielle udstillinger:<\/strong> Ber\u00f8ringssk\u00e6rme bruges i stigende grad i kommercielle sammenh\u00e6nge som detailkiosker, interaktiv skiltning og undervisningssk\u00e6rme.<\/p>\n<\/li>\n<li data-sourcepos=\"23:1-24:0\">\n<p data-sourcepos=\"23:3-23:158\"><strong>Industriel automatisering:<\/strong> Touchpaneler bruges i industrielle automatiseringssystemer til at styre maskiner, overv\u00e5ge processer og visualisere data.<\/p>\n<\/li>\n<li data-sourcepos=\"25:1-26:0\">\n<p data-sourcepos=\"25:3-25:182\"><strong>Automatisering af hjemmet:<\/strong> Matrix' digitale ber\u00f8ringssk\u00e6rme er integreret i intelligente hjemmesystemer, s\u00e5 brugerne kan styre belysning, apparater og sikkerhedsfunktioner med et enkelt tryk.<\/p>\n<\/li>\n<\/ul>","protected":false},"excerpt":{"rendered":"<p>Matrix' digitale ber\u00f8ringssk\u00e6rme har revolutioneret interaktionen mellem menneske og maskine ved at give en mere naturlig og intuitiv m\u00e5de at styre og interagere med digitale enheder p\u00e5. Deres alsidighed, n\u00f8jagtighed og holdbarhed g\u00f8r dem til uundv\u00e6rlige komponenter i en lang r\u00e6kke applikationer, fra forbrugerelektronik til industriel automatisering.<\/p>","protected":false},"featured_media":1567,"template":"","meta":[],"product_cat":[41],"product_tag":[],"_links":{"self":[{"href":"https:\/\/touchscreenmfg.com\/da\/wp-json\/wp\/v2\/product\/1607"}],"collection":[{"href":"https:\/\/touchscreenmfg.com\/da\/wp-json\/wp\/v2\/product"}],"about":[{"href":"https:\/\/touchscreenmfg.com\/da\/wp-json\/wp\/v2\/types\/product"}],"wp:featuredmedia":[{"embeddable":true,"href":"https:\/\/touchscreenmfg.com\/da\/wp-json\/wp\/v2\/media\/1567"}],"wp:attachment":[{"href":"https:\/\/touchscreenmfg.com\/da\/wp-json\/wp\/v2\/media?parent=1607"}],"wp:term":[{"taxonomy":"product_cat","embeddable":true,"href":"https:\/\/touchscreenmfg.com\/da\/wp-json\/wp\/v2\/product_cat?post=1607"},{"taxonomy":"product_tag","embeddable":true,"href":"https:\/\/touchscreenmfg.com\/da\/wp-json\/wp\/v2\/product_tag?post=1607"}],"curies":[{"name":"wp","href":"https:\/\/api.w.org\/{rel}","templated":true}]}}