{"id":2179,"date":"2024-09-20T08:13:40","date_gmt":"2024-09-20T08:13:40","guid":{"rendered":"https:\/\/touchscreenmfg.com\/?post_type=product&#038;p=2179"},"modified":"2024-09-20T08:13:56","modified_gmt":"2024-09-20T08:13:56","slug":"pc-touch-screen","status":"publish","type":"product","link":"https:\/\/touchscreenmfg.com\/cs\/pc-touch-screen\/","title":{"rendered":"Dotykov\u00e1 obrazovka po\u010d\u00edta\u010de"},"content":{"rendered":"<h2>Dotykov\u00e9 obrazovky PC: Odoln\u00e1 a v\u0161estrann\u00e1 volba<\/h2>\n<h3 data-sourcepos=\"5:1-5:39\">Hlavn\u00ed v\u00fdhody:<\/h3>\n<ul>\n<li><span class=\"citation-0 recitation\">Vysok\u00e1 odolnost proti n\u00e1razu:<\/span><span class=\"citation-0 recitation citation-end-0\"> PC je materi\u00e1l vysoce odoln\u00fd proti n\u00e1raz\u016fm, tak\u017ee je vhodn\u00fd pro za\u0159\u00edzen\u00ed, kter\u00e1 mohou b\u00fdt vystavena fyzick\u00fdm n\u00e1raz\u016fm nebo p\u00e1d\u016fm.<\/span><\/li>\n<li>Teplotn\u00ed odolnost: PC odol\u00e1v\u00e1 \u0161irok\u00e9mu rozsahu teplot, tak\u017ee je vhodn\u00fd pro venkovn\u00ed nebo pr\u016fmyslov\u00e9 aplikace.<\/li>\n<li><span class=\"citation-1 recitation\">Chemick\u00e1 odolnost:<\/span><span class=\"citation-1 recitation citation-end-1\"> PC je odoln\u00fd v\u016f\u010di mnoha chemik\u00e1li\u00edm a rozpou\u0161t\u011bdl\u016fm, tak\u017ee je odoln\u00fd i v n\u00e1ro\u010dn\u00fdch podm\u00ednk\u00e1ch.<\/span><\/li>\n<li><span class=\"citation-2 recitation\">Optick\u00e1 \u010distota:<\/span><span class=\"citation-2 recitation citation-end-2\"> Po\u010d\u00edta\u010d nab\u00edz\u00ed dobrou optickou \u010distotu, kter\u00e1 zaji\u0161\u0165uje jasn\u00fd a citliv\u00fd dotyk.<\/span><\/li>\n<\/ul>\n<h3 data-sourcepos=\"12:1-12:37\">Aplikace:<\/h3>\n<ul>\n<li><span class=\"citation-3 recitation\">Pr\u016fmyslov\u00e1 automatizace:<\/span><span class=\"citation-3 recitation citation-end-3\"> Dotykov\u00e9 obrazovky PC se d\u00edky sv\u00e9 trvanlivosti a odolnosti v\u016f\u010di n\u00e1ro\u010dn\u00fdm podm\u00ednk\u00e1m hojn\u011b pou\u017e\u00edvaj\u00ed v pr\u016fmyslov\u00fdch ovl\u00e1dac\u00edch panelech a stroj\u00edch.<\/span><\/li>\n<li>Venkovn\u00ed kiosky: Dotykov\u00e9 obrazovky PC jsou vhodn\u00e9 pro venkovn\u00ed kiosky a informa\u010dn\u00ed termin\u00e1ly, proto\u017ee jsou odoln\u00e9 v\u016f\u010di pov\u011btrnostn\u00edm vliv\u016fm.<\/li>\n<li>Automobilov\u00fd pr\u016fmysl: Po\u010d\u00edta\u010d se pou\u017e\u00edv\u00e1 v informa\u010dn\u00edch a z\u00e1bavn\u00edch syst\u00e9mech a obrazovk\u00e1ch navigac\u00ed v automobilech, kde je d\u016fle\u017eit\u00e1 trvanlivost a teplotn\u00ed odolnost.<\/li>\n<li><span class=\"citation-4 recitation\">Zdravotnick\u00e9 prost\u0159edky:<\/span><span class=\"citation-4 recitation citation-end-4\"> Dotykov\u00e9 obrazovky PC se pou\u017e\u00edvaj\u00ed v l\u00e9ka\u0159sk\u00fdch za\u0159\u00edzen\u00edch, jako jsou diagnostick\u00e9 p\u0159\u00edstroje a syst\u00e9my pro monitorov\u00e1n\u00ed pacient\u016f.<\/span><\/li>\n<\/ul>\n<h3 data-sourcepos=\"19:1-19:44\">Srovn\u00e1n\u00ed dotykov\u00fdch obrazovek PMMA a PC:<\/h3>\n<div class=\"horizontal-scroll-wrapper\">\n<div class=\"table-block-component\">\n<div class=\"table-block\">\n<div class=\"table-content not-end-of-paragraph\">\n<table style=\"height: 170px;\" width=\"612\" data-sourcepos=\"21:1-27:25\">\n<tbody>\n<tr data-sourcepos=\"21:1-21:23\">\n<th data-sourcepos=\"21:1-21:9\">Funkce<\/th>\n<th data-sourcepos=\"21:11-21:16\">PMMA<\/th>\n<th data-sourcepos=\"21:18-21:21\">PC<\/th>\n<\/tr>\n<tr data-sourcepos=\"23:1-23:40\">\n<td data-sourcepos=\"23:1-23:19\">Odolnost proti n\u00e1razu<\/td>\n<td data-sourcepos=\"23:21-23:26\">Dobr\u00fd<\/td>\n<td data-sourcepos=\"23:28-23:38\">Vynikaj\u00edc\u00ed<\/td>\n<\/tr>\n<tr data-sourcepos=\"24:1-24:45\">\n<td data-sourcepos=\"24:1-24:24\">Teplotn\u00ed odolnost<\/td>\n<td data-sourcepos=\"24:26-24:31\">Dobr\u00fd<\/td>\n<td data-sourcepos=\"24:33-24:43\">Vynikaj\u00edc\u00ed<\/td>\n<\/tr>\n<tr data-sourcepos=\"25:1-25:42\">\n<td data-sourcepos=\"25:1-25:21\">Chemick\u00e1 odolnost<\/td>\n<td data-sourcepos=\"25:23-25:28\">Dobr\u00fd<\/td>\n<td data-sourcepos=\"25:30-25:40\">Vynikaj\u00edc\u00ed<\/td>\n<\/tr>\n<tr data-sourcepos=\"26:1-26:38\">\n<td data-sourcepos=\"26:1-26:17\">Optick\u00e1 \u010distota<\/td>\n<td data-sourcepos=\"26:19-26:29\">Vynikaj\u00edc\u00ed<\/td>\n<td data-sourcepos=\"26:31-26:36\">Dobr\u00fd<\/td>\n<\/tr>\n<tr data-sourcepos=\"27:1-27:25\">\n<td data-sourcepos=\"27:1-27:6\">N\u00e1klady<\/td>\n<td data-sourcepos=\"27:8-27:14\">Doln\u00ed<\/td>\n<td data-sourcepos=\"27:16-27:23\">Vy\u0161\u0161\u00ed<\/td>\n<\/tr>\n<\/tbody>\n<\/table>\n<\/div>\n<\/div>\n<\/div>\n<\/div>","protected":false},"excerpt":{"rendered":"<p>Dal\u0161\u00ed obl\u00edbenou mo\u017enost\u00ed pro elektronick\u00e1 za\u0159\u00edzen\u00ed jsou dotykov\u00e9 obrazovky z PC (polykarbon\u00e1tu), kter\u00e9 nab\u00edzej\u00ed vynikaj\u00edc\u00ed trvanlivost a odolnost proti n\u00e1raz\u016fm. \u010casto se pou\u017e\u00edvaj\u00ed v aplikac\u00edch, kde je z\u00e1sadn\u00ed odolnost a robustnost.<\/p>\n<p>Z\u00e1v\u011brem lze \u0159\u00edci, \u017ee dotykov\u00e9 obrazovky z PMMA i PC maj\u00ed vynikaj\u00edc\u00ed v\u00fdkon a odolnost. Volba mezi t\u011bmito dv\u011bma materi\u00e1ly z\u00e1vis\u00ed na konkr\u00e9tn\u00edch po\u017eadavc\u00edch aplikace. PMMA je obecn\u011b cenov\u011b v\u00fdhodn\u011bj\u0161\u00ed a nab\u00edz\u00ed vynikaj\u00edc\u00ed optickou \u010distotu, zat\u00edmco PC je zn\u00e1m\u00fd svou v\u00fdjime\u010dnou odolnost\u00ed v\u016f\u010di n\u00e1raz\u016fm a teplot\u00e1m.<\/p>","protected":false},"featured_media":2180,"template":"","meta":[],"product_cat":[43],"product_tag":[],"_links":{"self":[{"href":"https:\/\/touchscreenmfg.com\/cs\/wp-json\/wp\/v2\/product\/2179"}],"collection":[{"href":"https:\/\/touchscreenmfg.com\/cs\/wp-json\/wp\/v2\/product"}],"about":[{"href":"https:\/\/touchscreenmfg.com\/cs\/wp-json\/wp\/v2\/types\/product"}],"wp:featuredmedia":[{"embeddable":true,"href":"https:\/\/touchscreenmfg.com\/cs\/wp-json\/wp\/v2\/media\/2180"}],"wp:attachment":[{"href":"https:\/\/touchscreenmfg.com\/cs\/wp-json\/wp\/v2\/media?parent=2179"}],"wp:term":[{"taxonomy":"product_cat","embeddable":true,"href":"https:\/\/touchscreenmfg.com\/cs\/wp-json\/wp\/v2\/product_cat?post=2179"},{"taxonomy":"product_tag","embeddable":true,"href":"https:\/\/touchscreenmfg.com\/cs\/wp-json\/wp\/v2\/product_tag?post=2179"}],"curies":[{"name":"wp","href":"https:\/\/api.w.org\/{rel}","templated":true}]}}