{"id":2177,"date":"2024-09-20T08:00:55","date_gmt":"2024-09-20T08:00:55","guid":{"rendered":"https:\/\/touchscreenmfg.com\/?post_type=product&#038;p=2177"},"modified":"2025-03-15T09:13:16","modified_gmt":"2025-03-15T09:13:16","slug":"pmma-touch-screen","status":"publish","type":"product","link":"https:\/\/touchscreenmfg.com\/cs\/pmma-touch-screen\/","title":{"rendered":"Dotykov\u00fd displej PMMA"},"content":{"rendered":"<h2>Dotykov\u00e9 obrazovky PMMA: Jasn\u00e1 a citliv\u00e1 volba<\/h2>\n<h3 data-sourcepos=\"5:1-5:38\">Hlavn\u00ed v\u00fdhody:<\/h3>\n<ul data-sourcepos=\"7:1-8:61\">\n<li data-sourcepos=\"7:1-7:108\">Vysok\u00e1 transparentnost: <a href=\"https:\/\/nylon-granules.com\/acrylic-sheet\/\" target=\"_blank\" rel=\"noopener\">PMMA<\/a> zaji\u0161\u0165uje vynikaj\u00edc\u00ed jasnost a viditelnost, co\u017e zaru\u010duje jasn\u00e9 a ostr\u00e9 zobrazen\u00ed.<\/li>\n<li data-sourcepos=\"8:1-8:61\">Lehk\u00e9: PMMA je relativn\u011b lehk\u00fd materi\u00e1l, kter\u00fd je vhodn\u00fd pro p\u0159enosn\u00e1 za\u0159\u00edzen\u00ed.<\/li>\n<li data-sourcepos=\"9:1-9:97\">Odolnost proti po\u0161kr\u00e1b\u00e1n\u00ed: PMMA nab\u00edz\u00ed dobrou odolnost proti po\u0161kr\u00e1b\u00e1n\u00ed a chr\u00e1n\u00ed obrazovku p\u0159ed po\u0161kozen\u00edm.<\/li>\n<li data-sourcepos=\"10:1-10:29\">Chemick\u00e1 odolnost: PMMA je odoln\u00fd v\u016f\u010di r\u016fzn\u00fdm chemik\u00e1li\u00edm, tak\u017ee je vhodn\u00fd pro pou\u017eit\u00ed v n\u00e1ro\u010dn\u00fdch podm\u00ednk\u00e1ch.<\/li>\n<li data-sourcepos=\"11:1-12:0\">N\u00e1kladov\u011b efektivn\u00ed: PMMA je obecn\u011b cenov\u011b v\u00fdhodn\u011bj\u0161\u00ed ne\u017e jin\u00e9 materi\u00e1ly, nap\u0159. sklo.<\/li>\n<\/ul>\n<h3 data-sourcepos=\"13:1-13:39\">Aplikace:<\/h3>\n<ul data-sourcepos=\"15:1-17:89\">\n<li data-sourcepos=\"15:1-15:170\">Chytr\u00e9 telefony a tablety: PMMA se b\u011b\u017en\u011b pou\u017e\u00edv\u00e1 v dotykov\u00fdch displej\u00edch chytr\u00fdch telefon\u016f a tablet\u016f d\u00edky kombinaci pr\u016fhlednosti, odolnosti a cenov\u00e9 v\u00fdhodnosti.<\/li>\n<li data-sourcepos=\"16:1-16:150\">Prodejn\u00ed syst\u00e9my (POS): Dotykov\u00e9 obrazovky PMMA se \u0161iroce pou\u017e\u00edvaj\u00ed v maloobchod\u011b a pohostinstv\u00ed pro interakci se z\u00e1kazn\u00edky a transakce.<\/li>\n<li data-sourcepos=\"17:1-17:89\">Pr\u016fmyslov\u00e1 automatizace: Dotykov\u00e9 obrazovky PMMA se pou\u017e\u00edvaj\u00ed v pr\u016fmyslov\u00fdch ovl\u00e1dac\u00edch panelech a stroj\u00edch pro zad\u00e1v\u00e1n\u00ed \u00fadaj\u016f obsluhou.<\/li>\n<li data-sourcepos=\"18:1-19:0\">Zdravotnick\u00e9 prost\u0159edky: Dotykov\u00e9 obrazovky z PMMA se pou\u017e\u00edvaj\u00ed v l\u00e9ka\u0159sk\u00fdch za\u0159\u00edzen\u00edch, jako jsou diagnostick\u00e9 p\u0159\u00edstroje a syst\u00e9my pro monitorov\u00e1n\u00ed pacient\u016f.<\/li>\n<\/ul>\n<h3 data-sourcepos=\"20:1-20:68\">P\u0159esto\u017ee PMMA nab\u00edz\u00ed mnoho v\u00fdhod, m\u00e1 tak\u00e9 n\u011bkter\u00e1 omezen\u00ed:<\/h3>\n<ul data-sourcepos=\"22:1-24:0\">\n<li data-sourcepos=\"22:1-22:86\">Tvrdost: PMMA nen\u00ed tak tvrd\u00fd jako sklo, tak\u017ee je n\u00e1chyln\u011bj\u0161\u00ed k po\u0161kr\u00e1b\u00e1n\u00ed.<\/li>\n<li data-sourcepos=\"23:1-24:0\">Teplotn\u00ed citlivost: PMMA m\u016f\u017ee b\u00fdt ovlivn\u011bn extr\u00e9mn\u00edmi teplotami, kter\u00e9 mohou ovlivnit jeho v\u00fdkon.<\/li>\n<\/ul>","protected":false},"excerpt":{"rendered":"<p data-sourcepos=\"3:1-3:93\">PMMA neboli polymetylmetakryl\u00e1t je obl\u00edben\u00fdm materi\u00e1lem pro dotykov\u00e9 obrazovky d\u00edky sv\u00fdm vynikaj\u00edc\u00edm optick\u00fdm vlastnostem a odolnosti. Dotykov\u00e9 obrazovky z PMMA nab\u00edzej\u00ed p\u0159ehledn\u00e9, citliv\u00e9 a cenov\u011b v\u00fdhodn\u00e9 \u0159e\u0161en\u00ed pro r\u016fzn\u00e1 elektronick\u00e1 za\u0159\u00edzen\u00ed.<\/p>\n<p data-sourcepos=\"3:1-3:93\">Celkov\u011b lze \u0159\u00edci, \u017ee dotykov\u00e9 obrazovky z PMMA p\u0159edstavuj\u00ed spolehliv\u00e9 a cenov\u011b v\u00fdhodn\u00e9 \u0159e\u0161en\u00ed pro \u0161irokou \u0161k\u00e1lu aplikac\u00ed. Kombinace jejich p\u0159ehlednosti, odolnosti a cenov\u00e9 dostupnosti z nich \u010din\u00ed obl\u00edbenou volbu v elektronick\u00e9m pr\u016fmyslu.<\/p>","protected":false},"featured_media":2178,"template":"","meta":[],"product_cat":[43],"product_tag":[],"_links":{"self":[{"href":"https:\/\/touchscreenmfg.com\/cs\/wp-json\/wp\/v2\/product\/2177"}],"collection":[{"href":"https:\/\/touchscreenmfg.com\/cs\/wp-json\/wp\/v2\/product"}],"about":[{"href":"https:\/\/touchscreenmfg.com\/cs\/wp-json\/wp\/v2\/types\/product"}],"wp:featuredmedia":[{"embeddable":true,"href":"https:\/\/touchscreenmfg.com\/cs\/wp-json\/wp\/v2\/media\/2178"}],"wp:attachment":[{"href":"https:\/\/touchscreenmfg.com\/cs\/wp-json\/wp\/v2\/media?parent=2177"}],"wp:term":[{"taxonomy":"product_cat","embeddable":true,"href":"https:\/\/touchscreenmfg.com\/cs\/wp-json\/wp\/v2\/product_cat?post=2177"},{"taxonomy":"product_tag","embeddable":true,"href":"https:\/\/touchscreenmfg.com\/cs\/wp-json\/wp\/v2\/product_tag?post=2177"}],"curies":[{"name":"wp","href":"https:\/\/api.w.org\/{rel}","templated":true}]}}