{"id":1877,"date":"2024-08-07T02:50:04","date_gmt":"2024-08-07T02:50:04","guid":{"rendered":"https:\/\/touchscreenmfg.com\/?post_type=product&#038;p=1877"},"modified":"2024-08-07T03:01:34","modified_gmt":"2024-08-07T03:01:34","slug":"controller-touch-switch","status":"publish","type":"product","link":"https:\/\/touchscreenmfg.com\/cs\/controller-touch-switch\/","title":{"rendered":"Dotykov\u00fd sp\u00edna\u010d ovlada\u010de"},"content":{"rendered":"<h3 class=\"\" data-sourcepos=\"11:1-11:45\">Aplikace<\/h3>\n<p data-sourcepos=\"13:1-13:71\">Dotykov\u00e9 sp\u00edna\u010de s \u0159\u00eddic\u00ed jednotkou nach\u00e1zej\u00ed uplatn\u011bn\u00ed v mnoha pr\u016fmyslov\u00fdch odv\u011btv\u00edch:<\/p>\n<ul data-sourcepos=\"15:1-20:0\">\n<li data-sourcepos=\"15:1-15:84\"><strong>Spot\u0159ebn\u00ed elektronika:<\/strong> Chytr\u00e9 telefony, tablety, chytr\u00e9 hodinky a hern\u00ed konzole.<\/li>\n<li data-sourcepos=\"16:1-16:88\"><strong>Automobilov\u00fd pr\u016fmysl:<\/strong> Informa\u010dn\u00ed a z\u00e1bavn\u00ed syst\u00e9my, panely klimatizace a p\u0159\u00edstrojov\u00e9 desky.<\/li>\n<li data-sourcepos=\"17:1-17:85\"><strong>Pr\u016fmyslov\u00e1 automatizace:<\/strong> ovl\u00e1dac\u00ed panely stroj\u016f, rozhran\u00ed \u010dlov\u011bk-stroj (HMI).<\/li>\n<li data-sourcepos=\"18:1-18:72\"><strong>Dom\u00e1c\u00ed spot\u0159ebi\u010de:<\/strong> Chytr\u00e9 trouby, chladni\u010dky a pra\u010dky.<\/li>\n<li data-sourcepos=\"19:1-20:0\"><strong>Zdravotnick\u00e9 vybaven\u00ed:<\/strong> Diagnostick\u00e9 p\u0159\u00edstroje, syst\u00e9my pro monitorov\u00e1n\u00ed pacient\u016f.<\/li>\n<\/ul>\n<h3 class=\"\" data-sourcepos=\"21:1-21:41\">V\u00fdhody<\/h3>\n<ul data-sourcepos=\"23:1-28:0\">\n<li data-sourcepos=\"23:1-23:81\"><strong>Intuitivn\u00ed u\u017eivatelsk\u00e9 rozhran\u00ed:<\/strong> Poskytuje p\u0159irozenou a u\u017eivatelsky p\u0159\u00edv\u011btivou interakci.<\/li>\n<li data-sourcepos=\"24:1-24:71\"><strong>Elegantn\u00ed design:<\/strong> P\u0159isp\u00edv\u00e1 k modern\u00edmu a estetick\u00e9mu designu v\u00fdrobk\u016f.<\/li>\n<li data-sourcepos=\"25:1-25:65\"><strong>Odolnost:<\/strong> Odolnost proti opot\u0159eben\u00ed zaji\u0161\u0165uje dlouhou \u017eivotnost.<\/li>\n<li data-sourcepos=\"26:1-26:83\"><strong>P\u0159izp\u016fsoben\u00ed:<\/strong> Lze je p\u0159izp\u016fsobit konkr\u00e9tn\u00edm aplikac\u00edm a preferenc\u00edm u\u017eivatel\u016f.<\/li>\n<li data-sourcepos=\"27:1-28:0\"><strong>Hygiena:<\/strong> V porovn\u00e1n\u00ed s fyzick\u00fdmi tla\u010d\u00edtky se snadn\u011bji \u010dist\u00ed.<\/li>\n<\/ul>","protected":false},"excerpt":{"rendered":"<p>Dotykov\u00fd ovlada\u010d je u\u017eivatelsk\u00e9 rozhran\u00ed, kter\u00e9 reaguje na dotykov\u00fd vstup a umo\u017e\u0148uje ovl\u00e1d\u00e1n\u00ed r\u016fzn\u00fdch za\u0159\u00edzen\u00ed a syst\u00e9m\u016f. Tato technologie zp\u016fsobila revoluci v interakci s elektronikou a nab\u00edz\u00ed bezprobl\u00e9mov\u00e9 a intuitivn\u00ed ovl\u00e1d\u00e1n\u00ed.<\/p>","protected":false},"featured_media":1878,"template":"","meta":[],"product_cat":[42],"product_tag":[],"_links":{"self":[{"href":"https:\/\/touchscreenmfg.com\/cs\/wp-json\/wp\/v2\/product\/1877"}],"collection":[{"href":"https:\/\/touchscreenmfg.com\/cs\/wp-json\/wp\/v2\/product"}],"about":[{"href":"https:\/\/touchscreenmfg.com\/cs\/wp-json\/wp\/v2\/types\/product"}],"wp:featuredmedia":[{"embeddable":true,"href":"https:\/\/touchscreenmfg.com\/cs\/wp-json\/wp\/v2\/media\/1878"}],"wp:attachment":[{"href":"https:\/\/touchscreenmfg.com\/cs\/wp-json\/wp\/v2\/media?parent=1877"}],"wp:term":[{"taxonomy":"product_cat","embeddable":true,"href":"https:\/\/touchscreenmfg.com\/cs\/wp-json\/wp\/v2\/product_cat?post=1877"},{"taxonomy":"product_tag","embeddable":true,"href":"https:\/\/touchscreenmfg.com\/cs\/wp-json\/wp\/v2\/product_tag?post=1877"}],"curies":[{"name":"wp","href":"https:\/\/api.w.org\/{rel}","templated":true}]}}