{"id":1871,"date":"2024-08-07T02:46:18","date_gmt":"2024-08-07T02:46:18","guid":{"rendered":"https:\/\/touchscreenmfg.com\/?post_type=product&#038;p=1871"},"modified":"2024-08-07T02:58:47","modified_gmt":"2024-08-07T02:58:47","slug":"car-light-touch-switch","status":"publish","type":"product","link":"https:\/\/touchscreenmfg.com\/cs\/car-light-touch-switch\/","title":{"rendered":"Dotykov\u00fd sp\u00edna\u010d sv\u011btel automobilu"},"content":{"rendered":"<h3><strong><b>V\u00fdhody dotykov\u00fdch sp\u00edna\u010d\u016f sv\u011btel do auta<\/b><\/strong><\/h3>\n<ul>\n<li><strong>Vylep\u0161en\u00e1 estetika:<\/strong>\u00a0Elegantn\u00ed a minimalistick\u00fd design p\u0159isp\u00edv\u00e1 k modern\u00edmu interi\u00e9ru vozu.<\/li>\n<li><strong>Vylep\u0161en\u00e1 pou\u017eitelnost:<\/strong>\u00a0Intuitivn\u00ed dotykov\u00e9 rozhran\u00ed sni\u017euje rozptylov\u00e1n\u00ed \u0159idi\u010de.<\/li>\n<li><strong>Odolnost:<\/strong>\u00a0Odolnost proti opot\u0159eben\u00ed zaji\u0161\u0165uje dlouhou \u017eivotnost.<\/li>\n<li><strong>P\u0159izp\u016fsoben\u00ed:<\/strong>\u00a0Lze naprogramovat r\u016fzn\u00e9 funkce a re\u017eimy osv\u011btlen\u00ed.<\/li>\n<li><strong>Hygiena:<\/strong>\u00a0V porovn\u00e1n\u00ed s fyzick\u00fdmi tla\u010d\u00edtky se snadn\u011bji \u010dist\u00ed.<\/li>\n<\/ul>\n<h3><strong><b>Typy dotykov\u00fdch sp\u00edna\u010d\u016f sv\u011btel automobil\u016f<\/b><\/strong><\/h3>\n<ul>\n<li><strong>Kapacitn\u00ed dotykov\u00e9 sp\u00edna\u010de:<\/strong>\u00a0Reaguj\u00ed na zm\u011bny kapacity zp\u016fsoben\u00e9 lidsk\u00fdm t\u011blem.<\/li>\n<li><strong>Odporov\u00e9 dotykov\u00e9 sp\u00edna\u010de:<\/strong>\u00a0Zji\u0161\u0165ov\u00e1n\u00ed zm\u011bn elektrick\u00e9ho odporu p\u0159i stla\u010den\u00ed.<\/li>\n<li><strong>Projek\u010dn\u00ed kapacitn\u00ed dotykov\u00e9 sp\u00edna\u010de:<\/strong>\u00a0Vy\u0161\u0161\u00ed citlivost a p\u0159esnost.<\/li>\n<\/ul>\n<h3><strong><b>Aplikace ve vozidlech<\/b><\/strong><\/h3>\n<p>Dotykov\u00e9 sp\u00edna\u010de automobilov\u00fdch sv\u011btel se b\u011b\u017en\u011b pou\u017e\u00edvaj\u00ed pro:<\/p>\n<ul>\n<li><strong>Ovl\u00e1d\u00e1n\u00ed sv\u011btlomet\u016f:<\/strong>\u00a0Nastaven\u00ed jasu, vzor\u016f paprsk\u016f a funkc\u00ed automatick\u00e9ho zapnut\u00ed\/vypnut\u00ed.<\/li>\n<li><strong>Vnit\u0159n\u00ed osv\u011btlen\u00ed:<\/strong>\u00a0Ovl\u00e1d\u00e1n\u00ed okoln\u00edho osv\u011btlen\u00ed, sv\u011btel na \u010dten\u00ed a n\u00e1ladov\u00e9ho osv\u011btlen\u00ed.<\/li>\n<li><strong>Ovl\u00e1dac\u00ed prvky na p\u0159\u00edstrojov\u00e9 desce:<\/strong>\u00a0Ovl\u00e1d\u00e1n\u00ed klimatizace, audiosyst\u00e9m\u016f a dal\u0161\u00edch funkc\u00ed vozidla.<\/li>\n<\/ul>","protected":false},"excerpt":{"rendered":"<h3 data-sourcepos=\"5:1-5:37\">Jak funguj\u00ed dotykov\u00e9 sp\u00edna\u010de sv\u011btel v aut\u011b<\/h3>\n<p data-sourcepos=\"7:1-7:243\"><span class=\"citation-1 recitation citation-end-1\">Lehk\u00e9 dotykov\u00e9 sp\u00edna\u010de do automobil\u016f obvykle vyu\u017e\u00edvaj\u00ed kapacitn\u00ed nebo odporovou technologii pro detekci dotyku prstu.<\/span> Kdy\u017e se prst dotkne povrchu sp\u00edna\u010de, dojde ke zm\u011bn\u011b kapacity nebo odporu, \u010d\u00edm\u017e se spust\u00ed po\u017eadovan\u00e1 funkce.<\/p>","protected":false},"featured_media":1872,"template":"","meta":[],"product_cat":[42],"product_tag":[],"_links":{"self":[{"href":"https:\/\/touchscreenmfg.com\/cs\/wp-json\/wp\/v2\/product\/1871"}],"collection":[{"href":"https:\/\/touchscreenmfg.com\/cs\/wp-json\/wp\/v2\/product"}],"about":[{"href":"https:\/\/touchscreenmfg.com\/cs\/wp-json\/wp\/v2\/types\/product"}],"wp:featuredmedia":[{"embeddable":true,"href":"https:\/\/touchscreenmfg.com\/cs\/wp-json\/wp\/v2\/media\/1872"}],"wp:attachment":[{"href":"https:\/\/touchscreenmfg.com\/cs\/wp-json\/wp\/v2\/media?parent=1871"}],"wp:term":[{"taxonomy":"product_cat","embeddable":true,"href":"https:\/\/touchscreenmfg.com\/cs\/wp-json\/wp\/v2\/product_cat?post=1871"},{"taxonomy":"product_tag","embeddable":true,"href":"https:\/\/touchscreenmfg.com\/cs\/wp-json\/wp\/v2\/product_tag?post=1871"}],"curies":[{"name":"wp","href":"https:\/\/api.w.org\/{rel}","templated":true}]}}